{"id":9528,"date":"2022-11-16T17:56:15","date_gmt":"2022-11-16T10:56:15","guid":{"rendered":"https:\/\/optex-asean.com\/?page_id=9528"},"modified":"2025-10-15T10:54:10","modified_gmt":"2025-10-15T03:54:10","slug":"term-of-use","status":"publish","type":"page","link":"https:\/\/optex-asean.com\/vi\/term-of-use\/","title":{"rendered":"\u0110i\u1ec1u kho\u1ea3n s\u1eed d\u1ee5ng"},"content":{"rendered":"<div class=\"wpb-content-wrapper\"><div class=\"vc_row wpb_row vc_row-fluid\">\n<div class=\"wpb_column vc_column_container vc_col-sm-12\">\n<div class=\"vc_column-inner\">\n<div class=\"wpb_wrapper\">\n<div class=\"wpb_text_column wpb_content_element \" >\n<div class=\"wpb_wrapper\">\n<p>Trang web n\u00e0y thu\u1ed9c s\u1edf h\u1eefu v\u00e0 \u0111i\u1ec1u h\u00e0nh c\u1ee7a OPTEX. N\u1ed9i dung c\u1ee7a trang web n\u00e0y s\u1ebd \u0111\u01b0\u1ee3c s\u1eeda \u0111\u1ed5i v\u00e0 x\u00f3a b\u1ecf m\u00e0 kh\u00f4ng c\u1ea7n th\u00f4ng b\u00e1o tr\u01b0\u1edbc.<\/p>\n<p>OPTEX kh\u00f4ng cam k\u1ebft s\u1ebd c\u1eadp nh\u1eadt ho\u1eb7c s\u1eeda \u0111\u1ed5i k\u1ecbp th\u1eddi v\u00e0 ph\u00f9 h\u1ee3p th\u00f4ng tin \u0111\u01b0\u1ee3c cung c\u1ea5p tr\u00ean trang web n\u00e0y. OPTEX kh\u00f4ng cam \u0111oan ho\u1eb7c \u0111\u1ea3m b\u1ea3o th\u00f4ng tin tr\u00ean server n\u00e0y. Trong m\u1ecdi tr\u01b0\u1eddng h\u1ee3p, OPTEX s\u1ebd kh\u00f4ng ch\u1ecbu tr\u00e1ch nhi\u1ec7m ph\u00e1p l\u00fd cho b\u1ea5t k\u1ef3 th\u00f4ng tin kh\u00f4ng ch\u00ednh x\u00e1c n\u00e0o tr\u00ean server n\u00e0y.<\/p>\n<p>B\u1ea1n kh\u00f4ng \u0111\u01b0\u1ee3c s\u1eed d\u1ee5ng (sao ch\u00e9p, s\u1eeda \u0111\u1ed5i, t\u00e1i t\u1ea1o to\u00e0n b\u1ed9 ho\u1eb7c m\u1ed9t ph\u1ea7n, t\u1ea3i l\u00ean, truy\u1ec1n t\u1ea3i, ph\u00e2n ph\u1ed1i, c\u1ea5p ph\u00e9p, b\u00e1n v\u00e0 xu\u1ea5t b\u1ea3n) b\u1ea5t k\u1ef3 t\u00e0i li\u1ec7u n\u00e0o khi kh\u00f4ng c\u00f3 s\u1ef1 cho ph\u00e9p c\u1ee7a OPTEX.<br \/>\nOPTEX kh\u00f4ng cam \u0111oan ho\u1eb7c \u0111\u1ea3m b\u1ea3o n\u1ed9i dung c\u1ee7a b\u1ea5t k\u1ef3 trang web n\u00e0o kh\u00e1c \u0111\u01b0\u1ee3c li\u00ean k\u1ebft v\u1edbi trang web n\u00e0y.<\/p>\n<p>M\u1ed7i ph\u1ea7n m\u1ec1m c\u00f3 th\u1ec3 t\u1ea3i xu\u1ed1ng t\u1eeb trang web n\u00e0y l\u00e0 t\u00e1c ph\u1ea9m c\u00f3 b\u1ea3n quy\u1ec1n thu\u1ed9c v\u1ec1 ch\u1ee7 s\u1edf h\u1eefu t\u01b0\u01a1ng \u1ee9ng. Vi\u1ec7c s\u1eed d\u1ee5ng Ph\u1ea7n m\u1ec1m s\u1ebd ph\u1ea3i tu\u00e2n theo c\u00e1c \u0111i\u1ec1u kho\u1ea3n v\u00e0 \u0111i\u1ec1u ki\u1ec7n c\u1ee7a t\u1eebng Th\u1ecfa thu\u1eadn C\u1ea5p ph\u00e9p Ph\u1ea7n m\u1ec1m.<\/p>\n<p>Trang web c\u1ee7a b\u00ean th\u1ee9 ba ho\u1eb7c b\u1ea5t k\u1ef3 trang web n\u00e0o kh\u00e1c \u0111\u01b0\u1ee3c ch\u1ea5p thu\u1eadn \u0111\u1ec3 li\u00ean k\u1ebft trang web n\u00e0y khi c\u00f3 s\u1ef1 cho ph\u00e9p c\u1ee7a OPTEX. Vui l\u00f2ng g\u1eedi email cho ch\u00fang t\u00f4i theo m\u1eabu d\u01b0\u1edbi \u0111\u00e2y tr\u01b0\u1edbc khi b\u1ea1n t\u1ea1o li\u00ean k\u1ebft \u0111\u1ebfn trang web n\u00e0y.<\/p>\n<p><a href=\"mailto:customer@optex.co.th\">B\u1ea5m v\u00e0o \u0111\u00e2y \u0111\u1ec3 nh\u1eadn m\u1eabu email<\/a><\/p>\n<\/p><\/div><\/div>\n<\/div>\n<\/div>\n<\/div>\n<\/div>\n<div class=\"vc_row wpb_row vc_row-fluid\">\n<div class=\"wpb_column vc_column_container vc_col-sm-12\">\n<div class=\"vc_column-inner\">\n<div class=\"wpb_wrapper\">\n<div class=\"wpb_text_column wpb_content_element \" >\n<div class=\"wpb_wrapper\">\n<p style=\"text-align: right;\">July 1st, 2016<br \/>\nOPTEX (THAILAND) CO., LTD.<\/p>\n<\/p><\/div><\/div>\n<\/div>\n<\/div>\n<\/div>\n<\/div>\n<\/div>","protected":false},"excerpt":{"rendered":"<p>Trang web n\u00e0y thu\u1ed9c s\u1edf h\u1eefu v\u00e0 \u0111i\u1ec1u h\u00e0nh c\u1ee7a OPTEX. N\u1ed9i dung c\u1ee7a trang web n\u00e0y s\u1ebd \u0111\u01b0\u1ee3c s\u1eeda \u0111\u1ed5i v\u00e0 x\u00f3a b\u1ecf m\u00e0 kh\u00f4ng c\u1ea7n th\u00f4ng b\u00e1o tr\u01b0\u1edbc. OPTEX kh\u00f4ng cam k\u1ebft s\u1ebd c\u1eadp nh\u1eadt ho\u1eb7c s\u1eeda \u0111\u1ed5i k\u1ecbp th\u1eddi v\u00e0 ph\u00f9 h\u1ee3p th\u00f4ng tin \u0111\u01b0\u1ee3c cung c\u1ea5p tr\u00ean trang web n\u00e0y. OPTEX&hellip;<\/p>\n","protected":false},"author":2,"featured_media":0,"parent":0,"menu_order":228,"comment_status":"closed","ping_status":"closed","template":"","meta":{"_acf_changed":false,"_locale":"vi","_original_post":"https:\/\/optex.co.th\/?page_id=319","footnotes":""},"class_list":["post-9528","page","type-page","status-publish","hentry","vi","description-off"],"acf":[],"aioseo_notices":[],"_links":{"self":[{"href":"https:\/\/optex-asean.com\/wp-json\/wp\/v2\/pages\/9528","targetHints":{"allow":["GET"]}}],"collection":[{"href":"https:\/\/optex-asean.com\/wp-json\/wp\/v2\/pages"}],"about":[{"href":"https:\/\/optex-asean.com\/wp-json\/wp\/v2\/types\/page"}],"author":[{"embeddable":true,"href":"https:\/\/optex-asean.com\/wp-json\/wp\/v2\/users\/2"}],"replies":[{"embeddable":true,"href":"https:\/\/optex-asean.com\/wp-json\/wp\/v2\/comments?post=9528"}],"version-history":[{"count":1,"href":"https:\/\/optex-asean.com\/wp-json\/wp\/v2\/pages\/9528\/revisions"}],"predecessor-version":[{"id":20145,"href":"https:\/\/optex-asean.com\/wp-json\/wp\/v2\/pages\/9528\/revisions\/20145"}],"wp:attachment":[{"href":"https:\/\/optex-asean.com\/wp-json\/wp\/v2\/media?parent=9528"}],"curies":[{"name":"wp","href":"https:\/\/api.w.org\/{rel}","templated":true}]}}