{"id":9526,"date":"2022-11-16T17:55:35","date_gmt":"2022-11-16T10:55:35","guid":{"rendered":"https:\/\/optex-asean.com\/?page_id=9526"},"modified":"2025-10-15T10:54:10","modified_gmt":"2025-10-15T03:54:10","slug":"site-map","status":"publish","type":"page","link":"https:\/\/optex-asean.com\/vi\/site-map\/","title":{"rendered":"S\u01a1 \u0111\u1ed3 trang web"},"content":{"rendered":"<div class=\"wpb-content-wrapper\"><div class=\"vc_row wpb_row vc_row-fluid\">\n<div class=\"wpb_column vc_column_container vc_col-sm-6\">\n<div class=\"vc_column-inner\">\n<div class=\"wpb_wrapper\">\n<div class=\"wpb_text_column wpb_content_element \">\n<div class=\"wpb_wrapper\">\n<ul class=\"sitemap\">\n<li><a href=\"https:\/\/optex-asean.com\/\">Home<\/a><\/li>\n<li><a role=\"menuitem\" href=\"https:\/\/optex-asean.com\/vi\/about-us\/\" data-level=\"1\"><span class=\"menu-item-text\"><span class=\"menu-text\">V\u1ec1 ch\u00fang t\u00f4i<\/span><\/span><\/a><\/li>\n<li><a role=\"menuitem\" href=\"https:\/\/optex-asean.com\/vi\/products\/\" data-level=\"1\"><span class=\"menu-item-text\"><span class=\"menu-text\">S\u1ea3n ph\u1ea9m<\/span><\/span><\/a>\n<ul class=\"subSitemap\">\n<li><a href=\"https:\/\/optex-asean.com\/vi\/security_sensor\/\">C\u1ea3m bi\u1ebfn v\u00e0 h\u1ec7 th\u1ed1ng an ninh<\/a><\/li>\n<li class=\"menu-item menu-item-type-post_type menu-item-object-page menu-item-9507\"><a href=\"https:\/\/optex-asean.com\/vi\/people_counting\/\">C\u1ea3m bi\u1ebfn \u0110\u1ebfm Ng\u01b0\u1eddi<\/a><\/li>\n<li><a href=\"https:\/\/optex-asean.com\/vi\/automatic_door\/\">C\u1ea3m bi\u1ebfn C\u1eeda T\u1ef1 \u0111\u1ed9ng<\/a><\/li>\n<li class=\"menu-item menu-item-type-post_type menu-item-object-page menu-item-9508\"><a href=\"https:\/\/optex-asean.com\/vi\/fa\/\">C\u1ea3m bi\u1ebfn t\u1ef1 \u0111\u1ed9ng h\u00f3a nh\u00e0 m\u00e1y<\/a><\/li>\n<li class=\"menu-item menu-item-type-post_type menu-item-object-page menu-item-9509\"><a href=\"https:\/\/optex-asean.com\/vi\/car_parking\/\">C\u1ea3m bi\u1ebfn B\u00e3i \u0111\u1eadu xe \u00f4 t\u00f4<\/a><\/li>\n<\/ul>\n<\/li>\n<\/ul>\n<\/div>\n<\/div>\n<\/div>\n<\/div>\n<\/div>\n<div class=\"wpb_column vc_column_container vc_col-sm-6\">\n<div class=\"vc_column-inner\">\n<div class=\"wpb_wrapper\">\n<div class=\"wpb_text_column wpb_content_element \">\n<div class=\"wpb_wrapper\">\n<ul class=\"sitemap\">\n<li><a role=\"menuitem\" href=\"https:\/\/optex-asean.com\/vi\/solutions\/\" data-level=\"1\"><span class=\"menu-item-text\"><span class=\"menu-text\">Gi\u1ea3i ph\u00e1p<\/span><\/span><\/a>\n<ul class=\"subSitemap\">\n<li><a href=\"https:\/\/optex-asean.com\/vi\/solutions\/house\">Nh\u00e0<\/a><\/li>\n<li><a href=\"https:\/\/optex-asean.com\/vi\/solutions\/factory-warehouse\/\">Nh\u00e0 m\u00e1y \/ Nh\u00e0 kho<\/a><\/li>\n<li><a href=\"https:\/\/optex-asean.com\/vi\/solutions\/bank\/\">Ng\u00e2n h\u00e0ng<\/a><\/li>\n<li><a href=\"https:\/\/optex-asean.com\/solutions\/airport\/\">S\u00e2n bay<\/a><\/li>\n<li><a href=\"https:\/\/optex-asean.com\/solutions\/powerplant-solar-power-station\/\">Nh\u00e0 m\u00e1y \u0111i\u1ec7n \/ Nh\u00e0 m\u00e1y \u0111i\u1ec7n m\u1eb7t tr\u1eddi<\/a><\/li>\n<li><a href=\"https:\/\/optex-asean.com\/solutions\/shop-office\/\">C\u1eeda h\u00e0ng \/ V\u0103n ph\u00f2ng<\/a><\/li>\n<li><a href=\"https:\/\/optex-asean.com\/solutions\/datacenter\/\">Trung t\u00e2m d\u1eef li\u1ec7u<\/a><\/li>\n<li><a href=\"https:\/\/optex-asean.com\/solutions\/museum\/\">B\u1ea3o t\u00e0ng<\/a><\/li>\n<li><a href=\"https:\/\/optex-asean.com\/solutions\/door_solution\/\">C\u1eeda t\u1ef1 \u0111\u1ed9ng<\/a><\/li>\n<li class=\"last-child\"><a href=\"https:\/\/optex-asean.com\/solutions\/fa\/\">T\u1ef1 \u0111\u1ed9ng h\u00f3a nh\u00e0 m\u00e1y<\/a><\/li>\n<\/ul>\n<\/li>\n<li class=\"menu-item menu-item-type-post_type menu-item-object-page menu-item-9501\"><a href=\"https:\/\/optex-asean.com\/vi\/news\/\">Tin t\u1ee9c &amp; Ho\u1ea1t \u0111\u1ed9ng<\/a><\/li>\n<li class=\"menu-item menu-item-type-post_type menu-item-object-page menu-item-9502\"><a href=\"https:\/\/optex-asean.com\/vi\/contact-us\/\">Li\u00ean h\u1ec7 v\u1edbi ch\u00fang t\u00f4i<\/a><\/li>\n<\/ul>\n<\/div>\n<\/div>\n<\/div>\n<\/div>\n<\/div>\n<\/div>\n<\/div>","protected":false},"excerpt":{"rendered":"<p>Home V\u1ec1 ch\u00fang t\u00f4i S\u1ea3n ph\u1ea9m C\u1ea3m bi\u1ebfn v\u00e0 h\u1ec7 th\u1ed1ng an ninh C\u1ea3m bi\u1ebfn \u0110\u1ebfm Ng\u01b0\u1eddi C\u1ea3m bi\u1ebfn C\u1eeda T\u1ef1 \u0111\u1ed9ng C\u1ea3m bi\u1ebfn t\u1ef1 \u0111\u1ed9ng h\u00f3a nh\u00e0 m\u00e1y C\u1ea3m bi\u1ebfn B\u00e3i \u0111\u1eadu xe \u00f4 t\u00f4 Gi\u1ea3i ph\u00e1p Nh\u00e0 Nh\u00e0 m\u00e1y \/ Nh\u00e0 kho Ng\u00e2n h\u00e0ng S\u00e2n bay Nh\u00e0 m\u00e1y \u0111i\u1ec7n \/ Nh\u00e0 m\u00e1y \u0111i\u1ec7n&hellip;<\/p>\n","protected":false},"author":2,"featured_media":0,"parent":0,"menu_order":214,"comment_status":"closed","ping_status":"closed","template":"","meta":{"_acf_changed":false,"_locale":"vi","_original_post":"https:\/\/optex.co.th\/?page_id=331","footnotes":""},"class_list":["post-9526","page","type-page","status-publish","hentry","vi","description-off"],"acf":[],"aioseo_notices":[],"_links":{"self":[{"href":"https:\/\/optex-asean.com\/wp-json\/wp\/v2\/pages\/9526","targetHints":{"allow":["GET"]}}],"collection":[{"href":"https:\/\/optex-asean.com\/wp-json\/wp\/v2\/pages"}],"about":[{"href":"https:\/\/optex-asean.com\/wp-json\/wp\/v2\/types\/page"}],"author":[{"embeddable":true,"href":"https:\/\/optex-asean.com\/wp-json\/wp\/v2\/users\/2"}],"replies":[{"embeddable":true,"href":"https:\/\/optex-asean.com\/wp-json\/wp\/v2\/comments?post=9526"}],"version-history":[{"count":1,"href":"https:\/\/optex-asean.com\/wp-json\/wp\/v2\/pages\/9526\/revisions"}],"predecessor-version":[{"id":20146,"href":"https:\/\/optex-asean.com\/wp-json\/wp\/v2\/pages\/9526\/revisions\/20146"}],"wp:attachment":[{"href":"https:\/\/optex-asean.com\/wp-json\/wp\/v2\/media?parent=9526"}],"curies":[{"name":"wp","href":"https:\/\/api.w.org\/{rel}","templated":true}]}}