{"id":9444,"date":"2022-11-15T16:25:39","date_gmt":"2022-11-15T09:25:39","guid":{"rendered":"https:\/\/optex-asean.com\/?page_id=9444"},"modified":"2025-10-15T10:54:10","modified_gmt":"2025-10-15T03:54:10","slug":"contact-us","status":"publish","type":"page","link":"https:\/\/optex-asean.com\/vi\/contact-us\/","title":{"rendered":"Li\u00ean h\u1ec7 v\u1edbi ch\u00fang t\u00f4i"},"content":{"rendered":"<div class=\"wpb-content-wrapper\"><p>[vc_row][vc_column]<div id=\"ultimate-heading-453369d4dcdb6e26e\" class=\"uvc-heading ult-adjust-bottom-margin ultimate-heading-453369d4dcdb6e26e uvc-2723  uvc-heading-default-font-sizes\" data-hspacer=\"no_spacer\"  data-halign=\"left\" style=\"text-align:left\"><div class=\"uvc-heading-spacer no_spacer\" style=\"top\"><\/div><div class=\"uvc-main-heading ult-responsive\"  data-ultimate-target='.uvc-heading.ultimate-heading-453369d4dcdb6e26e h2'  data-responsive-json-new='{\"font-size\":\"\",\"line-height\":\"\"}' ><h2 style=\"--font-weight:theme;color:#000000;\">B\u1ea5t k\u1ec3 b\u1ea1n \u0111ang g\u1eb7p ph\u1ea3i kh\u00f3 kh\u0103n g\u00ec, ch\u00fang t\u00f4i lu\u00f4n s\u1eb5n s\u00e0ng tr\u1ee3 gi\u00fap b\u1ea1n.<\/h2><\/div><div class=\"uvc-sub-heading ult-responsive\"  data-ultimate-target='.uvc-heading.ultimate-heading-453369d4dcdb6e26e .uvc-sub-heading '  data-responsive-json-new='{\"font-size\":\"\",\"line-height\":\"\"}'  style=\"font-weight:normal;\">Ch\u00fang t\u00f4i r\u1ea5t mong nh\u1eadn \u0111\u01b0\u1ee3c th\u1eafc m\u1eafc c\u1ee7a b\u1ea1n, ch\u1eb3ng h\u1ea1n nh\u01b0\u2026<\/p>\n<p>\u2013 Th\u00f4ng tin S\u1ea3n ph\u1ea9m\/D\u1ecbch v\u1ee5<\/p>\n<p>\u2013 T\u01b0 v\u1ea5n k\u1ef9 thu\u1eadt, L\u1ef1a ch\u1ecdn S\u1ea3n ph\u1ea9m<\/p>\n<p>\u2013 Y\u00eau c\u1ea7u v\u1ec1 T\u00e0i li\u1ec7u ho\u1eb7c Danh m\u1ee5c S\u1ea3n ph\u1ea9m<\/p>\n<p>\u2013 Cho thu\u00ea Thi\u1ebft b\u1ecb D\u00f9ng th\u1eed<\/p>\n<p>\u2013 Giao d\u1ecbch m\u1edbi (nh\u00e0 ph\u00e2n ph\u1ed1i ho\u1eb7c Ng\u01b0\u1eddi t\u00edch h\u01a1\u0323p H\u00ea\u0323 th\u1ed1ng)<\/p>\n<p>\u2013 B\u1ea3ng b\u00e1o gi\u00e1 \/ Gi\u00e1 c\u1ea3 (Vui l\u00f2ng ghi r\u00f5 t\u00ean model)<\/p>\n<p>Sau khi g\u1eedi bi\u1ec3u m\u1eabu li\u00ean h\u1ec7, b\u1ea1n s\u1ebd nh\u1eadn \u0111\u01b0\u1ee3c ph\u1ea3n h\u1ed3i t\u1eeb \u0111\u1ed9i ng\u0169 nh\u00e2n vi\u00ean v\u1edbi ki\u1ebfn th\u1ee9c chuy\u00ean m\u00f4n c\u1ee7a ch\u00fang t\u00f4i.<\/div><\/div>[vc_empty_space][vc_empty_space][vc_row_inner][vc_column_inner width=&#8221;1\/2&#8243;]<div id=\"ultimate-heading-362269d4dcdb6e304\" class=\"uvc-heading ult-adjust-bottom-margin ultimate-heading-362269d4dcdb6e304 uvc-6850 accent-border-color\" data-hspacer=\"no_spacer\"  data-halign=\"left\" style=\"text-align:left\"><div class=\"uvc-heading-spacer no_spacer\" style=\"top\"><\/div><div class=\"uvc-main-heading ult-responsive\"  data-ultimate-target='.uvc-heading.ultimate-heading-362269d4dcdb6e304 h1'  data-responsive-json-new='{\"font-size\":\"desktop:36px;\",\"line-height\":\"desktop:50px;\"}' ><h1 style=\"font-weight:bold;color:#000000;margin-bottom:20px;\">OPTEX (THAILAND) CO., LTD.<\/h1><\/div><\/div>[vc_column_text]90 CW Tower (Tower B) Unit B1702, 17 Floor,<br \/>\nRatchadaphisek Rd., Huai Khwang, Bangkok 10310<\/p>\n<p>\u0110i\u1ec7n tho\u1ea1i : 02-168-3162<br \/>\nFAX : 02-168-3163<br \/>\nTrang m\u1ea1ng :\u00a0<a href=\"https:\/\/optex-asean.com\/\" target=\"_blank\" rel=\"noopener noreferrer\">https:\/\/optex-asean.com\/<\/a><br \/>\nTrang web to\u00e0n c\u1ea7u :\u00a0<a href=\"https:\/\/www.optex.co.jp\/e\/\" target=\"_blank\" rel=\"noopener noreferrer\">https:\/\/www.optex.co.jp\/e\/<\/a>[\/vc_column_text][vc_empty_space][\/vc_column_inner][vc_column_inner width=&#8221;1\/2&#8243;]<div id=\"ultimate-heading-475269d4dcdb6e367\" class=\"uvc-heading ult-adjust-bottom-margin ultimate-heading-475269d4dcdb6e367 uvc-6174 accent-border-color\" data-hspacer=\"no_spacer\"  data-halign=\"left\" style=\"text-align:left\"><div class=\"uvc-heading-spacer no_spacer\" style=\"top\"><\/div><div class=\"uvc-main-heading ult-responsive\"  data-ultimate-target='.uvc-heading.ultimate-heading-475269d4dcdb6e367 h1'  data-responsive-json-new='{\"font-size\":\"desktop:36px;\",\"line-height\":\"desktop:50px;\"}' ><h1 style=\"font-weight:bold;color:#000000;margin-bottom:20px;\">Li\u00ean h\u1ec7 v\u1edbi ch\u00fang t\u00f4i<\/h1><\/div><\/div>\n<div class=\"wpcf7 no-js\" id=\"wpcf7-f9446-o1\" lang=\"en-US\" dir=\"ltr\" data-wpcf7-id=\"9446\">\n<div class=\"screen-reader-response\"><p role=\"status\" aria-live=\"polite\" aria-atomic=\"true\"><\/p> <ul><\/ul><\/div>\n<form action=\"\/vi\/wp-json\/wp\/v2\/pages\/9444#wpcf7-f9446-o1\" method=\"post\" class=\"wpcf7-form init\" aria-label=\"Contact form\" novalidate=\"novalidate\" data-status=\"init\">\n<fieldset class=\"hidden-fields-container\"><input type=\"hidden\" name=\"_wpcf7\" value=\"9446\" \/><input type=\"hidden\" name=\"_wpcf7_version\" value=\"6.1.5\" \/><input type=\"hidden\" name=\"_wpcf7_locale\" value=\"en_US\" \/><input type=\"hidden\" name=\"_wpcf7_unit_tag\" value=\"wpcf7-f9446-o1\" \/><input type=\"hidden\" name=\"_wpcf7_container_post\" value=\"0\" \/><input type=\"hidden\" name=\"_wpcf7_posted_data_hash\" value=\"\" \/><input type=\"hidden\" name=\"_wpcf7_recaptcha_response\" value=\"\" \/>\n<\/fieldset>\n<p class=\"boxBusiness\"><label>Lo\u1ea1i h\u00ecnh doanh nghi\u1ec7p c\u1ee7a b\u1ea1n<br \/>\n<span class=\"wpcf7-form-control-wrap\" data-name=\"menu-323\"><select class=\"wpcf7-form-control wpcf7-select\" aria-invalid=\"false\" name=\"menu-323\"><option value=\"Please Select\">Please Select<\/option><option value=\"Manufacturer\">Manufacturer<\/option><option value=\"Whole Saler\">Whole Saler<\/option><option value=\"System Integrator\">System Integrator<\/option><option value=\"Installer\">Installer<\/option><option value=\"Enduser\">Enduser<\/option><option value=\"Others\">Others<\/option><\/select><\/span><\/label><label>S\u1ea3n ph\u1ea9m<br \/>\n<span class=\"wpcf7-form-control-wrap\" data-name=\"product-in\"><select class=\"wpcf7-form-control wpcf7-select\" aria-invalid=\"false\" name=\"product-in\"><option value=\"Please Select\">Please Select<\/option><option value=\"Security sensor and system\">Security sensor and system<\/option><option value=\"Factory Automation sensor\">Factory Automation sensor<\/option><option value=\"People counting sensor\">People counting sensor<\/option><option value=\"Automatic door sensor\">Automatic door sensor<\/option><option value=\"Car parking sensor\">Car parking sensor<\/option><option value=\"Others\">Others<\/option><\/select><\/span><\/label>\n<\/p>\n<p class=\"boxInfo\"><label> T\u00ean c\u1ee7a b\u1ea1n (b\u1eaft bu\u1ed9c)<br \/>\n<span class=\"wpcf7-form-control-wrap\" data-name=\"your-name\"><input size=\"40\" maxlength=\"400\" class=\"wpcf7-form-control wpcf7-text wpcf7-validates-as-required\" aria-required=\"true\" aria-invalid=\"false\" value=\"\" type=\"text\" name=\"your-name\" \/><\/span> <\/label><label> Qu\u1ed1c gia\/Khu v\u1ef1c<br \/>\n<span class=\"wpcf7-form-control-wrap\" data-name=\"country\"><input size=\"40\" maxlength=\"400\" class=\"wpcf7-form-control wpcf7-text\" aria-invalid=\"false\" value=\"\" type=\"text\" name=\"country\" \/><\/span> <\/label><label> \u0111i\u0323a chi\u0309 email (b\u1eaft bu\u1ed9c)<br \/>\n<span class=\"wpcf7-form-control-wrap\" data-name=\"your-email\"><input size=\"40\" maxlength=\"400\" class=\"wpcf7-form-control wpcf7-email wpcf7-validates-as-required wpcf7-text wpcf7-validates-as-email\" aria-required=\"true\" aria-invalid=\"false\" value=\"\" type=\"email\" name=\"your-email\" \/><\/span> <\/label><label> S\u1ed1 \u0111i\u1ec7n tho\u1ea1i (b\u1eaft bu\u1ed9c)<br \/>\n<span class=\"wpcf7-form-control-wrap\" data-name=\"tel\"><input size=\"40\" maxlength=\"400\" class=\"wpcf7-form-control wpcf7-tel wpcf7-validates-as-required wpcf7-text wpcf7-validates-as-tel\" aria-required=\"true\" aria-invalid=\"false\" value=\"\" type=\"tel\" name=\"tel\" \/><\/span> <\/label>\n<\/p>\n<p class=\"boxSubject\"><label> Ti\u00eau \u0111\u1ec1<br \/>\n<span class=\"wpcf7-form-control-wrap\" data-name=\"subject\"><input size=\"40\" maxlength=\"400\" class=\"wpcf7-form-control wpcf7-text\" aria-invalid=\"false\" value=\"\" type=\"text\" name=\"subject\" \/><\/span><\/label>\n<\/p>\n<p class=\"boxMessage\"><label> N\u1ed9i dung<br \/>\n<span class=\"wpcf7-form-control-wrap\" data-name=\"your-message\"><textarea cols=\"40\" rows=\"10\" maxlength=\"2000\" class=\"wpcf7-form-control wpcf7-textarea\" aria-invalid=\"false\" name=\"your-message\"><\/textarea><\/span> <\/label>\n<\/p>\n<p>Vui l\u00f2ng \u0111\u00e1nh d\u1ea5u v\u00e0o \u00f4 b\u00ean d\u01b0\u1edbi tr\u01b0\u1edbc khi nh\u1ea5p v\u00e0o n\u00fat \"SUBMIT\".\n<\/p>\n<p style=\"background-color: #EDF7FF; padding: 0 10px;\"><input type=\"checkbox\" id=\"accept\" name=\"accept\" value=\"\" onchange=\"return validate()\" \/><label for=\"accept\">T\u00f4i \u0111\u1ed3ng \u00fd <a href=\"https:\/\/optex-asean.com\/vi\/privacy-policy\/\">Ch\u00ednh s\u00e1ch B\u1ea3o m\u1eadt & Ch\u00ednh s\u00e1ch Cookie<\/a><\/label>\n<\/p>\n<p class=\"boxButton\" onclick=\"gtag('event','click_contact_button')\"><input class=\"wpcf7-form-control wpcf7-submit has-spinner\" id=\"submit\" type=\"submit\" value=\"SUBMIT\" \/>\n<\/p>\n<p class=\"recaptcha_policy\">This site is protected by reCAPTCHA and the Google<a href=\"https:\/\/policies.google.com\/privacy\" target=\"_blank\">Privacy Policy<\/a> and <a href=\"https:\/\/policies.google.com\/terms\" target=\"_blank\">Terms of Service<\/a> apply.\n<\/p>\n<style>\n#submit {\n background-color: gray;\n color: white;\n}\n#submit:hover {\n background: gray !important;\n box-shadow: none;\n}\n<\/style>\n<p><script type=\"text\/javascript\">\ndocument.getElementById(\"submit\").disabled = true;\nfunction validate() {\n if (document.getElementById('accept').checked) {\n document.getElementById(\"submit\").disabled = false;\n document.getElementById(\"submit\").style.backgroundColor = \"#0055AA\";\n document.getElementById(\"submit\").style.boxShadow = \"0 5px 11px 0 rgb(0 0 0 \/ 18%)\";\n \/\/alert(\"checked\");\n } else {\n \/\/alert(\"You didn't check it! Let me check it for you.\");\n document.getElementById(\"submit\").disabled = true;\n document.getElementById(\"submit\").style.backgroundColor = \"gray\";\n document.getElementById(\"submit\").style.boxShadow = \"none\";\n }\n} \n<\/script>\n<\/p>\n<p><script>\ndocument.addEventListener( 'wpcf7mailsent', function( event ) {\n location = 'https:\/\/optex-asean.com\/vi\/thank-you\/';\n}, false );\n<\/script>\n<\/p><div class=\"wpcf7-response-output\" aria-hidden=\"true\"><\/div>\n<\/form>\n<\/div>\n[\/vc_column_inner][\/vc_row_inner][vc_gmaps link=&#8221;#E-8_JTNDaWZyYW1lJTIwc3R5bGUlM0QlMjJib3JkZXIlM0ElMjAwJTNCJTIyJTIwdGFiaW5kZXglM0QlMjIwJTIyJTIwc3JjJTNEJTIyaHR0cHMlM0ElMkYlMkZ3d3cuZ29vZ2xlLmNvbSUyRm1hcHMlMkZlbWJlZCUzRnBiJTNEJTIxMW0xOCUyMTFtMTIlMjExbTMlMjExZDM4NzUuMTU1NDU1NzQxMTg4JTIxMmQxMDAuNTcxNDgxMzE1NTgxNDQlMjEzZDEzLjc2OTQ5NzIwMDU5MTIzOSUyMTJtMyUyMTFmMCUyMTJmMCUyMTNmMCUyMTNtMiUyMTFpMTAyNCUyMTJpNzY4JTIxNGYxMy4xJTIxM20zJTIxMW0yJTIxMXMweDMwZTI5ZTg3OWE1MDE2NTMlMjUzQTB4ZTE3NDdhN2YwMmYxMjk4NSUyMTJzT3B0ZXglMjUyMCUyOFRoYWlsYW5kJTI5JTI1MjBDby4lMjUyQyUyNTIwTHRkLiUyMTVlMCUyMTNtMiUyMTFzZW4lMjEyc2pwJTIxNHYxNjgxMjU4NzQ5MjkzJTIxNW0yJTIxMXNlbiUyMTJzanAlMjIlMjB3aWR0aCUzRCUyMjYwMCUyMiUyMGhlaWdodCUzRCUyMjQ1MCUyMiUyMGZyYW1lYm9yZGVyJTNEJTIyMCUyMiUyMGFsbG93ZnVsbHNjcmVlbiUzRCUyMmFsbG93ZnVsbHNjcmVlbiUyMiUyMGFyaWEtaGlkZGVuJTNEJTIyZmFsc2UlMjIlM0UlM0MlMkZpZnJhbWUlM0U=&#8221;][\/vc_column][\/vc_row]<\/p>\n<\/div>","protected":false},"excerpt":{"rendered":"<p>[vc_row][vc_column][vc_empty_space][vc_empty_space][vc_row_inner][vc_column_inner width=&#8221;1\/2&#8243;][vc_column_text]90 CW Tower (Tower B) Unit B1702, 17 Floor, Ratchadaphisek Rd., Huai Khwang, Bangkok 10310 \u0110i\u1ec7n tho\u1ea1i : 02-168-3162 FAX : 02-168-3163 Trang m\u1ea1ng :\u00a0https:\/\/optex-asean.com\/ Trang web to\u00e0n c\u1ea7u :\u00a0https:\/\/www.optex.co.jp\/e\/[\/vc_column_text][vc_empty_space][\/vc_column_inner][vc_column_inner width=&#8221;1\/2&#8243;][\/vc_column_inner][\/vc_row_inner][vc_gmaps link=&#8221;#E-8_JTNDaWZyYW1lJTIwc3R5bGUlM0QlMjJib3JkZXIlM0ElMjAwJTNCJTIyJTIwdGFiaW5kZXglM0QlMjIwJTIyJTIwc3JjJTNEJTIyaHR0cHMlM0ElMkYlMkZ3d3cuZ29vZ2xlLmNvbSUyRm1hcHMlMkZlbWJlZCUzRnBiJTNEJTIxMW0xOCUyMTFtMTIlMjExbTMlMjExZDM4NzUuMTU1NDU1NzQxMTg4JTIxMmQxMDAuNTcxNDgxMzE1NTgxNDQlMjEzZDEzLjc2OTQ5NzIwMDU5MTIzOSUyMTJtMyUyMTFmMCUyMTJmMCUyMTNmMCUyMTNtMiUyMTFpMTAyNCUyMTJpNzY4JTIxNGYxMy4xJTIxM20zJTIxMW0yJTIxMXMweDMwZTI5ZTg3OWE1MDE2NTMlMjUzQTB4ZTE3NDdhN2YwMmYxMjk4NSUyMTJzT3B0ZXglMjUyMCUyOFRoYWlsYW5kJTI5JTI1MjBDby4lMjUyQyUyNTIwTHRkLiUyMTVlMCUyMTNtMiUyMTFzZW4lMjEyc2pwJTIxNHYxNjgxMjU4NzQ5MjkzJTIxNW0yJTIxMXNlbiUyMTJzanAlMjIlMjB3aWR0aCUzRCUyMjYwMCUyMiUyMGhlaWdodCUzRCUyMjQ1MCUyMiUyMGZyYW1lYm9yZGVyJTNEJTIyMCUyMiUyMGFsbG93ZnVsbHNjcmVlbiUzRCUyMmFsbG93ZnVsbHNjcmVlbiUyMiUyMGFyaWEtaGlkZGVuJTNEJTIyZmFsc2UlMjIlM0UlM0MlMkZpZnJhbWUlM0U=&#8221;][\/vc_column][\/vc_row]<\/p>\n","protected":false},"author":2,"featured_media":0,"parent":0,"menu_order":210,"comment_status":"closed","ping_status":"closed","template":"","meta":{"_acf_changed":false,"_locale":"vi","_original_post":"http:\/\/daichi.co.th\/optex\/?page_id=132","footnotes":""},"class_list":["post-9444","page","type-page","status-publish","hentry","vi","description-off"],"acf":[],"aioseo_notices":[],"_links":{"self":[{"href":"https:\/\/optex-asean.com\/wp-json\/wp\/v2\/pages\/9444","targetHints":{"allow":["GET"]}}],"collection":[{"href":"https:\/\/optex-asean.com\/wp-json\/wp\/v2\/pages"}],"about":[{"href":"https:\/\/optex-asean.com\/wp-json\/wp\/v2\/types\/page"}],"author":[{"embeddable":true,"href":"https:\/\/optex-asean.com\/wp-json\/wp\/v2\/users\/2"}],"replies":[{"embeddable":true,"href":"https:\/\/optex-asean.com\/wp-json\/wp\/v2\/comments?post=9444"}],"version-history":[{"count":1,"href":"https:\/\/optex-asean.com\/wp-json\/wp\/v2\/pages\/9444\/revisions"}],"predecessor-version":[{"id":20148,"href":"https:\/\/optex-asean.com\/wp-json\/wp\/v2\/pages\/9444\/revisions\/20148"}],"wp:attachment":[{"href":"https:\/\/optex-asean.com\/wp-json\/wp\/v2\/media?parent=9444"}],"curies":[{"name":"wp","href":"https:\/\/api.w.org\/{rel}","templated":true}]}}