{"id":9439,"date":"2022-11-15T16:13:50","date_gmt":"2022-11-15T09:13:50","guid":{"rendered":"https:\/\/optex-asean.com\/?page_id=9439"},"modified":"2025-10-15T10:54:10","modified_gmt":"2025-10-15T03:54:10","slug":"fa","status":"publish","type":"page","link":"https:\/\/optex-asean.com\/vi\/solutions\/fa\/","title":{"rendered":"Gi\u1ea3i ph\u00e1p cho H\u1ec7 th\u1ed1ng T\u1ef1 \u0111\u1ed9ng h\u00f3a Nh\u00e0 m\u00e1y"},"content":{"rendered":"<div class=\"wpb-content-wrapper\"><p>[vc_row full_width=&#8221;stretch_row&#8221; bg_type=&#8221;image&#8221; parallax_style=&#8221;vcpb-default&#8221; bg_image_new=&#8221;id^2936|url^https:\/\/optex-asean.com\/wp-content\/uploads\/2020\/10\/banner-fa_275x155..jpg|caption^null|alt^null|title^banner-fa_275x155.|description^null&#8221; bg_image_repeat=&#8221;no-repeat&#8221; bg_override=&#8221;full&#8221; css=&#8221;.vc_custom_1604206947882{margin-bottom: 40px !important;padding-top: 180px !important;padding-bottom: 180px !important;}&#8221;][vc_column]<div id=\"ultimate-heading-737469cffa1ddf2c3\" class=\"uvc-heading ult-adjust-bottom-margin ultimate-heading-737469cffa1ddf2c3 uvc-3711 accent-border-color\" data-hspacer=\"no_spacer\"  data-halign=\"center\" style=\"text-align:center\"><div class=\"uvc-heading-spacer no_spacer\" style=\"top\"><\/div><div class=\"uvc-main-heading ult-responsive\"  data-ultimate-target='.uvc-heading.ultimate-heading-737469cffa1ddf2c3 h1'  data-responsive-json-new='{\"font-size\":\"desktop:36px;\",\"line-height\":\"desktop:50px;\"}' ><h1 style=\"font-weight:bold;color:#ffffff;margin-bottom:20px;\">Gi\u1ea3i ph\u00e1p cho H\u1ec7 th\u1ed1ng T\u1ef1 \u0111\u1ed9ng h\u00f3a Nh\u00e0 m\u00e1y<\/h1><\/div><\/div><style type=\"text\/css\" data-type=\"the7_shortcodes-inline-css\">.dt-breadcrumbs-id-9ea968bfc816b9b647aa0075e3f6911c .breadcrumbs {\n  display: inline-block;\n  margin: 0;\n  padding: 2px 10px 2px 10px;\n  background: rgba(242,242,242,0.7);\n  border: 0px solid ;\n  border-radius: 0px;\n}\n.dt-breadcrumbs-id-9ea968bfc816b9b647aa0075e3f6911c .breadcrumbs * {\n  font-size: 18px;\n  line-height: 30px;\n  color: #757272;\n}<\/style><div class=\"dt-breadcrumbs-shortcode dt-breadcrumbs-id-9ea968bfc816b9b647aa0075e3f6911c align-centre\"><div class=\"assistive-text\">You are here:<\/div><ol class=\"breadcrumbs text-small\" itemscope itemtype=\"https:\/\/schema.org\/BreadcrumbList\"><li itemprop=\"itemListElement\" itemscope itemtype=\"https:\/\/schema.org\/ListItem\"><a itemprop=\"item\" href=\"https:\/\/optex-asean.com\/\" title=\"Home\"><span itemprop=\"name\">Home<\/span><\/a><meta itemprop=\"position\" content=\"1\" \/><\/li><li class=\"current\" itemprop=\"itemListElement\" itemscope itemtype=\"https:\/\/schema.org\/ListItem\"><span itemprop=\"name\">Trang<\/span><meta itemprop=\"position\" content=\"2\" \/><\/li><\/ol><\/div>[\/vc_column][\/vc_row][vc_row css=&#8221;.vc_custom_1601637123882{margin-bottom: 40px !important;}&#8221;][vc_column]<style type=\"text\/css\" data-type=\"the7_shortcodes-inline-css\">#default-btn-154c33e15c163a34e0fbc7a5f39ae096.ico-right-side > i {\n  margin-right: 0px;\n  margin-left: 8px;\n}\n#default-btn-154c33e15c163a34e0fbc7a5f39ae096 > i {\n  margin-right: 8px;\n}<\/style><a href=\"https:\/\/optex-asean.com\/vi\/solutions\/\" class=\"default-btn-shortcode dt-btn dt-btn-s link-hover-off menu_product btn-inline-left  vc_custom_1675851213416\" id=\"default-btn-154c33e15c163a34e0fbc7a5f39ae096\"><span>Gi\u1ea3i ph\u00e1p<\/span><\/a><style type=\"text\/css\" data-type=\"the7_shortcodes-inline-css\">#default-btn-8826bc38e2692be3312b611141f45d0b.ico-right-side > i {\n  margin-right: 0px;\n  margin-left: 8px;\n}\n#default-btn-8826bc38e2692be3312b611141f45d0b > i {\n  margin-right: 8px;\n}<\/style><a href=\"https:\/\/optex-asean.com\/vi\/solutions\/house\" class=\"default-btn-shortcode dt-btn dt-btn-s link-hover-off menu_product btn-inline-left  vc_custom_1675851226036\" id=\"default-btn-8826bc38e2692be3312b611141f45d0b\"><span>Nh\u00e0<\/span><\/a><style type=\"text\/css\" data-type=\"the7_shortcodes-inline-css\">#default-btn-199530df4460ea7dbf19125fcd0e52e5.ico-right-side > i {\n  margin-right: 0px;\n  margin-left: 8px;\n}\n#default-btn-199530df4460ea7dbf19125fcd0e52e5 > i {\n  margin-right: 8px;\n}<\/style><a href=\"https:\/\/optex-asean.com\/vi\/solutions\/factory-warehouse\/\" class=\"default-btn-shortcode dt-btn dt-btn-s link-hover-off menu_product btn-inline-left  vc_custom_1675851239259\" id=\"default-btn-199530df4460ea7dbf19125fcd0e52e5\"><span>Nh\u00e0 m\u00e1y \/ Nh\u00e0 kho<\/span><\/a><style type=\"text\/css\" data-type=\"the7_shortcodes-inline-css\">#default-btn-b5cf16aedde56646489bdfdedb707d88.ico-right-side > i {\n  margin-right: 0px;\n  margin-left: 8px;\n}\n#default-btn-b5cf16aedde56646489bdfdedb707d88 > i {\n  margin-right: 8px;\n}<\/style><a href=\"https:\/\/optex-asean.com\/vi\/solutions\/bank\/\" class=\"default-btn-shortcode dt-btn dt-btn-s link-hover-off menu_product btn-inline-left  vc_custom_1675851257077\" id=\"default-btn-b5cf16aedde56646489bdfdedb707d88\"><span>Ng\u00e2n h\u00e0ng<\/span><\/a><style type=\"text\/css\" data-type=\"the7_shortcodes-inline-css\">#default-btn-846164b731a51749c09e140b637fe5b3.ico-right-side > i {\n  margin-right: 0px;\n  margin-left: 8px;\n}\n#default-btn-846164b731a51749c09e140b637fe5b3 > i {\n  margin-right: 8px;\n}<\/style><a href=\"https:\/\/optex-asean.com\/vi\/solutions\/airport\/\" class=\"default-btn-shortcode dt-btn dt-btn-s link-hover-off menu_product btn-inline-left  vc_custom_1675851296230\" id=\"default-btn-846164b731a51749c09e140b637fe5b3\"><span>S\u00e2n bay<\/span><\/a><style type=\"text\/css\" data-type=\"the7_shortcodes-inline-css\">#default-btn-38d969053b587f8a09b4561fce5eb00f.ico-right-side > i {\n  margin-right: 0px;\n  margin-left: 8px;\n}\n#default-btn-38d969053b587f8a09b4561fce5eb00f > i {\n  margin-right: 8px;\n}<\/style><a href=\"https:\/\/optex-asean.com\/vi\/solutions\/powerplant-solar-power-station\/\" class=\"default-btn-shortcode dt-btn dt-btn-s link-hover-off menu_product btn-inline-left  vc_custom_1675851325114\" id=\"default-btn-38d969053b587f8a09b4561fce5eb00f\"><span>Nh\u00e0 m\u00e1y \u0111i\u1ec7n \/ Nh\u00e0 m\u00e1y \u0111i\u1ec7n m\u1eb7t tr\u1eddi<\/span><\/a><style type=\"text\/css\" data-type=\"the7_shortcodes-inline-css\">#default-btn-e56ac4b5d1d107cf399dd2f685b2332f.ico-right-side > i {\n  margin-right: 0px;\n  margin-left: 8px;\n}\n#default-btn-e56ac4b5d1d107cf399dd2f685b2332f > i {\n  margin-right: 8px;\n}<\/style><a href=\"https:\/\/optex-asean.com\/vi\/solutions\/shop-office\/\" class=\"default-btn-shortcode dt-btn dt-btn-s link-hover-off menu_product btn-inline-left  vc_custom_1675851350381\" id=\"default-btn-e56ac4b5d1d107cf399dd2f685b2332f\"><span>C\u1eeda h\u00e0ng \/ V\u0103n ph\u00f2ng<\/span><\/a><style type=\"text\/css\" data-type=\"the7_shortcodes-inline-css\">#default-btn-d79b744b92dd80f884f1faafe5a3b852.ico-right-side > i {\n  margin-right: 0px;\n  margin-left: 8px;\n}\n#default-btn-d79b744b92dd80f884f1faafe5a3b852 > i {\n  margin-right: 8px;\n}<\/style><a href=\"https:\/\/optex-asean.com\/vi\/solutions\/datacenter\/\" class=\"default-btn-shortcode dt-btn dt-btn-s link-hover-off menu_product btn-inline-left  vc_custom_1675851366041\" id=\"default-btn-d79b744b92dd80f884f1faafe5a3b852\"><span>Trung t\u00e2m d\u1eef li\u1ec7u<\/span><\/a><style type=\"text\/css\" data-type=\"the7_shortcodes-inline-css\">#default-btn-d713d6eb0c0cca6f1b176d03004f5459.ico-right-side > i {\n  margin-right: 0px;\n  margin-left: 8px;\n}\n#default-btn-d713d6eb0c0cca6f1b176d03004f5459 > i {\n  margin-right: 8px;\n}<\/style><a href=\"https:\/\/optex-asean.com\/vi\/solutions\/museum\/\" class=\"default-btn-shortcode dt-btn dt-btn-s link-hover-off menu_product btn-inline-left  vc_custom_1675851417455\" id=\"default-btn-d713d6eb0c0cca6f1b176d03004f5459\"><span>B\u1ea3o t\u00e0ng<\/span><\/a><style type=\"text\/css\" data-type=\"the7_shortcodes-inline-css\">#default-btn-5c6f2759c1d096b9b087fe89c0086db6.ico-right-side > i {\n  margin-right: 0px;\n  margin-left: 8px;\n}\n#default-btn-5c6f2759c1d096b9b087fe89c0086db6 > i {\n  margin-right: 8px;\n}<\/style><a href=\"https:\/\/optex-asean.com\/vi\/solutions\/door_solution\/\" class=\"default-btn-shortcode dt-btn dt-btn-s link-hover-off menu_product btn-inline-left  vc_custom_1675851437725\" id=\"default-btn-5c6f2759c1d096b9b087fe89c0086db6\"><span>C\u1eeda t\u1ef1 \u0111\u1ed9ng<\/span><\/a><style type=\"text\/css\" data-type=\"the7_shortcodes-inline-css\">#default-btn-71d44d396ec4dcb4c8351dbd3d43cf69.ico-right-side > i {\n  margin-right: 0px;\n  margin-left: 1px;\n}\n#default-btn-71d44d396ec4dcb4c8351dbd3d43cf69 > i {\n  margin-right: 1px;\n}<\/style><a href=\"https:\/\/optex-asean.com\/vi\/solutions\/fa\/\" class=\"default-btn-shortcode dt-btn dt-btn-s link-hover-off menu_product btn-inline-left  vc_custom_1675851451835\" id=\"default-btn-71d44d396ec4dcb4c8351dbd3d43cf69\"><i class=\"dt-icon-the7-arrow-552\"><\/i><span>T\u1ef1 \u0111\u1ed9ng h\u00f3a nh\u00e0 m\u00e1y<\/span><\/a>[vc_separator][\/vc_column][\/vc_row][vc_row css=&#8221;.vc_custom_1604840633246{margin-top: 20px !important;margin-bottom: 40px !important;}&#8221;][vc_column]<div id=\"ultimate-heading-340069cffa1de2e29\" class=\"uvc-heading ult-adjust-bottom-margin ultimate-heading-340069cffa1de2e29 uvc-1439 accent-border-color\" data-hspacer=\"no_spacer\"  data-halign=\"left\" style=\"text-align:left\"><div class=\"uvc-heading-spacer no_spacer\" style=\"top\"><\/div><div class=\"uvc-main-heading ult-responsive\"  data-ultimate-target='.uvc-heading.ultimate-heading-340069cffa1de2e29 h2'  data-responsive-json-new='{\"font-size\":\"desktop:28px;\",\"line-height\":\"desktop:36px;\"}' ><h2 style=\"font-weight:bold;margin-bottom:15px;\">Photoelectric Sensors Applications<\/h2><\/div><div class=\"uvc-sub-heading ult-responsive\"  data-ultimate-target='.uvc-heading.ultimate-heading-340069cffa1de2e29 .uvc-sub-heading '  data-responsive-json-new='{\"font-size\":\"\",\"line-height\":\"\"}'  style=\"font-weight:normal;\"><\/p>\n<p style=\"text-align: left;\"><a href=\"https:\/\/www.optex-fa.com\/tech_guide\/photo_sensor\/solution\/industry\/foods\/\" target=\"_blank\" rel=\"noopener noreferrer\">\u25e6 Foods<\/a><br \/>\n<a href=\"https:\/\/www.optex-fa.com\/tech_guide\/photo_sensor\/solution\/industry\/semicon\/\" target=\"_blank\" rel=\"noopener noreferrer\">\u25e6 Semicons<\/a><br \/>\n<a href=\"https:\/\/www.optex-fa.com\/tech_guide\/photo_sensor\/solution\/industry\/electric\/\" target=\"_blank\" rel=\"noopener noreferrer\">\u25e6 Electric<\/a><br \/>\n<a href=\"https:\/\/www.optex-fa.com\/tech_guide\/photo_sensor\/solution\/industry\/automotive\/\" target=\"_blank\" rel=\"noopener noreferrer\">\u25e6 Automotive<\/a><br \/>\n<a href=\"https:\/\/www.optex-fa.com\/tech_guide\/photo_sensor\/solution\/industry\/logistics\/\" target=\"_blank\" rel=\"noopener noreferrer\">\u25e6 Logistics<\/a><\/div><\/div>[\/vc_column][\/vc_row]<\/p>\n<\/div>","protected":false},"excerpt":{"rendered":"<p>[vc_row full_width=&#8221;stretch_row&#8221; bg_type=&#8221;image&#8221; parallax_style=&#8221;vcpb-default&#8221; bg_image_new=&#8221;id^2936|url^https:\/\/optex-asean.com\/wp-content\/uploads\/2020\/10\/banner-fa_275x155..jpg|caption^null|alt^null|title^banner-fa_275x155.|description^null&#8221; bg_image_repeat=&#8221;no-repeat&#8221; bg_override=&#8221;full&#8221; css=&#8221;.vc_custom_1604206947882{margin-bottom: 40px !important;padding-top: 180px !important;padding-bottom: 180px !important;}&#8221;][vc_column][\/vc_column][\/vc_row][vc_row css=&#8221;.vc_custom_1601637123882{margin-bottom: 40px !important;}&#8221;][vc_column][vc_separator][\/vc_column][\/vc_row][vc_row css=&#8221;.vc_custom_1604840633246{margin-top: 20px !important;margin-bottom: 40px !important;}&#8221;][vc_column][\/vc_column][\/vc_row]<\/p>\n","protected":false},"author":2,"featured_media":0,"parent":9418,"menu_order":144,"comment_status":"closed","ping_status":"closed","template":"","meta":{"_acf_changed":false,"_locale":"vi","_original_post":"https:\/\/optex.co.th\/?page_id=2094","footnotes":""},"class_list":["post-9439","page","type-page","status-publish","hentry","vi","description-off"],"acf":[],"aioseo_notices":[],"_links":{"self":[{"href":"https:\/\/optex-asean.com\/wp-json\/wp\/v2\/pages\/9439","targetHints":{"allow":["GET"]}}],"collection":[{"href":"https:\/\/optex-asean.com\/wp-json\/wp\/v2\/pages"}],"about":[{"href":"https:\/\/optex-asean.com\/wp-json\/wp\/v2\/types\/page"}],"author":[{"embeddable":true,"href":"https:\/\/optex-asean.com\/wp-json\/wp\/v2\/users\/2"}],"replies":[{"embeddable":true,"href":"https:\/\/optex-asean.com\/wp-json\/wp\/v2\/comments?post=9439"}],"version-history":[{"count":1,"href":"https:\/\/optex-asean.com\/wp-json\/wp\/v2\/pages\/9439\/revisions"}],"predecessor-version":[{"id":20150,"href":"https:\/\/optex-asean.com\/wp-json\/wp\/v2\/pages\/9439\/revisions\/20150"}],"up":[{"embeddable":true,"href":"https:\/\/optex-asean.com\/wp-json\/wp\/v2\/pages\/9418"}],"wp:attachment":[{"href":"https:\/\/optex-asean.com\/wp-json\/wp\/v2\/media?parent=9439"}],"curies":[{"name":"wp","href":"https:\/\/api.w.org\/{rel}","templated":true}]}}