{"id":9437,"date":"2022-11-15T16:10:36","date_gmt":"2022-11-15T09:10:36","guid":{"rendered":"https:\/\/optex-asean.com\/?page_id=9437"},"modified":"2025-10-15T10:54:10","modified_gmt":"2025-10-15T03:54:10","slug":"door_solution","status":"publish","type":"page","link":"https:\/\/optex-asean.com\/vi\/solutions\/door_solution\/","title":{"rendered":"Gi\u1ea3i ph\u00e1p cho H\u1ec7 th\u1ed1ng C\u1eeda T\u1ef1 \u0111\u1ed9ng"},"content":{"rendered":"<div class=\"wpb-content-wrapper\"><p>[vc_row full_width=&#8221;stretch_row&#8221; bg_type=&#8221;image&#8221; parallax_style=&#8221;vcpb-default&#8221; bg_image_new=&#8221;id^3156|url^https:\/\/optex-asean.com\/wp-content\/uploads\/2020\/11\/Automatic-Door-sensor_1920x570.jpg|caption^null|alt^null|title^Automatic Door sensor_1920x570|description^null&#8221; bg_image_repeat=&#8221;no-repeat&#8221; bg_override=&#8221;full&#8221; css=&#8221;.vc_custom_1604508347842{margin-bottom: 40px !important;padding-top: 180px !important;padding-bottom: 180px !important;}&#8221;][vc_column]<div id=\"ultimate-heading-828969e74f2d9f289\" class=\"uvc-heading ult-adjust-bottom-margin ultimate-heading-828969e74f2d9f289 uvc-3129 accent-border-color\" data-hspacer=\"no_spacer\"  data-halign=\"center\" style=\"text-align:center\"><div class=\"uvc-heading-spacer no_spacer\" style=\"top\"><\/div><div class=\"uvc-main-heading ult-responsive\"  data-ultimate-target='.uvc-heading.ultimate-heading-828969e74f2d9f289 h1'  data-responsive-json-new='{\"font-size\":\"desktop:36px;\",\"line-height\":\"desktop:50px;\"}' ><h1 style=\"font-weight:bold;color:#ffffff;margin-bottom:20px;\">Gi\u1ea3i ph\u00e1p cho H\u1ec7 th\u1ed1ng C\u1eeda T\u1ef1 \u0111\u1ed9ng<\/h1><\/div><\/div><style type=\"text\/css\" data-type=\"the7_shortcodes-inline-css\">.dt-breadcrumbs-id-9ea968bfc816b9b647aa0075e3f6911c .breadcrumbs {\n  display: inline-block;\n  margin: 0;\n  padding: 2px 10px 2px 10px;\n  background: rgba(242,242,242,0.7);\n  border: 0px solid ;\n  border-radius: 0px;\n}\n.dt-breadcrumbs-id-9ea968bfc816b9b647aa0075e3f6911c .breadcrumbs * {\n  font-size: 18px;\n  line-height: 30px;\n  color: #757272;\n}<\/style><div class=\"dt-breadcrumbs-shortcode dt-breadcrumbs-id-9ea968bfc816b9b647aa0075e3f6911c align-centre\"><div class=\"assistive-text\">You are here:<\/div><ol class=\"breadcrumbs text-small\" itemscope itemtype=\"https:\/\/schema.org\/BreadcrumbList\"><li itemprop=\"itemListElement\" itemscope itemtype=\"https:\/\/schema.org\/ListItem\"><a itemprop=\"item\" href=\"https:\/\/optex-asean.com\/\" title=\"Home\"><span itemprop=\"name\">Home<\/span><\/a><meta itemprop=\"position\" content=\"1\" \/><\/li><li class=\"current\" itemprop=\"itemListElement\" itemscope itemtype=\"https:\/\/schema.org\/ListItem\"><span itemprop=\"name\">Trang<\/span><meta itemprop=\"position\" content=\"2\" \/><\/li><\/ol><\/div>[\/vc_column][\/vc_row][vc_row css=&#8221;.vc_custom_1601637123882{margin-bottom: 40px !important;}&#8221;][vc_column]<style type=\"text\/css\" data-type=\"the7_shortcodes-inline-css\">#default-btn-4b7096ac5a6f6253aadb1de6e6721ad1.ico-right-side > i {\n  margin-right: 0px;\n  margin-left: 8px;\n}\n#default-btn-4b7096ac5a6f6253aadb1de6e6721ad1 > i {\n  margin-right: 8px;\n}<\/style><a href=\"https:\/\/optex-asean.com\/vi\/solutions\/\" class=\"default-btn-shortcode dt-btn dt-btn-s link-hover-off menu_product btn-inline-left  vc_custom_1675848468088\" id=\"default-btn-4b7096ac5a6f6253aadb1de6e6721ad1\"><span>Gi\u1ea3i ph\u00e1p<\/span><\/a><style type=\"text\/css\" data-type=\"the7_shortcodes-inline-css\">#default-btn-8b0baecb86a0c320c783c466fc386cd2.ico-right-side > i {\n  margin-right: 0px;\n  margin-left: 8px;\n}\n#default-btn-8b0baecb86a0c320c783c466fc386cd2 > i {\n  margin-right: 8px;\n}<\/style><a href=\"https:\/\/optex-asean.com\/vi\/solutions\/house\" class=\"default-btn-shortcode dt-btn dt-btn-s link-hover-off menu_product btn-inline-left  vc_custom_1675848479759\" id=\"default-btn-8b0baecb86a0c320c783c466fc386cd2\"><span>Nh\u00e0<\/span><\/a><style type=\"text\/css\" data-type=\"the7_shortcodes-inline-css\">#default-btn-5e5c1c9fb60a010ad40784de4241c957.ico-right-side > i {\n  margin-right: 0px;\n  margin-left: 8px;\n}\n#default-btn-5e5c1c9fb60a010ad40784de4241c957 > i {\n  margin-right: 8px;\n}<\/style><a href=\"https:\/\/optex-asean.com\/vi\/solutions\/factory-warehouse\/\" class=\"default-btn-shortcode dt-btn dt-btn-s link-hover-off menu_product btn-inline-left  vc_custom_1675848491854\" id=\"default-btn-5e5c1c9fb60a010ad40784de4241c957\"><span>Nh\u00e0 m\u00e1y \/ Nh\u00e0 kho<\/span><\/a><style type=\"text\/css\" data-type=\"the7_shortcodes-inline-css\">#default-btn-064451ac53cc8e5e774cd6dc7c41cbd9.ico-right-side > i {\n  margin-right: 0px;\n  margin-left: 8px;\n}\n#default-btn-064451ac53cc8e5e774cd6dc7c41cbd9 > i {\n  margin-right: 8px;\n}<\/style><a href=\"https:\/\/optex-asean.com\/vi\/solutions\/bank\/\" class=\"default-btn-shortcode dt-btn dt-btn-s link-hover-off menu_product btn-inline-left  vc_custom_1675848504902\" id=\"default-btn-064451ac53cc8e5e774cd6dc7c41cbd9\"><span>Ng\u00e2n h\u00e0ng<\/span><\/a><style type=\"text\/css\" data-type=\"the7_shortcodes-inline-css\">#default-btn-ebecaf6b2fc42fd2411dc519258b6693.ico-right-side > i {\n  margin-right: 0px;\n  margin-left: 8px;\n}\n#default-btn-ebecaf6b2fc42fd2411dc519258b6693 > i {\n  margin-right: 8px;\n}<\/style><a href=\"https:\/\/optex-asean.com\/vi\/solutions\/airport\/\" class=\"default-btn-shortcode dt-btn dt-btn-s link-hover-off menu_product btn-inline-left  vc_custom_1675848520574\" id=\"default-btn-ebecaf6b2fc42fd2411dc519258b6693\"><span>S\u00e2n bay<\/span><\/a><style type=\"text\/css\" data-type=\"the7_shortcodes-inline-css\">#default-btn-1a9f197ee906f5156b5681a5fd3b0cae.ico-right-side > i {\n  margin-right: 0px;\n  margin-left: 8px;\n}\n#default-btn-1a9f197ee906f5156b5681a5fd3b0cae > i {\n  margin-right: 8px;\n}<\/style><a href=\"https:\/\/optex-asean.com\/vi\/solutions\/powerplant-solar-power-station\/\" class=\"default-btn-shortcode dt-btn dt-btn-s link-hover-off menu_product btn-inline-left  vc_custom_1675848536984\" id=\"default-btn-1a9f197ee906f5156b5681a5fd3b0cae\"><span>Nh\u00e0 m\u00e1y \u0111i\u1ec7n \/ Nh\u00e0 m\u00e1y \u0111i\u1ec7n m\u1eb7t tr\u1eddi<\/span><\/a><style type=\"text\/css\" data-type=\"the7_shortcodes-inline-css\">#default-btn-4e5ad9be5308c669d3aaa5bfd9bf5b18.ico-right-side > i {\n  margin-right: 0px;\n  margin-left: 8px;\n}\n#default-btn-4e5ad9be5308c669d3aaa5bfd9bf5b18 > i {\n  margin-right: 8px;\n}<\/style><a href=\"https:\/\/optex-asean.com\/vi\/solutions\/shop-office\/\" class=\"default-btn-shortcode dt-btn dt-btn-s link-hover-off menu_product btn-inline-left  vc_custom_1675848551013\" id=\"default-btn-4e5ad9be5308c669d3aaa5bfd9bf5b18\"><span>C\u1eeda h\u00e0ng \/ V\u0103n ph\u00f2ng<\/span><\/a><style type=\"text\/css\" data-type=\"the7_shortcodes-inline-css\">#default-btn-a0b23e45d685c57593b49939e343bd24.ico-right-side > i {\n  margin-right: 0px;\n  margin-left: 8px;\n}\n#default-btn-a0b23e45d685c57593b49939e343bd24 > i {\n  margin-right: 8px;\n}<\/style><a href=\"https:\/\/optex-asean.com\/vi\/solutions\/datacenter\/\" class=\"default-btn-shortcode dt-btn dt-btn-s link-hover-off menu_product btn-inline-left  vc_custom_1675848595370\" id=\"default-btn-a0b23e45d685c57593b49939e343bd24\"><span>Trung t\u00e2m d\u1eef li\u1ec7u<\/span><\/a><style type=\"text\/css\" data-type=\"the7_shortcodes-inline-css\">#default-btn-42db384484c55e7c388513613a8f7161.ico-right-side > i {\n  margin-right: 0px;\n  margin-left: 8px;\n}\n#default-btn-42db384484c55e7c388513613a8f7161 > i {\n  margin-right: 8px;\n}<\/style><a href=\"https:\/\/optex-asean.com\/vi\/solutions\/museum\/\" class=\"default-btn-shortcode dt-btn dt-btn-s link-hover-off menu_product btn-inline-left  vc_custom_1675848627535\" id=\"default-btn-42db384484c55e7c388513613a8f7161\"><span>B\u1ea3o t\u00e0ng<\/span><\/a><style type=\"text\/css\" data-type=\"the7_shortcodes-inline-css\">#default-btn-0f4c888034f5adb80eaeb1cedaab0199.ico-right-side > i {\n  margin-right: 0px;\n  margin-left: 1px;\n}\n#default-btn-0f4c888034f5adb80eaeb1cedaab0199 > i {\n  margin-right: 1px;\n}<\/style><a href=\"https:\/\/optex-asean.com\/vi\/solutions\/door_solution\/\" class=\"default-btn-shortcode dt-btn dt-btn-s link-hover-off menu_product btn-inline-left  vc_custom_1675848640951\" id=\"default-btn-0f4c888034f5adb80eaeb1cedaab0199\"><i class=\"dt-icon-the7-arrow-552\"><\/i><span>C\u1eeda t\u1ef1 \u0111\u1ed9ng<\/span><\/a><style type=\"text\/css\" data-type=\"the7_shortcodes-inline-css\">#default-btn-271b55458460acb86081715ec0d17c88.ico-right-side > i {\n  margin-right: 0px;\n  margin-left: 8px;\n}\n#default-btn-271b55458460acb86081715ec0d17c88 > i {\n  margin-right: 8px;\n}<\/style><a href=\"https:\/\/optex-asean.com\/vi\/solutions\/fa\/\" class=\"default-btn-shortcode dt-btn dt-btn-s link-hover-off menu_product btn-inline-left  vc_custom_1675848654344\" id=\"default-btn-271b55458460acb86081715ec0d17c88\"><span>T\u1ef1 \u0111\u1ed9ng h\u00f3a nh\u00e0 m\u00e1y<\/span><\/a>[vc_separator][\/vc_column][\/vc_row][vc_row css=&#8221;.vc_custom_1604840622525{margin-top: 20px !important;margin-bottom: 40px !important;}&#8221;][vc_column]<div id=\"ultimate-heading-445769e74f2da43f9\" class=\"uvc-heading ult-adjust-bottom-margin ultimate-heading-445769e74f2da43f9 uvc-1492 accent-border-color\" data-hspacer=\"no_spacer\"  data-halign=\"center\" style=\"text-align:center\"><div class=\"uvc-heading-spacer no_spacer\" style=\"top\"><\/div><div class=\"uvc-main-heading ult-responsive\"  data-ultimate-target='.uvc-heading.ultimate-heading-445769e74f2da43f9 h2'  data-responsive-json-new='{\"font-size\":\"desktop:32px;\",\"line-height\":\"desktop:40px;\"}' ><h2 style=\"font-weight:bold;margin-bottom:15px;\">Gi\u1edbi thi\u1ec7u<\/h2><\/div><div class=\"uvc-sub-heading ult-responsive\"  data-ultimate-target='.uvc-heading.ultimate-heading-445769e74f2da43f9 .uvc-sub-heading '  data-responsive-json-new='{\"font-size\":\"\",\"line-height\":\"\"}'  style=\"font-weight:normal;\"><\/p>\n<p style=\"text-align: left;\">N\u0103m 1980, OPTEX \u0111\u00e3 ph\u00e1t tri\u1ec3n v\u00e0 th\u01b0\u01a1ng m\u1ea1i h\u00f3a c\u1ea3m bi\u1ebfn c\u1eeda t\u1ef1 \u0111\u1ed9ng \u0111\u1ea7u ti\u00ean tr\u00ean th\u1ebf gi\u1edbi s\u1eed d\u1ee5ng tia h\u1ed3ng ngo\u1ea1i. V\u00ec c\u1eeda t\u1ef1 \u0111\u1ed9ng l\u00e0 thi\u1ebft b\u1ecb kh\u00f4ng th\u1ec3 thi\u1ebfu trong cu\u1ed9c s\u1ed1ng h\u1eb1ng ng\u00e0y, n\u00ean n\u00f3 ph\u1ea3i lu\u00f4n ho\u1ea1t \u0111\u1ed9ng an to\u00e0n, th\u00f4ng minh v\u00e0 tr\u01a1n tru. OPTEX hy v\u1ecdng s\u1ebd \u0111\u00f3ng g\u00f3p v\u00e0o vi\u1ec7c hi\u1ec7n th\u1ef1c h\u00f3a m\u1ed9t x\u00e3 h\u1ed9i ti\u1ec7n nghi v\u00e0 th\u00e2n thi\u1ec7n v\u1edbi m\u00f4i tr\u01b0\u1eddng b\u1eb1ng c\u00e1ch li\u00ean t\u1ee5c ph\u00e1t tri\u1ec3n c\u00e1c c\u1ea3m bi\u1ebfn c\u1eeda t\u1ef1 \u0111\u1ed9ng cao c\u1ea5p h\u01a1n.<\/p>\n<p><\/div><\/div>[\/vc_column][\/vc_row][vc_row css=&#8221;.vc_custom_1601639011609{margin-top: 60px !important;margin-bottom: 40px !important;}&#8221;][vc_column]<div id=\"ultimate-heading-55269e74f2da4495\" class=\"uvc-heading ult-adjust-bottom-margin ultimate-heading-55269e74f2da4495 uvc-7738 accent-border-color\" data-hspacer=\"no_spacer\"  data-halign=\"center\" style=\"text-align:center\"><div class=\"uvc-heading-spacer no_spacer\" style=\"top\"><\/div><div class=\"uvc-main-heading ult-responsive\"  data-ultimate-target='.uvc-heading.ultimate-heading-55269e74f2da4495 h2'  data-responsive-json-new='{\"font-size\":\"desktop:32px;\",\"line-height\":\"desktop:40px;\"}' ><h2 style=\"font-weight:bold;margin-bottom:15px;\">Gi\u1ea3i ph\u00e1p<\/h2><\/div><\/div><style type=\"text\/css\" data-type=\"the7_shortcodes-inline-css\">.dt-team-shortcode.team-masonry-shortcode-id-9690fad7876e2c6f7cc11184ea65b632 .team-desc {\n  padding: 20px 20px 0px 20px;\n}\n.dt-team-shortcode.team-masonry-shortcode-id-9690fad7876e2c6f7cc11184ea65b632 .team-author-name,\n.dt-team-shortcode.team-masonry-shortcode-id-9690fad7876e2c6f7cc11184ea65b632 .team-author-name a {\n  margin-bottom: 0px;\n  font-size: 16px;\n  line-height: 20px;\n  font-weight: bold;\n}\n.dt-team-shortcode.team-masonry-shortcode-id-9690fad7876e2c6f7cc11184ea65b632 .team-author p {\n  margin-bottom: 10px;\n  font-weight: bold;\n}\n.dt-team-shortcode.team-masonry-shortcode-id-9690fad7876e2c6f7cc11184ea65b632  .team-media {\n  padding: 40px 40px 0px 40px;\n}\n.dt-team-shortcode.team-masonry-shortcode-id-9690fad7876e2c6f7cc11184ea65b632 .dt-css-grid .team-media img {\n  max-width: 100%;\n}\n.dt-team-shortcode.team-masonry-shortcode-id-9690fad7876e2c6f7cc11184ea65b632 .team-content {\n  margin-bottom: 5px;\n}\n.dt-team-shortcode.team-masonry-shortcode-id-9690fad7876e2c6f7cc11184ea65b632  .team-media,\n.dt-team-shortcode.team-masonry-shortcode-id-9690fad7876e2c6f7cc11184ea65b632  .team-media a.rollover,\n.dt-team-shortcode.team-masonry-shortcode-id-9690fad7876e2c6f7cc11184ea65b632  .team-media a.rollover *,\n.dt-team-shortcode.team-masonry-shortcode-id-9690fad7876e2c6f7cc11184ea65b632  .team-media img {\n  border-radius: 0px;\n}\n.dt-team-shortcode.team-masonry-shortcode-id-9690fad7876e2c6f7cc11184ea65b632 .soc-ico {\n  margin-bottom: 15px;\n}\n.dt-team-shortcode.team-masonry-shortcode-id-9690fad7876e2c6f7cc11184ea65b632 .soc-ico a {\n  min-width: 26px;\n  min-height: 26px;\n  font-size: 16px;\n  border-radius: 100px;\n}\n.dt-team-shortcode.team-masonry-shortcode-id-9690fad7876e2c6f7cc11184ea65b632 .soc-ico a:not(:last-child) {\n  margin-right: 4px;\n}\n.dt-team-shortcode.team-masonry-shortcode-id-9690fad7876e2c6f7cc11184ea65b632 .soc-ico a:before,\n.dt-team-shortcode.team-masonry-shortcode-id-9690fad7876e2c6f7cc11184ea65b632 .soc-ico a:after {\n  min-width: 26px;\n  min-height: 26px;\n  padding: inherit;\n}\n.dt-icon-border-on.dt-team-shortcode.team-masonry-shortcode-id-9690fad7876e2c6f7cc11184ea65b632 .soc-ico a:before {\n  border: 0px solid transparent;\n}\n.dt-team-shortcode.team-masonry-shortcode-id-9690fad7876e2c6f7cc11184ea65b632 .soc-ico a:hover {\n  font-size: 16px;\n}\n#page .dt-team-shortcode.team-masonry-shortcode-id-9690fad7876e2c6f7cc11184ea65b632 .soc-ico a:hover .soc-font-icon {\n  color: rgba(255,255,255,0.75);\n  background: none;\n}\n.dt-icon-border-hover-on.dt-team-shortcode.team-masonry-shortcode-id-9690fad7876e2c6f7cc11184ea65b632 .soc-ico a:after {\n  border: 0px solid transparent;\n}\n#page .dt-team-shortcode.team-masonry-shortcode-id-9690fad7876e2c6f7cc11184ea65b632 .soc-ico a:not(:hover) .soc-font-icon {\n  color: #ffffff;\n  background: none;\n}\n.dt-team-shortcode.team-masonry-shortcode-id-9690fad7876e2c6f7cc11184ea65b632 .soc-ico a .soc-font-icon {\n  font-size: 16px;\n}\n.dt-team-shortcode.team-masonry-shortcode-id-9690fad7876e2c6f7cc11184ea65b632 .filter-bg-decoration .filter-categories a.act {\n  color: #fff;\n}\n.dt-team-shortcode.team-masonry-shortcode-id-9690fad7876e2c6f7cc11184ea65b632:not(.resize-by-browser-width) .dt-css-grid {\n  grid-row-gap: 30px;\n  grid-column-gap: 30px;\n  grid-template-columns: repeat(auto-fill,minmax(,1fr));\n}\n.cssgridlegacy.no-cssgrid .dt-team-shortcode.team-masonry-shortcode-id-9690fad7876e2c6f7cc11184ea65b632:not(.resize-by-browser-width) .dt-css-grid,\n.no-cssgridlegacy.no-cssgrid .dt-team-shortcode.team-masonry-shortcode-id-9690fad7876e2c6f7cc11184ea65b632:not(.resize-by-browser-width) .dt-css-grid {\n  display: flex;\n  flex-flow: row wrap;\n  margin: -15px;\n}\n.cssgridlegacy.no-cssgrid .dt-team-shortcode.team-masonry-shortcode-id-9690fad7876e2c6f7cc11184ea65b632:not(.resize-by-browser-width) .dt-css-grid .wf-cell,\n.no-cssgridlegacy.no-cssgrid .dt-team-shortcode.team-masonry-shortcode-id-9690fad7876e2c6f7cc11184ea65b632:not(.resize-by-browser-width) .dt-css-grid .wf-cell {\n  flex: 1 0 ;\n  max-width: 100%;\n  padding: 15px;\n  box-sizing: border-box;\n}\n.dt-team-shortcode.team-masonry-shortcode-id-9690fad7876e2c6f7cc11184ea65b632.resize-by-browser-width .dt-css-grid {\n  grid-template-columns: repeat(3,1fr);\n  grid-template-rows: auto;\n  grid-column-gap: 30px;\n  grid-row-gap: 30px;\n}\n.cssgridlegacy.no-cssgrid .dt-team-shortcode.team-masonry-shortcode-id-9690fad7876e2c6f7cc11184ea65b632.resize-by-browser-width .dt-css-grid,\n.no-cssgridlegacy.no-cssgrid .dt-team-shortcode.team-masonry-shortcode-id-9690fad7876e2c6f7cc11184ea65b632.resize-by-browser-width .dt-css-grid {\n  margin: -15px;\n}\n.cssgridlegacy.no-cssgrid .dt-team-shortcode.team-masonry-shortcode-id-9690fad7876e2c6f7cc11184ea65b632.resize-by-browser-width .dt-css-grid .wf-cell,\n.no-cssgridlegacy.no-cssgrid .dt-team-shortcode.team-masonry-shortcode-id-9690fad7876e2c6f7cc11184ea65b632.resize-by-browser-width .dt-css-grid .wf-cell {\n  width: 33.333333333333%;\n  padding: 15px;\n}\n@media screen and (max-width: 1199px) {\n  .dt-team-shortcode.team-masonry-shortcode-id-9690fad7876e2c6f7cc11184ea65b632.resize-by-browser-width .dt-css-grid {\n    grid-template-columns: repeat(3,1fr);\n  }\n  .cssgridlegacy.no-cssgrid .dt-team-shortcode.team-masonry-shortcode-id-9690fad7876e2c6f7cc11184ea65b632.resize-by-browser-width .dt-css-grid .wf-cell,\n  .no-cssgridlegacy.no-cssgrid .dt-team-shortcode.team-masonry-shortcode-id-9690fad7876e2c6f7cc11184ea65b632.resize-by-browser-width .dt-css-grid .wf-cell {\n    width: 33.333333333333%;\n  }\n}\n@media screen and (max-width: 991px) {\n  .dt-team-shortcode.team-masonry-shortcode-id-9690fad7876e2c6f7cc11184ea65b632.resize-by-browser-width .dt-css-grid {\n    grid-template-columns: repeat(2,1fr);\n  }\n  .cssgridlegacy.no-cssgrid .dt-team-shortcode.team-masonry-shortcode-id-9690fad7876e2c6f7cc11184ea65b632.resize-by-browser-width .dt-css-grid .wf-cell,\n  .no-cssgridlegacy.no-cssgrid .dt-team-shortcode.team-masonry-shortcode-id-9690fad7876e2c6f7cc11184ea65b632.resize-by-browser-width .dt-css-grid .wf-cell {\n    width: 50%;\n  }\n}\n@media screen and (max-width: 767px) {\n  .dt-team-shortcode.team-masonry-shortcode-id-9690fad7876e2c6f7cc11184ea65b632.resize-by-browser-width .dt-css-grid {\n    grid-template-columns: repeat(1,1fr);\n  }\n  .cssgridlegacy.no-cssgrid .dt-team-shortcode.team-masonry-shortcode-id-9690fad7876e2c6f7cc11184ea65b632.resize-by-browser-width .dt-css-grid .wf-cell,\n  .no-cssgridlegacy.no-cssgrid .dt-team-shortcode.team-masonry-shortcode-id-9690fad7876e2c6f7cc11184ea65b632.resize-by-browser-width .dt-css-grid .wf-cell {\n    width: 100%;\n  }\n}<\/style><div class=\"dt-team-masonry-shortcode dt-team-shortcode team-masonry-shortcode-id-9690fad7876e2c6f7cc11184ea65b632 loading-effect-fade-in mode-grid jquery-filter content-align-center hide-team-position dt-css-grid-wrap scale-img dt-css-grid-wrap disable-bg-rollover dt-icon-bg-on dt-icon-border-on dt-icon-hover-bg-on dt-icon-border-hover-on move-icons-under-position resize-by-browser-width  \" data-padding=\"15px\" data-cur-page=\"1\" data-post-limit=\"-1\" data-pagination-mode=\"none\" data-desktop-columns-num=\"3\" data-v-tablet-columns-num=\"2\" data-h-tablet-columns-num=\"3\" data-phone-columns-num=\"1\" data-width=\"0px\" data-columns=\"0\"><div class=\"dt-css-grid\" ><div class=\"visible wf-cell\" data-post-id=\"10264\" data-date=\"2023-02-03T11:01:05+07:00\" data-name=\"Gi\u1ea3i ph\u00e1p \u0111\u1ed1i v\u1edbi C\u1eeda cho Ng\u01b0\u1eddi \u0111i b\u1ed9\"><div class=\"team-container visible post post-10264 dt_team type-dt_team status-publish has-post-thumbnail hentry dt_team_category-automatic-door vi dt_team_category-72 description-off\"><div class=\"team-media\"><a href=\"https:\/\/optex-asean.com\/vi\/solution\/automatic-door-sensor-solution-for-pedestrian-door\/\" class=\"rollover layzr-bg\"><img fetchpriority=\"high\" decoding=\"async\" class=\"preload-me iso-lazy-load aspect\" src=\"data:image\/svg+xml,%3Csvg%20xmlns%3D&#39;http%3A%2F%2Fwww.w3.org%2F2000%2Fsvg&#39;%20viewBox%3D&#39;0%200%201777%201000&#39;%2F%3E\" data-src=\"https:\/\/optex-asean.com\/wp-content\/uploads\/2018\/12\/20180808172916_694-1777x1000.jpg\" data-srcset=\"https:\/\/optex-asean.com\/wp-content\/uploads\/2018\/12\/20180808172916_694-1777x1000.jpg 1777w\" loading=\"eager\" style=\"--ratio: 1777 \/ 1000\" sizes=\"(max-width: 1777px) 100vw, 1777px\" width=\"1777\" height=\"1000\"   alt=\"\" \/><\/a><\/div><div class=\"team-desc\"><div class=\"team-author\"><div class=\"team-author-name\"><a href=\"https:\/\/optex-asean.com\/vi\/solution\/automatic-door-sensor-solution-for-pedestrian-door\/\">Gi\u1ea3i ph\u00e1p \u0111\u1ed1i v\u1edbi C\u1eeda cho Ng\u01b0\u1eddi \u0111i b\u1ed9<\/a><\/div><\/div><div class=\"team-content\"><\/div><\/div><\/div><\/div><\/div><!-- iso-container|iso-grid --><\/div>[\/vc_column][\/vc_row]<\/p>\n<\/div>","protected":false},"excerpt":{"rendered":"<p>[vc_row full_width=&#8221;stretch_row&#8221; bg_type=&#8221;image&#8221; parallax_style=&#8221;vcpb-default&#8221; bg_image_new=&#8221;id^3156|url^https:\/\/optex-asean.com\/wp-content\/uploads\/2020\/11\/Automatic-Door-sensor_1920x570.jpg|caption^null|alt^null|title^Automatic Door sensor_1920x570|description^null&#8221; bg_image_repeat=&#8221;no-repeat&#8221; bg_override=&#8221;full&#8221; css=&#8221;.vc_custom_1604508347842{margin-bottom: 40px !important;padding-top: 180px !important;padding-bottom: 180px !important;}&#8221;][vc_column][\/vc_column][\/vc_row][vc_row css=&#8221;.vc_custom_1601637123882{margin-bottom: 40px !important;}&#8221;][vc_column][vc_separator][\/vc_column][\/vc_row][vc_row css=&#8221;.vc_custom_1604840622525{margin-top: 20px !important;margin-bottom: 40px !important;}&#8221;][vc_column][\/vc_column][\/vc_row][vc_row css=&#8221;.vc_custom_1601639011609{margin-top: 60px !important;margin-bottom: 40px !important;}&#8221;][vc_column][\/vc_column][\/vc_row]<\/p>\n","protected":false},"author":2,"featured_media":0,"parent":9418,"menu_order":140,"comment_status":"closed","ping_status":"closed","template":"","meta":{"_acf_changed":false,"_locale":"vi","_original_post":"https:\/\/optex.co.th\/?page_id=2095","footnotes":""},"class_list":["post-9437","page","type-page","status-publish","hentry","vi","description-off"],"acf":[],"aioseo_notices":[],"_links":{"self":[{"href":"https:\/\/optex-asean.com\/wp-json\/wp\/v2\/pages\/9437","targetHints":{"allow":["GET"]}}],"collection":[{"href":"https:\/\/optex-asean.com\/wp-json\/wp\/v2\/pages"}],"about":[{"href":"https:\/\/optex-asean.com\/wp-json\/wp\/v2\/types\/page"}],"author":[{"embeddable":true,"href":"https:\/\/optex-asean.com\/wp-json\/wp\/v2\/users\/2"}],"replies":[{"embeddable":true,"href":"https:\/\/optex-asean.com\/wp-json\/wp\/v2\/comments?post=9437"}],"version-history":[{"count":1,"href":"https:\/\/optex-asean.com\/wp-json\/wp\/v2\/pages\/9437\/revisions"}],"predecessor-version":[{"id":20151,"href":"https:\/\/optex-asean.com\/wp-json\/wp\/v2\/pages\/9437\/revisions\/20151"}],"up":[{"embeddable":true,"href":"https:\/\/optex-asean.com\/wp-json\/wp\/v2\/pages\/9418"}],"wp:attachment":[{"href":"https:\/\/optex-asean.com\/wp-json\/wp\/v2\/media?parent=9437"}],"curies":[{"name":"wp","href":"https:\/\/api.w.org\/{rel}","templated":true}]}}