{"id":9416,"date":"2022-11-15T15:10:54","date_gmt":"2022-11-15T08:10:54","guid":{"rendered":"https:\/\/optex-asean.com\/?page_id=9416"},"modified":"2025-10-15T10:54:12","modified_gmt":"2025-10-15T03:54:12","slug":"car_parking","status":"publish","type":"page","link":"https:\/\/optex-asean.com\/vi\/car_parking\/","title":{"rendered":"C\u1ea3m bi\u1ebfn B\u00e3i \u0111\u1eadu xe \u00f4 t\u00f4"},"content":{"rendered":"<div class=\"wpb-content-wrapper\"><p>[vc_row][vc_column width=&#8221;1\/3&#8243;][vc_video link=&#8221;https:\/\/youtu.be\/1qVf2zCJaDg&#8221;][\/vc_column][vc_column width=&#8221;2\/3&#8243; css=&#8221;.vc_custom_1602064227377{margin-right: 20px !important;margin-left: 20px !important;}&#8221;][vc_column_text]<\/p>\n<p style=\"text-align: left;\">ViiK, gi\u1ea3i ph\u00e1p c\u1ea3m bi\u1ebfn \u0111\u1ed9c \u0111\u00e1o \u0111\u1ec3 qu\u1ea3n l\u00fd b\u00e3i \u0111\u1ed7 \u00f4 t\u00f4 t\u1eeb OPTEX, kh\u00f4ng c\u1ea7n g\u00e2y c\u1ea3n tr\u1edf giao th\u00f4ng \u0111\u1ec3 thi c\u00f4ng hay \u0111\u00e0o \u0111\u1ea5t. ViiK r\u1ea5t d\u1ec5 l\u1eafp \u0111\u1eb7t v\u00e0 ph\u00f9 h\u1ee3p v\u1edbi r\u00e0o ch\u1eafn, c\u1ed5ng tr\u01b0\u1ee3t v\u00e0 c\u1ed5ng xoay, c\u0169ng nh\u01b0 c\u00f3 th\u1ec3 g\u1eafn g\u1ea7n c\u1ed5ng \u0111\u1ec3 m\u1edf c\u1ed5ng, k\u00edch ho\u1ea1t m\u00e1y so\u00e1t v\u00e9 v\u00e0 \u0111\u00f3ng c\u1ed5ng sau khi xe ho\u00e0n to\u00e0n \u0111i qua. \u0110\u1ec3 mang \u0111\u1ebfn kh\u1ea3 n\u0103ng ph\u00e1t hi\u1ec7n \u0111\u00e1ng tin c\u1eady h\u01a1n, ViiK \u0111\u01b0\u1ee3c thi\u1ebft k\u1ebf \u0111\u1ec3 s\u1eed d\u1ee5ng c\u00f4ng ngh\u1ec7 Vi s\u00f3ng v\u00e0 Si\u00eau \u00e2m nh\u1eb1m ph\u00e1t hi\u1ec7n s\u1ef1 hi\u1ec7n h\u1eefu v\u00e0 chuy\u1ec3n \u0111\u1ed9ng c\u1ee7a c\u00e1c ph\u01b0\u01a1ng ti\u1ec7n c\u0169ng nh\u01b0 c\u00f3 th\u1ec3 b\u1ecf qua chuy\u1ec3n \u0111\u1ed9ng c\u1ee7a con ng\u01b0\u1eddi.<\/p>\n<p>[\/vc_column_text][\/vc_column][\/vc_row][vc_row content_placement=&#8221;middle&#8221; css=&#8221;.vc_custom_1602150503047{margin-bottom: 40px !important;}&#8221;][vc_column el_class=&#8221;center&#8221;]<div class=\"ult-spacer spacer-69d4e227dadd2\" data-id=\"69d4e227dadd2\" data-height=\"50\" data-height-mobile=\"50\" data-height-tab=\"50\" data-height-tab-portrait=\"\" data-height-mobile-landscape=\"\" style=\"clear:both;display:block;\"><\/div>[\/vc_column][\/vc_row][vc_row][vc_column]<style type=\"text\/css\" data-type=\"the7_shortcodes-inline-css\">.portfolio-shortcode.portfolio-masonry-shortcode-id-5f97c35e4024fffa9ecce2fa596e81a6.content-bg-on.classic-layout-list article {\n  background: #ffffff;\n  -webkit-box-shadow: none;\n  box-shadow: none;\n}\n.portfolio-shortcode.portfolio-masonry-shortcode-id-5f97c35e4024fffa9ecce2fa596e81a6.dividers-on.classic-layout-list article {\n  padding-top: 0;\n}\n.portfolio-shortcode.portfolio-masonry-shortcode-id-5f97c35e4024fffa9ecce2fa596e81a6.dividers-on.classic-layout-list article:first-of-type {\n  margin-top: 0;\n  padding-top: 0;\n}\n.portfolio-shortcode.portfolio-masonry-shortcode-id-5f97c35e4024fffa9ecce2fa596e81a6.classic-layout-list.mode-list .post-entry-content {\n  width: calc(100% - );\n}\n.portfolio-shortcode.portfolio-masonry-shortcode-id-5f97c35e4024fffa9ecce2fa596e81a6.classic-layout-list.mode-list .no-img .post-entry-content {\n  width: 100%;\n}\n.portfolio-shortcode.portfolio-masonry-shortcode-id-5f97c35e4024fffa9ecce2fa596e81a6 .filter-bg-decoration .filter-categories a.act {\n  color: #fff;\n}\n.portfolio-shortcode.portfolio-masonry-shortcode-id-5f97c35e4024fffa9ecce2fa596e81a6:not(.mode-masonry) article:first-of-type,\n.portfolio-shortcode.portfolio-masonry-shortcode-id-5f97c35e4024fffa9ecce2fa596e81a6:not(.mode-masonry) article.visible.first {\n  margin-top: 0;\n}\n.portfolio-shortcode.portfolio-masonry-shortcode-id-5f97c35e4024fffa9ecce2fa596e81a6.dividers-on:not(.mode-masonry) article {\n  margin-top: 0;\n}\n.portfolio-shortcode.portfolio-masonry-shortcode-id-5f97c35e4024fffa9ecce2fa596e81a6.dividers-on:not(.mode-masonry) article:first-of-type,\n.portfolio-shortcode.portfolio-masonry-shortcode-id-5f97c35e4024fffa9ecce2fa596e81a6.dividers-on:not(.mode-masonry) article.visible.first {\n  margin-top: 0;\n  padding-top: 0;\n}\n.portfolio-shortcode.portfolio-masonry-shortcode-id-5f97c35e4024fffa9ecce2fa596e81a6.hover-scale article:after {\n  background: -webkit-linear-gradient();\n  background: linear-gradient();\n}\n.portfolio-shortcode.portfolio-masonry-shortcode-id-5f97c35e4024fffa9ecce2fa596e81a6.gradient-overlay-layout-list article {\n  border-radius: 0px;\n}\n.portfolio-shortcode.portfolio-masonry-shortcode-id-5f97c35e4024fffa9ecce2fa596e81a6 .post-thumbnail-wrap {\n  padding: 50px 100px 0px 100px;\n  border-radius: 0px;\n}\n.portfolio-shortcode.portfolio-masonry-shortcode-id-5f97c35e4024fffa9ecce2fa596e81a6 .post-thumbnail-wrap *,\n.portfolio-shortcode.portfolio-masonry-shortcode-id-5f97c35e4024fffa9ecce2fa596e81a6 .post-thumbnail-rollover:after {\n  border-radius: 0px;\n}\n.portfolio-shortcode.portfolio-masonry-shortcode-id-5f97c35e4024fffa9ecce2fa596e81a6.enable-bg-rollover .post-thumbnail-rollover:after {\n  background: -webkit-linear-gradient();\n  background: linear-gradient();\n}\n.bottom-overlap-layout-list.portfolio-shortcode.portfolio-masonry-shortcode-id-5f97c35e4024fffa9ecce2fa596e81a6 .project-links-container {\n  height: calc(100% - 100px);\n}\n.portfolio-shortcode.portfolio-masonry-shortcode-id-5f97c35e4024fffa9ecce2fa596e81a6 .project-links-container a {\n  width: 44px;\n  height: 44px;\n  line-height: 44px;\n  border-radius: 100px;\n  margin: 10px 5px 10px;\n}\n.content-rollover-layout-list:not(.content-align-center).portfolio-shortcode.portfolio-masonry-shortcode-id-5f97c35e4024fffa9ecce2fa596e81a6 .project-links-container a,\n.gradient-overlay-layout-list:not(.content-align-center).portfolio-shortcode.portfolio-masonry-shortcode-id-5f97c35e4024fffa9ecce2fa596e81a6 .project-links-container a {\n  margin: 10px 10px 10px 0;\n}\n.dt-icon-border-on.portfolio-shortcode.portfolio-masonry-shortcode-id-5f97c35e4024fffa9ecce2fa596e81a6 .project-links-container a:before {\n  border-width: 0px;\n  border-style: solid;\n}\n.dt-icon-hover-border-on.portfolio-shortcode.portfolio-masonry-shortcode-id-5f97c35e4024fffa9ecce2fa596e81a6 .project-links-container a:after {\n  border-width: 0px;\n  border-style: solid;\n}\n.dt-icon-bg-on.portfolio-shortcode.portfolio-masonry-shortcode-id-5f97c35e4024fffa9ecce2fa596e81a6 .project-links-container a:before {\n  background: rgba(255,255,255,0.3);\n  -webkit-box-shadow: none;\n  box-shadow: none;\n}\n.dt-icon-hover-bg-on.portfolio-shortcode.portfolio-masonry-shortcode-id-5f97c35e4024fffa9ecce2fa596e81a6 .project-links-container a:after {\n  background: rgba(255,255,255,0.5);\n  -webkit-box-shadow: none;\n  box-shadow: none;\n}\n.portfolio-shortcode.portfolio-masonry-shortcode-id-5f97c35e4024fffa9ecce2fa596e81a6 .project-links-container a > span,\n.portfolio-shortcode.portfolio-masonry-shortcode-id-5f97c35e4024fffa9ecce2fa596e81a6 .project-links-container a > span:before {\n  font-size: 16px;\n  line-height: 44px;\n}\n.portfolio-shortcode.portfolio-masonry-shortcode-id-5f97c35e4024fffa9ecce2fa596e81a6 .project-links-container a:not(:hover) > span {\n  color: #ffffff;\n}\n.dt-icon-hover-off.portfolio-shortcode.portfolio-masonry-shortcode-id-5f97c35e4024fffa9ecce2fa596e81a6 .project-links-container a > span,\n.dt-icon-hover-off.portfolio-shortcode.portfolio-masonry-shortcode-id-5f97c35e4024fffa9ecce2fa596e81a6 .project-links-container a:hover > span {\n  color: #ffffff;\n}\n.dt-icon-hover-on.portfolio-shortcode.portfolio-masonry-shortcode-id-5f97c35e4024fffa9ecce2fa596e81a6 .project-links-container a:hover > span {\n  color: #ffffff;\n}\n.portfolio-shortcode.portfolio-masonry-shortcode-id-5f97c35e4024fffa9ecce2fa596e81a6 .entry-title,\n.portfolio-shortcode.portfolio-masonry-shortcode-id-5f97c35e4024fffa9ecce2fa596e81a6.owl-carousel .entry-title {\n  margin-bottom: 5px;\n  font-weight: bold;\n}\n.portfolio-shortcode.portfolio-masonry-shortcode-id-5f97c35e4024fffa9ecce2fa596e81a6 .entry-meta {\n  margin-bottom: 15px;\n}\n.portfolio-shortcode.portfolio-masonry-shortcode-id-5f97c35e4024fffa9ecce2fa596e81a6 .portfolio-categories {\n  margin-bottom: 15px;\n}\n.portfolio-shortcode.portfolio-masonry-shortcode-id-5f97c35e4024fffa9ecce2fa596e81a6 .entry-excerpt {\n  margin-bottom: 5px;\n}\n.portfolio-shortcode.portfolio-masonry-shortcode-id-5f97c35e4024fffa9ecce2fa596e81a6:not(.centered-layout-list) .post-entry-content {\n  padding: 25px 30px 30px 30px;\n}\n.portfolio-shortcode.portfolio-masonry-shortcode-id-5f97c35e4024fffa9ecce2fa596e81a6:not(.centered-layout-list):not(\n      .content-bg-on\n    ):not(.mode-list)\n    .no-img\n    .post-entry-content {\n  padding: 0;\n}\n.portfolio-shortcode.portfolio-masonry-shortcode-id-5f97c35e4024fffa9ecce2fa596e81a6.content-bg-on:not(.classic-layout-list):not(\n      .centered-layout-list\n    ):not(.gradient-overlay-layout-list)\n    .post-entry-content {\n  background: #ffffff;\n  -webkit-box-shadow: none;\n  box-shadow: none;\n}\n.portfolio-shortcode.portfolio-masonry-shortcode-id-5f97c35e4024fffa9ecce2fa596e81a6.gradient-overlay-layout-list .post-entry-content {\n  border-radius: 0px;\n}\n@media screen and (max-width: ) {\n  .portfolio-shortcode.portfolio-masonry-shortcode-id-5f97c35e4024fffa9ecce2fa596e81a6 article {\n    -webkit-flex-flow: column nowrap;\n    -moz-flex-flow: column nowrap;\n    -ms-flex-flow: column nowrap;\n    flex-flow: column nowrap;\n    margin-top: 20px;\n  }\n  .portfolio-shortcode.portfolio-masonry-shortcode-id-5f97c35e4024fffa9ecce2fa596e81a6.dividers-on article {\n    border: none;\n  }\n  .portfolio-shortcode.portfolio-masonry-shortcode-id-5f97c35e4024fffa9ecce2fa596e81a6.content-bg-on.centered-layout-list article {\n    padding: 0;\n  }\n  #page .portfolio-shortcode.portfolio-masonry-shortcode-id-5f97c35e4024fffa9ecce2fa596e81a6 .post-thumbnail-wrap,\n  #page .portfolio-shortcode.portfolio-masonry-shortcode-id-5f97c35e4024fffa9ecce2fa596e81a6 .post-entry-content {\n    width: 100%;\n    margin: 0;\n    top: 0;\n  }\n  #page .portfolio-shortcode.portfolio-masonry-shortcode-id-5f97c35e4024fffa9ecce2fa596e81a6 .post-thumbnail-wrap {\n    padding: 0;\n  }\n  #page .portfolio-shortcode.portfolio-masonry-shortcode-id-5f97c35e4024fffa9ecce2fa596e81a6 .post-entry-content:after {\n    display: none;\n  }\n  #page .portfolio-shortcode.portfolio-masonry-shortcode-id-5f97c35e4024fffa9ecce2fa596e81a6 .project-even .post-thumbnail-wrap,\n  #page .portfolio-shortcode.portfolio-masonry-shortcode-id-5f97c35e4024fffa9ecce2fa596e81a6.centered-layout-list .post-thumbnail-wrap {\n    -webkit-order: 0;\n    -moz-order: 0;\n    -ms-flex-order: 0;\n    order: 0;\n  }\n  #page .portfolio-shortcode.portfolio-masonry-shortcode-id-5f97c35e4024fffa9ecce2fa596e81a6.centered-layout-list .post-entry-title-content {\n    -webkit-order: 1;\n    -moz-order: 1;\n    -ms-flex-order: 1;\n    order: 1;\n    width: 100%;\n    padding: 20px 20px 0;\n  }\n  #page .portfolio-shortcode.portfolio-masonry-shortcode-id-5f97c35e4024fffa9ecce2fa596e81a6.centered-layout-list .post-entry-content {\n    -webkit-order: 2;\n    -moz-order: 2;\n    -ms-flex-order: 2;\n    order: 2;\n    padding-top: 0;\n  }\n  #page .portfolio-shortcode.portfolio-masonry-shortcode-id-5f97c35e4024fffa9ecce2fa596e81a6 .post-entry-content {\n    padding: 20px;\n  }\n  #page .portfolio-shortcode.portfolio-masonry-shortcode-id-5f97c35e4024fffa9ecce2fa596e81a6 .entry-title {\n    margin: 3px 0 5px;\n    font-size: 20px;\n    line-height: 26px;\n  }\n  #page .portfolio-shortcode.portfolio-masonry-shortcode-id-5f97c35e4024fffa9ecce2fa596e81a6 .entry-meta {\n    margin: 5px 0 5px;\n  }\n  #page .portfolio-shortcode.portfolio-masonry-shortcode-id-5f97c35e4024fffa9ecce2fa596e81a6 .entry-excerpt {\n    margin: 15px 0 0;\n  }\n  #page .portfolio-shortcode.portfolio-masonry-shortcode-id-5f97c35e4024fffa9ecce2fa596e81a6 .post-details {\n    margin: 5px 0 10px;\n  }\n  #page .portfolio-shortcode.portfolio-masonry-shortcode-id-5f97c35e4024fffa9ecce2fa596e81a6 .post-details.details-type-link {\n    margin-bottom: 2px;\n  }\n}\n.portfolio-shortcode.portfolio-masonry-shortcode-id-5f97c35e4024fffa9ecce2fa596e81a6:not(.resize-by-browser-width) .dt-css-grid {\n  grid-row-gap: 30px;\n  grid-column-gap: 30px;\n  grid-template-columns: repeat(auto-fill,minmax(,1fr));\n}\n.portfolio-shortcode.portfolio-masonry-shortcode-id-5f97c35e4024fffa9ecce2fa596e81a6:not(.resize-by-browser-width) .dt-css-grid .double-width {\n  grid-column: span 2;\n}\n.cssgridlegacy.no-cssgrid .portfolio-shortcode.portfolio-masonry-shortcode-id-5f97c35e4024fffa9ecce2fa596e81a6:not(.resize-by-browser-width) .dt-css-grid,\n.no-cssgridlegacy.no-cssgrid .portfolio-shortcode.portfolio-masonry-shortcode-id-5f97c35e4024fffa9ecce2fa596e81a6:not(.resize-by-browser-width) .dt-css-grid {\n  display: flex;\n  flex-flow: row wrap;\n  margin: -15px;\n}\n.cssgridlegacy.no-cssgrid .portfolio-shortcode.portfolio-masonry-shortcode-id-5f97c35e4024fffa9ecce2fa596e81a6:not(.resize-by-browser-width) .dt-css-grid .wf-cell,\n.no-cssgridlegacy.no-cssgrid .portfolio-shortcode.portfolio-masonry-shortcode-id-5f97c35e4024fffa9ecce2fa596e81a6:not(.resize-by-browser-width) .dt-css-grid .wf-cell {\n  flex: 1 0 ;\n  max-width: 100%;\n  padding: 15px;\n  box-sizing: border-box;\n}\n.portfolio-shortcode.portfolio-masonry-shortcode-id-5f97c35e4024fffa9ecce2fa596e81a6.resize-by-browser-width .dt-css-grid {\n  grid-template-columns: repeat(3,1fr);\n  grid-template-rows: auto;\n  grid-column-gap: 30px;\n  grid-row-gap: 30px;\n}\n.portfolio-shortcode.portfolio-masonry-shortcode-id-5f97c35e4024fffa9ecce2fa596e81a6.resize-by-browser-width .dt-css-grid .double-width {\n  grid-column: span 2;\n}\n.cssgridlegacy.no-cssgrid .portfolio-shortcode.portfolio-masonry-shortcode-id-5f97c35e4024fffa9ecce2fa596e81a6.resize-by-browser-width .dt-css-grid {\n  margin: -15px;\n}\n.cssgridlegacy.no-cssgrid .portfolio-shortcode.portfolio-masonry-shortcode-id-5f97c35e4024fffa9ecce2fa596e81a6.resize-by-browser-width .dt-css-grid .wf-cell {\n  width: 33.333333333333%;\n  padding: 15px;\n}\n.cssgridlegacy.no-cssgrid .portfolio-shortcode.portfolio-masonry-shortcode-id-5f97c35e4024fffa9ecce2fa596e81a6.resize-by-browser-width .dt-css-grid .wf-cell.double-width {\n  width: calc(33.333333333333%) * 2;\n}\n.portfolio-shortcode.portfolio-masonry-shortcode-id-5f97c35e4024fffa9ecce2fa596e81a6.resize-by-browser-width:not(.centered-layout-list):not(.content-bg-on) .dt-css-grid {\n  grid-row-gap: 0px;\n}\n@media screen and (max-width: 1199px) {\n  .portfolio-shortcode.portfolio-masonry-shortcode-id-5f97c35e4024fffa9ecce2fa596e81a6.resize-by-browser-width .dt-css-grid {\n    grid-template-columns: repeat(3,1fr);\n  }\n  .cssgridlegacy.no-cssgrid .portfolio-shortcode.portfolio-masonry-shortcode-id-5f97c35e4024fffa9ecce2fa596e81a6.resize-by-browser-width .dt-css-grid .wf-cell,\n  .no-cssgridlegacy.no-cssgrid .portfolio-shortcode.portfolio-masonry-shortcode-id-5f97c35e4024fffa9ecce2fa596e81a6.resize-by-browser-width .dt-css-grid .wf-cell {\n    width: 33.333333333333%;\n  }\n  .cssgridlegacy.no-cssgrid .portfolio-shortcode.portfolio-masonry-shortcode-id-5f97c35e4024fffa9ecce2fa596e81a6.resize-by-browser-width .dt-css-grid .wf-cell.double-width,\n  .no-cssgridlegacy.no-cssgrid .portfolio-shortcode.portfolio-masonry-shortcode-id-5f97c35e4024fffa9ecce2fa596e81a6.resize-by-browser-width .dt-css-grid .wf-cell.double-width {\n    width: calc(33.333333333333%)*2;\n  }\n}\n@media screen and (max-width: 991px) {\n  .portfolio-shortcode.portfolio-masonry-shortcode-id-5f97c35e4024fffa9ecce2fa596e81a6.resize-by-browser-width .dt-css-grid {\n    grid-template-columns: repeat(2,1fr);\n  }\n  .cssgridlegacy.no-cssgrid .portfolio-shortcode.portfolio-masonry-shortcode-id-5f97c35e4024fffa9ecce2fa596e81a6.resize-by-browser-width .dt-css-grid .wf-cell,\n  .no-cssgridlegacy.no-cssgrid .portfolio-shortcode.portfolio-masonry-shortcode-id-5f97c35e4024fffa9ecce2fa596e81a6.resize-by-browser-width .dt-css-grid .wf-cell {\n    width: 50%;\n  }\n  .cssgridlegacy.no-cssgrid .portfolio-shortcode.portfolio-masonry-shortcode-id-5f97c35e4024fffa9ecce2fa596e81a6.resize-by-browser-width .dt-css-grid .wf-cell.double-width,\n  .no-cssgridlegacy.no-cssgrid .portfolio-shortcode.portfolio-masonry-shortcode-id-5f97c35e4024fffa9ecce2fa596e81a6.resize-by-browser-width .dt-css-grid .wf-cell.double-width {\n    width: calc(50%)*2;\n  }\n}\n@media screen and (max-width: 767px) {\n  .portfolio-shortcode.portfolio-masonry-shortcode-id-5f97c35e4024fffa9ecce2fa596e81a6.resize-by-browser-width .dt-css-grid {\n    grid-template-columns: repeat(1,1fr);\n  }\n  .portfolio-shortcode.portfolio-masonry-shortcode-id-5f97c35e4024fffa9ecce2fa596e81a6.resize-by-browser-width .dt-css-grid .double-width {\n    grid-column: span 1;\n  }\n  .cssgridlegacy.no-cssgrid .portfolio-shortcode.portfolio-masonry-shortcode-id-5f97c35e4024fffa9ecce2fa596e81a6.resize-by-browser-width .dt-css-grid .wf-cell,\n  .no-cssgridlegacy.no-cssgrid .portfolio-shortcode.portfolio-masonry-shortcode-id-5f97c35e4024fffa9ecce2fa596e81a6.resize-by-browser-width .dt-css-grid .wf-cell {\n    width: 100%;\n  }\n  .cssgridlegacy.no-cssgrid .portfolio-shortcode.portfolio-masonry-shortcode-id-5f97c35e4024fffa9ecce2fa596e81a6.resize-by-browser-width .dt-css-grid .wf-cell.double-width,\n  .no-cssgridlegacy.no-cssgrid .portfolio-shortcode.portfolio-masonry-shortcode-id-5f97c35e4024fffa9ecce2fa596e81a6.resize-by-browser-width .dt-css-grid .wf-cell.double-width {\n    width: calc(100%)*2;\n  }\n}<\/style><div class=\"portfolio-shortcode portfolio-masonry-shortcode-id-5f97c35e4024fffa9ecce2fa596e81a6 mode-grid classic-layout-list content-bg-on jquery-filter dt-icon-bg-on dt-icon-border-on dt-icon-hover-on dt-icon-hover-border-on dt-icon-hover-bg-on scale-img meta-info-off dt-css-grid-wrap resize-by-browser-width  vc_custom_1605400375388 loading-effect-none description-under-image \" data-padding=\"15px\" data-cur-page=\"1\" data-post-limit=\"-1\" data-pagination-mode=\"none\" data-desktop-columns-num=\"3\" data-v-tablet-columns-num=\"2\" data-h-tablet-columns-num=\"3\" data-phone-columns-num=\"1\" data-width=\"0px\" data-columns=\"0\"><div class=\"dt-css-grid\" ><div class=\"visible wf-cell\" data-post-id=\"10747\" data-date=\"2023-02-08T14:30:35+07:00\" data-name=\"OVS-01CC - C\u1ea3m bi\u1ebfn \u0111\u1ebfm \u00f4 t\u00f4\"><article class=\"post visible post-10747 dt_portfolio type-dt_portfolio status-publish has-post-thumbnail hentry dt_portfolio_category-car-parking-sensor-productsmain dt_portfolio_category-car-parking-sensor vi dt_portfolio_category-105 dt_portfolio_category-94\" data-name=\"OVS-01CC &#8211; C\u1ea3m bi\u1ebfn \u0111\u1ebfm \u00f4 t\u00f4\" data-date=\"2023-02-08T14:30:35+07:00\">\n\n<div class=\"post-thumbnail-wrap forward-post \">\n\t<div class=\"post-thumbnail\">\n\n\t\t<a href=\"https:\/\/optex-asean.com\/vi\/product\/ovs-01cc\/\" class=\"post-thumbnail-rollover layzr-bg\" target=\"\"  aria-label=\"Post image\"><img fetchpriority=\"high\" decoding=\"async\" class=\"iso-lazy-load preload-me iso-lazy-load aspect\" src=\"data:image\/svg+xml,%3Csvg%20xmlns%3D&#39;http%3A%2F%2Fwww.w3.org%2F2000%2Fsvg&#39;%20viewBox%3D&#39;0%200%20530%20530&#39;%2F%3E\" data-src=\"https:\/\/optex-asean.com\/wp-content\/uploads\/2020\/11\/OVS-01CC.gif\" data-srcset=\"https:\/\/optex-asean.com\/wp-content\/uploads\/2020\/11\/OVS-01CC.gif 530w\" loading=\"eager\" style=\"--ratio: 530 \/ 530\" sizes=\"(max-width: 530px) 100vw, 530px\" alt=\"\" title=\"OVS-01CC\" width=\"530\" height=\"530\"  \/><\/a>\n\t<\/div>\n<\/div>\n\n\n<div class=\"post-entry-content\">\n\n\t<h3 class=\"entry-title\">\n\t\t<a href=\"https:\/\/optex-asean.com\/vi\/product\/ovs-01cc\/\" target=\"\" title=\"OVS-01CC &#8211; C\u1ea3m bi\u1ebfn \u0111\u1ebfm \u00f4 t\u00f4\" rel=\"bookmark\">OVS-01CC &#8211; C\u1ea3m bi\u1ebfn \u0111\u1ebfm \u00f4 t\u00f4<\/a>\n\t<\/h3>\n\n\t\n\t<div class=\"entry-excerpt\"><ul class=\"deldot\">\n<li style=\"text-align: left;\">Microwave (Doppler shift and FMCW)<\/li>\n<li style=>\u25cf D\u1ec5 d\u00e0ng l\u1eafp \u0111\u1eb7t v\u00ec c\u1ea3m bi\u1ebfn g\u1eafn tr\u00ean c\u1ed9t &#8211; kh\u00f4ng y\u00eau c\u1ea7u c\u00f4ng t\u00e1c k\u1ef9 thu\u1eadt d\u00e2n d\u1ee5ng<\/li>\n<li style=>\u25cf Ph\u00e1t hi\u1ec7n b\u1eb1ng vi s\u00f3ng (FMCW) c\u00f3 th\u1ec3 \u0111i\u1ec1u ch\u1ec9nh t\u1eeb 1 \u0111\u1ebfn 8m<\/li>\n<li style=>\u25cf \u0110\u00e1ng tin c\u1eady trong m\u00f4i tr\u01b0\u1eddng kh\u1eafc nghi\u1ec7t (tuy\u1ebft, b\u1ee5i, m\u01b0a)<\/li>\n<li style=>\u25cf Ph\u00e1t hi\u1ec7n xe \u1edf t\u1ed1c \u0111\u1ed9 t\u1eeb 2 \u0111\u1ebfn 60km\/h<\/li>\n<li style=>\u25cf IP65<\/li>\n<\/ul>\n<\/div>\n\t<a class=\"post-details details-type-link\" href=\"https:\/\/optex-asean.com\/vi\/product\/ovs-01cc\/\" target=\"\">Read more<i class=\"dt-icon-the7-arrow-03\" aria-hidden=\"true\"><\/i><\/a>\n<\/div><\/article><\/div><div class=\"visible wf-cell\" data-post-id=\"10752\" data-date=\"2023-02-08T14:36:04+07:00\" data-name=\"OVS-01GT - C\u1ea3m bi\u1ebfn ph\u00e1t hi\u1ec7n xe\"><article class=\"post visible post-10752 dt_portfolio type-dt_portfolio status-publish has-post-thumbnail hentry dt_portfolio_category-industrial-doors dt_portfolio_category-automatic-door-sensor dt_portfolio_category-car-parking-sensor-productsmain dt_portfolio_category-industrial-door-sensor dt_portfolio_category-car-parking-sensor vi dt_portfolio_category-108 dt_portfolio_category-103 dt_portfolio_category-105 dt_portfolio_category-93 dt_portfolio_category-94\" data-name=\"OVS-01GT &#8211; C\u1ea3m bi\u1ebfn ph\u00e1t hi\u1ec7n xe\" data-date=\"2023-02-08T14:36:04+07:00\">\n\n<div class=\"post-thumbnail-wrap forward-post \">\n\t<div class=\"post-thumbnail\">\n\n\t\t<a href=\"https:\/\/optex-asean.com\/vi\/product\/ovs-01gt\/\" class=\"post-thumbnail-rollover layzr-bg\" target=\"\"  aria-label=\"Post image\"><img decoding=\"async\" class=\"iso-lazy-load preload-me iso-lazy-load aspect\" src=\"data:image\/svg+xml,%3Csvg%20xmlns%3D&#39;http%3A%2F%2Fwww.w3.org%2F2000%2Fsvg&#39;%20viewBox%3D&#39;0%200%20529%20529&#39;%2F%3E\" data-src=\"https:\/\/optex-asean.com\/wp-content\/uploads\/2020\/11\/OVS-01GT-Web.png\" data-srcset=\"https:\/\/optex-asean.com\/wp-content\/uploads\/2020\/11\/OVS-01GT-Web.png 529w\" loading=\"eager\" style=\"--ratio: 529 \/ 529\" sizes=\"(max-width: 529px) 100vw, 529px\" alt=\"\" title=\"OVS-01GT-Web\" width=\"529\" height=\"529\"  \/><\/a>\n\t<\/div>\n<\/div>\n\n\n<div class=\"post-entry-content\">\n\n\t<h3 class=\"entry-title\">\n\t\t<a href=\"https:\/\/optex-asean.com\/vi\/product\/ovs-01gt\/\" target=\"\" title=\"OVS-01GT &#8211; C\u1ea3m bi\u1ebfn ph\u00e1t hi\u1ec7n xe\" rel=\"bookmark\">OVS-01GT &#8211; C\u1ea3m bi\u1ebfn ph\u00e1t hi\u1ec7n xe<\/a>\n\t<\/h3>\n\n\t\n\t<div class=\"entry-excerpt\"><ul class=\"deldot\">\n<li style=\"text-align: left;\">S\u1ef1 k\u1ebft h\u1ee3p c\u1ee7a C\u00f4ng ngh\u1ec7 Vi s\u00f3ng v\u00e0 Si\u00eau \u00e2m<\/li>\n<li style=>\u25cf C\u1ea3m bi\u1ebfn ph\u00e1t hi\u1ec7n xe cho thanh ch\u1eafn barie<\/li>\n<li style=>\u25cf D\u1ec5 d\u00e0ng l\u1eafp \u0111\u1eb7t v\u00e0 th\u1eddi gian x\u00e2y d\u1ef1ng c\u00f3 th\u1ec3 \u0111\u01b0\u1ee3c r\u00fat ng\u1eafn<\/li>\n<li style=>\u25cf S\u1ef1 k\u1ebft h\u1ee3p c\u1ee7a vi s\u00f3ng (D\u1ecbch chuy\u1ec3n Doppler, c\u00f4ng ngh\u1ec7 FMCW) v\u00e0 s\u00f3ng si\u00eau \u00e2m<\/li>\n<li style=>\u25cf \u0110\u1ec3 k\u00edch ho\u1ea1t c\u1ed5ng, thanh ch\u1eafn barie v\u00e0 c\u1eeda c\u00f4ng nghi\u1ec7p<\/li>\n<li style=>\u25cf Ph\u00e1t hi\u1ec7n xe \u1edf t\u1ed1c \u0111\u1ed9 t\u1eeb 2 \u0111\u1ebfn 20km\/h<\/li>\n<li style=>\u25cf IP65<\/li>\n<\/ul>\n<\/div>\n\t<a class=\"post-details details-type-link\" href=\"https:\/\/optex-asean.com\/vi\/product\/ovs-01gt\/\" target=\"\">Read more<i class=\"dt-icon-the7-arrow-03\" aria-hidden=\"true\"><\/i><\/a>\n<\/div><\/article><\/div><\/div><!-- iso-container|iso-grid --><\/div>[\/vc_column][\/vc_row]<\/p>\n<\/div>","protected":false},"excerpt":{"rendered":"<p>[vc_row][vc_column width=&#8221;1\/3&#8243;][vc_video link=&#8221;https:\/\/youtu.be\/1qVf2zCJaDg&#8221;][\/vc_column][vc_column width=&#8221;2\/3&#8243; css=&#8221;.vc_custom_1602064227377{margin-right: 20px !important;margin-left: 20px !important;}&#8221;][vc_column_text] ViiK, gi\u1ea3i ph\u00e1p c\u1ea3m bi\u1ebfn \u0111\u1ed9c \u0111\u00e1o \u0111\u1ec3 qu\u1ea3n l\u00fd b\u00e3i \u0111\u1ed7 \u00f4 t\u00f4 t\u1eeb OPTEX, kh\u00f4ng c\u1ea7n g\u00e2y c\u1ea3n tr\u1edf giao th\u00f4ng \u0111\u1ec3 thi c\u00f4ng hay \u0111\u00e0o \u0111\u1ea5t. ViiK r\u1ea5t d\u1ec5 l\u1eafp \u0111\u1eb7t v\u00e0 ph\u00f9 h\u1ee3p v\u1edbi r\u00e0o ch\u1eafn, c\u1ed5ng tr\u01b0\u1ee3t v\u00e0 c\u1ed5ng xoay, c\u0169ng&hellip;<\/p>\n","protected":false},"author":2,"featured_media":0,"parent":0,"menu_order":73,"comment_status":"closed","ping_status":"closed","template":"","meta":{"_acf_changed":false,"_locale":"vi","_original_post":"https:\/\/optex.co.th\/?page_id=2061","footnotes":""},"class_list":["post-9416","page","type-page","status-publish","hentry","vi","description-off"],"acf":[],"aioseo_notices":[],"_links":{"self":[{"href":"https:\/\/optex-asean.com\/wp-json\/wp\/v2\/pages\/9416","targetHints":{"allow":["GET"]}}],"collection":[{"href":"https:\/\/optex-asean.com\/wp-json\/wp\/v2\/pages"}],"about":[{"href":"https:\/\/optex-asean.com\/wp-json\/wp\/v2\/types\/page"}],"author":[{"embeddable":true,"href":"https:\/\/optex-asean.com\/wp-json\/wp\/v2\/users\/2"}],"replies":[{"embeddable":true,"href":"https:\/\/optex-asean.com\/wp-json\/wp\/v2\/comments?post=9416"}],"version-history":[{"count":1,"href":"https:\/\/optex-asean.com\/wp-json\/wp\/v2\/pages\/9416\/revisions"}],"predecessor-version":[{"id":20161,"href":"https:\/\/optex-asean.com\/wp-json\/wp\/v2\/pages\/9416\/revisions\/20161"}],"wp:attachment":[{"href":"https:\/\/optex-asean.com\/wp-json\/wp\/v2\/media?parent=9416"}],"curies":[{"name":"wp","href":"https:\/\/api.w.org\/{rel}","templated":true}]}}