{"id":9413,"date":"2022-11-15T15:09:18","date_gmt":"2022-11-15T08:09:18","guid":{"rendered":"https:\/\/optex-asean.com\/?page_id=9413"},"modified":"2025-10-15T10:54:12","modified_gmt":"2025-10-15T03:54:12","slug":"fa","status":"publish","type":"page","link":"https:\/\/optex-asean.com\/vi\/fa\/","title":{"rendered":"C\u1ea3m bi\u1ebfn t\u1ef1 \u0111\u1ed9ng h\u00f3a nh\u00e0 m\u00e1y"},"content":{"rendered":"<div class=\"wpb-content-wrapper\"><p>[vc_row][vc_column][vc_single_image image=&#8221;3571&#8243; img_size=&#8221;full&#8221; alignment=&#8221;center&#8221;][\/vc_column][\/vc_row][vc_row full_width=&#8221;stretch_row&#8221; bg_type=&#8221;image&#8221; parallax_style=&#8221;vcpb-default&#8221; bg_image_new=&#8221;id^303|url^https:\/\/optex-asean.com\/wp-content\/uploads\/2019\/03\/banner-fa.jpg|caption^Factory Automation Sensor|alt^null|title^Factory Automation Sensor|description^Factory Automation Sensor&#8221; bg_image_repeat=&#8221;no-repeat&#8221;][vc_column css=&#8221;.vc_custom_1604939487117{padding-top: 250px !important;padding-bottom: 250px !important;}&#8221; offset=&#8221;vc_hidden-xs&#8221;][vc_row_inner content_placement=&#8221;middle&#8221; css=&#8221;.vc_custom_1602867217443{margin: 0px !important;padding: 0px !important;background-color: rgba(0,0,0,0.63) !important;background-position: center !important;background-repeat: no-repeat !important;background-size: cover !important;*background-color: rgb(0,0,0) !important;border: 0px initial !important;}&#8221;][vc_column_inner css=&#8221;.vc_custom_1602867171671{background-position: center !important;background-repeat: no-repeat !important;background-size: cover !important;}&#8221;]<div id=\"ultimate-heading-92169d38b7794cc5\" class=\"uvc-heading ult-adjust-bottom-margin ultimate-heading-92169d38b7794cc5 uvc-550 accent-border-color\" data-hspacer=\"no_spacer\"  data-halign=\"center\" style=\"text-align:center\"><div class=\"uvc-heading-spacer no_spacer\" style=\"top\"><\/div><div class=\"uvc-main-heading ult-responsive\"  data-ultimate-target='.uvc-heading.ultimate-heading-92169d38b7794cc5 h1'  data-responsive-json-new='{\"font-size\":\"desktop:36px;\",\"line-height\":\"desktop:50px;\"}' ><h1 style=\"font-weight:bold;color:#ffffff;margin-bottom:20px;\">C\u1ea3m bi\u1ebfn t\u1ef1 \u0111\u1ed9ng h\u00f3a nh\u00e0 m\u00e1y<\/h1><\/div><\/div>[\/vc_column_inner][\/vc_row_inner]<div class=\"ult-spacer spacer-69d38b7794d2b\" data-id=\"69d38b7794d2b\" data-height=\"20\" data-height-mobile=\"20\" data-height-tab=\"20\" data-height-tab-portrait=\"\" data-height-mobile-landscape=\"\" style=\"clear:both;display:block;\"><\/div><style type=\"text\/css\" data-type=\"the7_shortcodes-inline-css\">.dt-breadcrumbs-id-9ea968bfc816b9b647aa0075e3f6911c .breadcrumbs {\n  display: inline-block;\n  margin: 0;\n  padding: 2px 10px 2px 10px;\n  background: rgba(242,242,242,0.7);\n  border: 0px solid ;\n  border-radius: 0px;\n}\n.dt-breadcrumbs-id-9ea968bfc816b9b647aa0075e3f6911c .breadcrumbs * {\n  font-size: 18px;\n  line-height: 30px;\n  color: #757272;\n}<\/style><div class=\"dt-breadcrumbs-shortcode dt-breadcrumbs-id-9ea968bfc816b9b647aa0075e3f6911c align-centre\"><div class=\"assistive-text\">You are here:<\/div><ol class=\"breadcrumbs text-small\" itemscope itemtype=\"https:\/\/schema.org\/BreadcrumbList\"><li itemprop=\"itemListElement\" itemscope itemtype=\"https:\/\/schema.org\/ListItem\"><a itemprop=\"item\" href=\"https:\/\/optex-asean.com\/\" title=\"Home\"><span itemprop=\"name\">Home<\/span><\/a><meta itemprop=\"position\" content=\"1\" \/><\/li><li class=\"current\" itemprop=\"itemListElement\" itemscope itemtype=\"https:\/\/schema.org\/ListItem\"><span itemprop=\"name\">Trang<\/span><meta itemprop=\"position\" content=\"2\" \/><\/li><\/ol><\/div>[\/vc_column][\/vc_row][vc_row][vc_column][vc_single_image image=&#8221;3573&#8243; img_size=&#8221;full&#8221; alignment=&#8221;center&#8221;][\/vc_column][\/vc_row][vc_row css=&#8221;.vc_custom_1604938124099{margin-top: 40px !important;margin-bottom: 60px !important;}&#8221;][vc_column][vc_column_text]<\/p>\n<p style=\"text-align: center;\"><a class=\"elementor-button-link elementor-button elementor-size-sm\" role=\"button\" href=\"https:\/\/www.optex-fa.com\/th\/products\/\" target=\"_blank\" rel=\"noopener noreferrer\"> <span class=\"elementor-button-content-wrapper\"> <span class=\"elementor-button-text\">See Factory Automation Products<\/span> <\/span> <\/a><\/p>\n<p>[\/vc_column_text][\/vc_column][\/vc_row][vc_row content_placement=&#8221;middle&#8221; css=&#8221;.vc_custom_1602150503047{margin-bottom: 40px !important;}&#8221;][vc_column el_class=&#8221;center&#8221;][vc_column_text]<\/p>\n<h3>Corporate Profile<\/h3>\n<table class=\"stt_tb1\">\n<tbody>\n<tr>\n<th>Company name<\/th>\n<td>OPTEX FA CO., LTD.<\/td>\n<\/tr>\n<tr>\n<th>CEO<\/th>\n<td>Tatsuya Nakajima<\/td>\n<\/tr>\n<tr>\n<th>Established<\/th>\n<td>January 7, 2002<\/td>\n<\/tr>\n<tr>\n<th>Capital<\/th>\n<td>JPY 385,000,000<\/td>\n<\/tr>\n<tr>\n<th>Business<\/th>\n<td>Development, production and sales of photoelectric sensors, laser displacement sensors, vision sensors and non-contact thermometers for industrial automation use<\/td>\n<\/tr>\n<tr>\n<th>Global URL<\/th>\n<td><a href=\"https:\/\/www.optex-fa.com\/\" target=\"_blank\" rel=\"noopener noreferrer\">https:\/\/www.optex-fa.com\/<\/a><\/td>\n<\/tr>\n<tr>\n<th>Phone No.<\/th>\n<td>+66(0) 2168 3162<\/td>\n<\/tr>\n<tr>\n<th>Email<\/th>\n<td><a href=\"mailto:thailand@optex-fa.com\">thailand@optex-fa.com<\/a><\/td>\n<\/tr>\n<tr>\n<th>Product information<\/th>\n<td><a href=\"https:\/\/optex-asean.com\/wp-content\/uploads\/2020\/12\/OPTEX-FA_lineup_catalog_78026-01TH.pdf\">\u0e41\u0e04\u0e15\u0e15\u0e32\u0e25\u0e47\u0e2d\u0e01\u0e02\u0e2d\u0e07\u0e01\u0e25\u0e38\u0e48\u0e21\u0e1c\u0e25\u0e34\u0e15\u0e20\u0e31\u0e13\u0e11\u0e4c (\u0e44\u0e17\u0e22)<\/a><br \/>\n<a href=\"https:\/\/optex-asean.com\/wp-content\/uploads\/2021\/01\/catalogue_OPTEX-FA_lineup_catalog_78026-01b.pdf\">Lineup catalog (English)<\/a><\/td>\n<\/tr>\n<tr>\n<th>\n<p id=\"an1\">Product training<\/p>\n<\/th>\n<td><a href=\"https:\/\/optex-asean.com\/wp-content\/uploads\/2021\/12\/Training_Application_Optex-FA_Thailand_2022Q1.pdf\">Registration form<\/a><\/td>\n<\/tr>\n<\/tbody>\n<\/table>\n<p>[\/vc_column_text][\/vc_column][\/vc_row][vc_row css=&#8221;.vc_custom_1601639200440{margin-top: 60px !important;margin-bottom: 40px !important;}&#8221;][vc_column][vc_column_text]<b>Corporate History<\/b><\/p>\n<p>OPTEX FA CO., LTD. started as the industrial photoelectric sensor business of parent company, OPTEX CO., LTD.\u00a0 SICK OPTEX CO., LTD. was subsequently established, as a joint venture with SICK AG of Germany, the world\u2019s largest industrial sensor manufacturer. Our development and technological capabilities have been highly evaluated through business with SICK.<\/p>\n<p>In 2002, the organization became independent, as the current OPTEX FA.Along with accumulation of know-how and experience through technical collaboration with the major supplier in the industry, we have created our own product brand, FASTUS.<\/p>\n<p>OPTEX FA has now grown to be one of the core business of OPTEX GROUP CO., LTD., that is listed on the First Section of the Tokyo Stock Exchange.[\/vc_column_text][\/vc_column][\/vc_row]<\/p>\n<\/div>","protected":false},"excerpt":{"rendered":"<p>[vc_row][vc_column][vc_single_image image=&#8221;3571&#8243; img_size=&#8221;full&#8221; alignment=&#8221;center&#8221;][\/vc_column][\/vc_row][vc_row full_width=&#8221;stretch_row&#8221; bg_type=&#8221;image&#8221; parallax_style=&#8221;vcpb-default&#8221; bg_image_new=&#8221;id^303|url^https:\/\/optex-asean.com\/wp-content\/uploads\/2019\/03\/banner-fa.jpg|caption^Factory Automation Sensor|alt^null|title^Factory Automation Sensor|description^Factory Automation Sensor&#8221; bg_image_repeat=&#8221;no-repeat&#8221;][vc_column css=&#8221;.vc_custom_1604939487117{padding-top: 250px !important;padding-bottom: 250px !important;}&#8221; offset=&#8221;vc_hidden-xs&#8221;][vc_row_inner content_placement=&#8221;middle&#8221; css=&#8221;.vc_custom_1602867217443{margin: 0px !important;padding: 0px !important;background-color: rgba(0,0,0,0.63) !important;background-position: center !important;background-repeat: no-repeat !important;background-size: cover !important;*background-color: rgb(0,0,0) !important;border: 0px initial !important;}&#8221;][vc_column_inner css=&#8221;.vc_custom_1602867171671{background-position: center !important;background-repeat: no-repeat !important;background-size: cover !important;}&#8221;][\/vc_column_inner][\/vc_row_inner][\/vc_column][\/vc_row][vc_row][vc_column][vc_single_image image=&#8221;3573&#8243; img_size=&#8221;full&#8221; alignment=&#8221;center&#8221;][\/vc_column][\/vc_row][vc_row css=&#8221;.vc_custom_1604938124099{margin-top: 40px !important;margin-bottom: 60px !important;}&#8221;][vc_column][vc_column_text]&hellip;<\/p>\n","protected":false},"author":2,"featured_media":0,"parent":0,"menu_order":69,"comment_status":"closed","ping_status":"closed","template":"","meta":{"_acf_changed":false,"_locale":"vi","_original_post":"https:\/\/optex.co.th\/?page_id=2062","footnotes":""},"class_list":["post-9413","page","type-page","status-publish","hentry","vi","description-off"],"acf":[],"aioseo_notices":[],"_links":{"self":[{"href":"https:\/\/optex-asean.com\/wp-json\/wp\/v2\/pages\/9413","targetHints":{"allow":["GET"]}}],"collection":[{"href":"https:\/\/optex-asean.com\/wp-json\/wp\/v2\/pages"}],"about":[{"href":"https:\/\/optex-asean.com\/wp-json\/wp\/v2\/types\/page"}],"author":[{"embeddable":true,"href":"https:\/\/optex-asean.com\/wp-json\/wp\/v2\/users\/2"}],"replies":[{"embeddable":true,"href":"https:\/\/optex-asean.com\/wp-json\/wp\/v2\/comments?post=9413"}],"version-history":[{"count":1,"href":"https:\/\/optex-asean.com\/wp-json\/wp\/v2\/pages\/9413\/revisions"}],"predecessor-version":[{"id":20162,"href":"https:\/\/optex-asean.com\/wp-json\/wp\/v2\/pages\/9413\/revisions\/20162"}],"wp:attachment":[{"href":"https:\/\/optex-asean.com\/wp-json\/wp\/v2\/media?parent=9413"}],"curies":[{"name":"wp","href":"https:\/\/api.w.org\/{rel}","templated":true}]}}