{"id":9411,"date":"2022-11-15T15:06:54","date_gmt":"2022-11-15T08:06:54","guid":{"rendered":"https:\/\/optex-asean.com\/?page_id=9411"},"modified":"2025-10-15T10:54:12","modified_gmt":"2025-10-15T03:54:12","slug":"people_counting","status":"publish","type":"page","link":"https:\/\/optex-asean.com\/vi\/people_counting\/","title":{"rendered":"C\u1ea3m bi\u1ebfn \u0110\u1ebfm Ng\u01b0\u1eddi"},"content":{"rendered":"<div class=\"wpb-content-wrapper\"><p>[vc_row][vc_column width=&#8221;1\/3&#8243;][vc_single_image image=&#8221;195&#8243; img_size=&#8221;full&#8221;][\/vc_column][vc_column width=&#8221;2\/3&#8243; css=&#8221;.vc_custom_1602064227377{margin-right: 20px !important;margin-left: 20px !important;}&#8221;][vc_column_text]<\/p>\n<p style=\"text-align: left;\">D\u1eef li\u1ec7u l\u01b0u l\u01b0\u1ee3ng kh\u00e1ch h\u00e0ng c\u00f3 th\u1ec3 h\u1eefu \u00edch cho nhi\u1ec1u ng\u00e0nh kh\u00e1c nhau, bao g\u1ed3m c\u1ea3 ng\u00e0nh b\u00e1n l\u1ebb (v\u00ed d\u1ee5: c\u1eeda h\u00e0ng b\u00e1ch h\u00f3a, c\u1eeda h\u00e0ng b\u00e1n l\u1ebb \u0111\u1ea1i ch\u00fang v\u00e0 c\u1eeda h\u00e0ng chuy\u00ean d\u1ee5ng), c\u00e1c c\u01a1 s\u1edf c\u00f4ng c\u1ed9ng (v\u00ed d\u1ee5 ph\u00f2ng tr\u01b0ng b\u00e0y v\u00e0 b\u1ea3o t\u00e0ng) c\u0169ng nh\u01b0 trung t\u00e2m mua s\u1eafm. D\u1eef li\u1ec7u \u0111\u01b0\u1ee3c s\u1eed d\u1ee5ng \u0111\u1ec3 x\u00e1c \u0111\u1ecbnh ho\u1eb7c \u0111\u00e1nh gi\u00e1 hi\u1ec7u qu\u1ea3 c\u1ee7a c\u00e1c bi\u1ec7n ph\u00e1p nh\u1eb1m thu h\u00fat th\u00eam kh\u00e1ch h\u00e0ng ho\u1eb7c kh\u00e1ch tham quan v\u00e0 c\u1ea3i thi\u1ec7n doanh s\u1ed1 b\u00e1n h\u00e0ng.<br \/>\nC\u1ea3m bi\u1ebfn v\u1edbi C\u00f4ng ngh\u1ec7 3D c\u1ee7a Optex \u0111o l\u01b0\u1eddng s\u1ed1 l\u01b0\u1ee3ng ng\u01b0\u1eddi \u0111i qua m\u1ed9t l\u1ed1i \u0111i ho\u1eb7c l\u1ed1i v\u00e0o nh\u1ea5t \u0111\u1ecbnh v\u1edbi \u0111\u1ed9 ch\u00ednh x\u00e1c cao tr\u00ean 95%.<\/p>\n<p>[\/vc_column_text][\/vc_column][\/vc_row][vc_row][vc_column]<div class=\"ult-spacer spacer-69edf2f58757b\" data-id=\"69edf2f58757b\" data-height=\"40\" data-height-mobile=\"40\" data-height-tab=\"40\" data-height-tab-portrait=\"\" data-height-mobile-landscape=\"\" style=\"clear:both;display:block;\"><\/div>[\/vc_column][\/vc_row][vc_row][vc_column]<style type=\"text\/css\" data-type=\"the7_shortcodes-inline-css\">.portfolio-shortcode.portfolio-masonry-shortcode-id-d4cb911366989e2f12ee9c54f0b026cf.content-bg-on.classic-layout-list article {\n  background: #ffffff;\n  -webkit-box-shadow: none;\n  box-shadow: none;\n}\n.portfolio-shortcode.portfolio-masonry-shortcode-id-d4cb911366989e2f12ee9c54f0b026cf.dividers-on.classic-layout-list article {\n  padding-top: 0;\n}\n.portfolio-shortcode.portfolio-masonry-shortcode-id-d4cb911366989e2f12ee9c54f0b026cf.dividers-on.classic-layout-list article:first-of-type {\n  margin-top: 0;\n  padding-top: 0;\n}\n.portfolio-shortcode.portfolio-masonry-shortcode-id-d4cb911366989e2f12ee9c54f0b026cf.classic-layout-list.mode-list .post-entry-content {\n  width: calc(100% - );\n}\n.portfolio-shortcode.portfolio-masonry-shortcode-id-d4cb911366989e2f12ee9c54f0b026cf.classic-layout-list.mode-list .no-img .post-entry-content {\n  width: 100%;\n}\n.portfolio-shortcode.portfolio-masonry-shortcode-id-d4cb911366989e2f12ee9c54f0b026cf .filter-bg-decoration .filter-categories a.act {\n  color: #fff;\n}\n.portfolio-shortcode.portfolio-masonry-shortcode-id-d4cb911366989e2f12ee9c54f0b026cf:not(.mode-masonry) article:first-of-type,\n.portfolio-shortcode.portfolio-masonry-shortcode-id-d4cb911366989e2f12ee9c54f0b026cf:not(.mode-masonry) article.visible.first {\n  margin-top: 0;\n}\n.portfolio-shortcode.portfolio-masonry-shortcode-id-d4cb911366989e2f12ee9c54f0b026cf.dividers-on:not(.mode-masonry) article {\n  margin-top: 0;\n}\n.portfolio-shortcode.portfolio-masonry-shortcode-id-d4cb911366989e2f12ee9c54f0b026cf.dividers-on:not(.mode-masonry) article:first-of-type,\n.portfolio-shortcode.portfolio-masonry-shortcode-id-d4cb911366989e2f12ee9c54f0b026cf.dividers-on:not(.mode-masonry) article.visible.first {\n  margin-top: 0;\n  padding-top: 0;\n}\n.portfolio-shortcode.portfolio-masonry-shortcode-id-d4cb911366989e2f12ee9c54f0b026cf.hover-scale article:after {\n  background: -webkit-linear-gradient();\n  background: linear-gradient();\n}\n.portfolio-shortcode.portfolio-masonry-shortcode-id-d4cb911366989e2f12ee9c54f0b026cf.gradient-overlay-layout-list article {\n  border-radius: 0px;\n}\n.portfolio-shortcode.portfolio-masonry-shortcode-id-d4cb911366989e2f12ee9c54f0b026cf .post-thumbnail-wrap {\n  padding: 50px 100px 0px 100px;\n  border-radius: 0px;\n}\n.portfolio-shortcode.portfolio-masonry-shortcode-id-d4cb911366989e2f12ee9c54f0b026cf .post-thumbnail-wrap *,\n.portfolio-shortcode.portfolio-masonry-shortcode-id-d4cb911366989e2f12ee9c54f0b026cf .post-thumbnail-rollover:after {\n  border-radius: 0px;\n}\n.portfolio-shortcode.portfolio-masonry-shortcode-id-d4cb911366989e2f12ee9c54f0b026cf.enable-bg-rollover .post-thumbnail-rollover:after {\n  background: -webkit-linear-gradient();\n  background: linear-gradient();\n}\n.bottom-overlap-layout-list.portfolio-shortcode.portfolio-masonry-shortcode-id-d4cb911366989e2f12ee9c54f0b026cf .project-links-container {\n  height: calc(100% - 100px);\n}\n.portfolio-shortcode.portfolio-masonry-shortcode-id-d4cb911366989e2f12ee9c54f0b026cf .project-links-container a {\n  width: 44px;\n  height: 44px;\n  line-height: 44px;\n  border-radius: 100px;\n  margin: 10px 5px 10px;\n}\n.content-rollover-layout-list:not(.content-align-center).portfolio-shortcode.portfolio-masonry-shortcode-id-d4cb911366989e2f12ee9c54f0b026cf .project-links-container a,\n.gradient-overlay-layout-list:not(.content-align-center).portfolio-shortcode.portfolio-masonry-shortcode-id-d4cb911366989e2f12ee9c54f0b026cf .project-links-container a {\n  margin: 10px 10px 10px 0;\n}\n.dt-icon-border-on.portfolio-shortcode.portfolio-masonry-shortcode-id-d4cb911366989e2f12ee9c54f0b026cf .project-links-container a:before {\n  border-width: 0px;\n  border-style: solid;\n}\n.dt-icon-hover-border-on.portfolio-shortcode.portfolio-masonry-shortcode-id-d4cb911366989e2f12ee9c54f0b026cf .project-links-container a:after {\n  border-width: 0px;\n  border-style: solid;\n}\n.dt-icon-bg-on.portfolio-shortcode.portfolio-masonry-shortcode-id-d4cb911366989e2f12ee9c54f0b026cf .project-links-container a:before {\n  background: rgba(255,255,255,0.3);\n  -webkit-box-shadow: none;\n  box-shadow: none;\n}\n.dt-icon-hover-bg-on.portfolio-shortcode.portfolio-masonry-shortcode-id-d4cb911366989e2f12ee9c54f0b026cf .project-links-container a:after {\n  background: rgba(255,255,255,0.5);\n  -webkit-box-shadow: none;\n  box-shadow: none;\n}\n.portfolio-shortcode.portfolio-masonry-shortcode-id-d4cb911366989e2f12ee9c54f0b026cf .project-links-container a > span,\n.portfolio-shortcode.portfolio-masonry-shortcode-id-d4cb911366989e2f12ee9c54f0b026cf .project-links-container a > span:before {\n  font-size: 16px;\n  line-height: 44px;\n}\n.portfolio-shortcode.portfolio-masonry-shortcode-id-d4cb911366989e2f12ee9c54f0b026cf .project-links-container a:not(:hover) > span {\n  color: #ffffff;\n}\n.dt-icon-hover-off.portfolio-shortcode.portfolio-masonry-shortcode-id-d4cb911366989e2f12ee9c54f0b026cf .project-links-container a > span,\n.dt-icon-hover-off.portfolio-shortcode.portfolio-masonry-shortcode-id-d4cb911366989e2f12ee9c54f0b026cf .project-links-container a:hover > span {\n  color: #ffffff;\n}\n.dt-icon-hover-on.portfolio-shortcode.portfolio-masonry-shortcode-id-d4cb911366989e2f12ee9c54f0b026cf .project-links-container a:hover > span {\n  color: #ffffff;\n}\n.portfolio-shortcode.portfolio-masonry-shortcode-id-d4cb911366989e2f12ee9c54f0b026cf .entry-title,\n.portfolio-shortcode.portfolio-masonry-shortcode-id-d4cb911366989e2f12ee9c54f0b026cf.owl-carousel .entry-title {\n  margin-bottom: 5px;\n  font-weight: bold;\n}\n.portfolio-shortcode.portfolio-masonry-shortcode-id-d4cb911366989e2f12ee9c54f0b026cf .entry-meta {\n  margin-bottom: 15px;\n}\n.portfolio-shortcode.portfolio-masonry-shortcode-id-d4cb911366989e2f12ee9c54f0b026cf .portfolio-categories {\n  margin-bottom: 15px;\n}\n.portfolio-shortcode.portfolio-masonry-shortcode-id-d4cb911366989e2f12ee9c54f0b026cf .entry-excerpt {\n  margin-bottom: 5px;\n}\n.portfolio-shortcode.portfolio-masonry-shortcode-id-d4cb911366989e2f12ee9c54f0b026cf:not(.centered-layout-list) .post-entry-content {\n  padding: 25px 30px 30px 30px;\n}\n.portfolio-shortcode.portfolio-masonry-shortcode-id-d4cb911366989e2f12ee9c54f0b026cf:not(.centered-layout-list):not(\n      .content-bg-on\n    ):not(.mode-list)\n    .no-img\n    .post-entry-content {\n  padding: 0;\n}\n.portfolio-shortcode.portfolio-masonry-shortcode-id-d4cb911366989e2f12ee9c54f0b026cf.content-bg-on:not(.classic-layout-list):not(\n      .centered-layout-list\n    ):not(.gradient-overlay-layout-list)\n    .post-entry-content {\n  background: #ffffff;\n  -webkit-box-shadow: none;\n  box-shadow: none;\n}\n.portfolio-shortcode.portfolio-masonry-shortcode-id-d4cb911366989e2f12ee9c54f0b026cf.gradient-overlay-layout-list .post-entry-content {\n  border-radius: 0px;\n}\n@media screen and (max-width: ) {\n  .portfolio-shortcode.portfolio-masonry-shortcode-id-d4cb911366989e2f12ee9c54f0b026cf article {\n    -webkit-flex-flow: column nowrap;\n    -moz-flex-flow: column nowrap;\n    -ms-flex-flow: column nowrap;\n    flex-flow: column nowrap;\n    margin-top: 20px;\n  }\n  .portfolio-shortcode.portfolio-masonry-shortcode-id-d4cb911366989e2f12ee9c54f0b026cf.dividers-on article {\n    border: none;\n  }\n  .portfolio-shortcode.portfolio-masonry-shortcode-id-d4cb911366989e2f12ee9c54f0b026cf.content-bg-on.centered-layout-list article {\n    padding: 0;\n  }\n  #page .portfolio-shortcode.portfolio-masonry-shortcode-id-d4cb911366989e2f12ee9c54f0b026cf .post-thumbnail-wrap,\n  #page .portfolio-shortcode.portfolio-masonry-shortcode-id-d4cb911366989e2f12ee9c54f0b026cf .post-entry-content {\n    width: 100%;\n    margin: 0;\n    top: 0;\n  }\n  #page .portfolio-shortcode.portfolio-masonry-shortcode-id-d4cb911366989e2f12ee9c54f0b026cf .post-thumbnail-wrap {\n    padding: 0;\n  }\n  #page .portfolio-shortcode.portfolio-masonry-shortcode-id-d4cb911366989e2f12ee9c54f0b026cf .post-entry-content:after {\n    display: none;\n  }\n  #page .portfolio-shortcode.portfolio-masonry-shortcode-id-d4cb911366989e2f12ee9c54f0b026cf .project-even .post-thumbnail-wrap,\n  #page .portfolio-shortcode.portfolio-masonry-shortcode-id-d4cb911366989e2f12ee9c54f0b026cf.centered-layout-list .post-thumbnail-wrap {\n    -webkit-order: 0;\n    -moz-order: 0;\n    -ms-flex-order: 0;\n    order: 0;\n  }\n  #page .portfolio-shortcode.portfolio-masonry-shortcode-id-d4cb911366989e2f12ee9c54f0b026cf.centered-layout-list .post-entry-title-content {\n    -webkit-order: 1;\n    -moz-order: 1;\n    -ms-flex-order: 1;\n    order: 1;\n    width: 100%;\n    padding: 20px 20px 0;\n  }\n  #page .portfolio-shortcode.portfolio-masonry-shortcode-id-d4cb911366989e2f12ee9c54f0b026cf.centered-layout-list .post-entry-content {\n    -webkit-order: 2;\n    -moz-order: 2;\n    -ms-flex-order: 2;\n    order: 2;\n    padding-top: 0;\n  }\n  #page .portfolio-shortcode.portfolio-masonry-shortcode-id-d4cb911366989e2f12ee9c54f0b026cf .post-entry-content {\n    padding: 20px;\n  }\n  #page .portfolio-shortcode.portfolio-masonry-shortcode-id-d4cb911366989e2f12ee9c54f0b026cf .entry-title {\n    margin: 3px 0 5px;\n    font-size: 20px;\n    line-height: 26px;\n  }\n  #page .portfolio-shortcode.portfolio-masonry-shortcode-id-d4cb911366989e2f12ee9c54f0b026cf .entry-meta {\n    margin: 5px 0 5px;\n  }\n  #page .portfolio-shortcode.portfolio-masonry-shortcode-id-d4cb911366989e2f12ee9c54f0b026cf .entry-excerpt {\n    margin: 15px 0 0;\n  }\n  #page .portfolio-shortcode.portfolio-masonry-shortcode-id-d4cb911366989e2f12ee9c54f0b026cf .post-details {\n    margin: 5px 0 10px;\n  }\n  #page .portfolio-shortcode.portfolio-masonry-shortcode-id-d4cb911366989e2f12ee9c54f0b026cf .post-details.details-type-link {\n    margin-bottom: 2px;\n  }\n}\n.portfolio-shortcode.portfolio-masonry-shortcode-id-d4cb911366989e2f12ee9c54f0b026cf:not(.resize-by-browser-width) .dt-css-grid {\n  grid-row-gap: 30px;\n  grid-column-gap: 30px;\n  grid-template-columns: repeat(auto-fill,minmax(,1fr));\n}\n.portfolio-shortcode.portfolio-masonry-shortcode-id-d4cb911366989e2f12ee9c54f0b026cf:not(.resize-by-browser-width) .dt-css-grid .double-width {\n  grid-column: span 2;\n}\n.cssgridlegacy.no-cssgrid .portfolio-shortcode.portfolio-masonry-shortcode-id-d4cb911366989e2f12ee9c54f0b026cf:not(.resize-by-browser-width) .dt-css-grid,\n.no-cssgridlegacy.no-cssgrid .portfolio-shortcode.portfolio-masonry-shortcode-id-d4cb911366989e2f12ee9c54f0b026cf:not(.resize-by-browser-width) .dt-css-grid {\n  display: flex;\n  flex-flow: row wrap;\n  margin: -15px;\n}\n.cssgridlegacy.no-cssgrid .portfolio-shortcode.portfolio-masonry-shortcode-id-d4cb911366989e2f12ee9c54f0b026cf:not(.resize-by-browser-width) .dt-css-grid .wf-cell,\n.no-cssgridlegacy.no-cssgrid .portfolio-shortcode.portfolio-masonry-shortcode-id-d4cb911366989e2f12ee9c54f0b026cf:not(.resize-by-browser-width) .dt-css-grid .wf-cell {\n  flex: 1 0 ;\n  max-width: 100%;\n  padding: 15px;\n  box-sizing: border-box;\n}\n.portfolio-shortcode.portfolio-masonry-shortcode-id-d4cb911366989e2f12ee9c54f0b026cf.resize-by-browser-width .dt-css-grid {\n  grid-template-columns: repeat(3,1fr);\n  grid-template-rows: auto;\n  grid-column-gap: 30px;\n  grid-row-gap: 30px;\n}\n.portfolio-shortcode.portfolio-masonry-shortcode-id-d4cb911366989e2f12ee9c54f0b026cf.resize-by-browser-width .dt-css-grid .double-width {\n  grid-column: span 2;\n}\n.cssgridlegacy.no-cssgrid .portfolio-shortcode.portfolio-masonry-shortcode-id-d4cb911366989e2f12ee9c54f0b026cf.resize-by-browser-width .dt-css-grid {\n  margin: -15px;\n}\n.cssgridlegacy.no-cssgrid .portfolio-shortcode.portfolio-masonry-shortcode-id-d4cb911366989e2f12ee9c54f0b026cf.resize-by-browser-width .dt-css-grid .wf-cell {\n  width: 33.333333333333%;\n  padding: 15px;\n}\n.cssgridlegacy.no-cssgrid .portfolio-shortcode.portfolio-masonry-shortcode-id-d4cb911366989e2f12ee9c54f0b026cf.resize-by-browser-width .dt-css-grid .wf-cell.double-width {\n  width: calc(33.333333333333%) * 2;\n}\n.portfolio-shortcode.portfolio-masonry-shortcode-id-d4cb911366989e2f12ee9c54f0b026cf.resize-by-browser-width:not(.centered-layout-list):not(.content-bg-on) .dt-css-grid {\n  grid-row-gap: 0px;\n}\n@media screen and (max-width: 1199px) {\n  .portfolio-shortcode.portfolio-masonry-shortcode-id-d4cb911366989e2f12ee9c54f0b026cf.resize-by-browser-width .dt-css-grid {\n    grid-template-columns: repeat(3,1fr);\n  }\n  .cssgridlegacy.no-cssgrid .portfolio-shortcode.portfolio-masonry-shortcode-id-d4cb911366989e2f12ee9c54f0b026cf.resize-by-browser-width .dt-css-grid .wf-cell,\n  .no-cssgridlegacy.no-cssgrid .portfolio-shortcode.portfolio-masonry-shortcode-id-d4cb911366989e2f12ee9c54f0b026cf.resize-by-browser-width .dt-css-grid .wf-cell {\n    width: 33.333333333333%;\n  }\n  .cssgridlegacy.no-cssgrid .portfolio-shortcode.portfolio-masonry-shortcode-id-d4cb911366989e2f12ee9c54f0b026cf.resize-by-browser-width .dt-css-grid .wf-cell.double-width,\n  .no-cssgridlegacy.no-cssgrid .portfolio-shortcode.portfolio-masonry-shortcode-id-d4cb911366989e2f12ee9c54f0b026cf.resize-by-browser-width .dt-css-grid .wf-cell.double-width {\n    width: calc(33.333333333333%)*2;\n  }\n}\n@media screen and (max-width: 991px) {\n  .portfolio-shortcode.portfolio-masonry-shortcode-id-d4cb911366989e2f12ee9c54f0b026cf.resize-by-browser-width .dt-css-grid {\n    grid-template-columns: repeat(2,1fr);\n  }\n  .cssgridlegacy.no-cssgrid .portfolio-shortcode.portfolio-masonry-shortcode-id-d4cb911366989e2f12ee9c54f0b026cf.resize-by-browser-width .dt-css-grid .wf-cell,\n  .no-cssgridlegacy.no-cssgrid .portfolio-shortcode.portfolio-masonry-shortcode-id-d4cb911366989e2f12ee9c54f0b026cf.resize-by-browser-width .dt-css-grid .wf-cell {\n    width: 50%;\n  }\n  .cssgridlegacy.no-cssgrid .portfolio-shortcode.portfolio-masonry-shortcode-id-d4cb911366989e2f12ee9c54f0b026cf.resize-by-browser-width .dt-css-grid .wf-cell.double-width,\n  .no-cssgridlegacy.no-cssgrid .portfolio-shortcode.portfolio-masonry-shortcode-id-d4cb911366989e2f12ee9c54f0b026cf.resize-by-browser-width .dt-css-grid .wf-cell.double-width {\n    width: calc(50%)*2;\n  }\n}\n@media screen and (max-width: 767px) {\n  .portfolio-shortcode.portfolio-masonry-shortcode-id-d4cb911366989e2f12ee9c54f0b026cf.resize-by-browser-width .dt-css-grid {\n    grid-template-columns: repeat(1,1fr);\n  }\n  .portfolio-shortcode.portfolio-masonry-shortcode-id-d4cb911366989e2f12ee9c54f0b026cf.resize-by-browser-width .dt-css-grid .double-width {\n    grid-column: span 1;\n  }\n  .cssgridlegacy.no-cssgrid .portfolio-shortcode.portfolio-masonry-shortcode-id-d4cb911366989e2f12ee9c54f0b026cf.resize-by-browser-width .dt-css-grid .wf-cell,\n  .no-cssgridlegacy.no-cssgrid .portfolio-shortcode.portfolio-masonry-shortcode-id-d4cb911366989e2f12ee9c54f0b026cf.resize-by-browser-width .dt-css-grid .wf-cell {\n    width: 100%;\n  }\n  .cssgridlegacy.no-cssgrid .portfolio-shortcode.portfolio-masonry-shortcode-id-d4cb911366989e2f12ee9c54f0b026cf.resize-by-browser-width .dt-css-grid .wf-cell.double-width,\n  .no-cssgridlegacy.no-cssgrid .portfolio-shortcode.portfolio-masonry-shortcode-id-d4cb911366989e2f12ee9c54f0b026cf.resize-by-browser-width .dt-css-grid .wf-cell.double-width {\n    width: calc(100%)*2;\n  }\n}<\/style><div class=\"portfolio-shortcode portfolio-masonry-shortcode-id-d4cb911366989e2f12ee9c54f0b026cf mode-grid classic-layout-list content-bg-on jquery-filter dt-icon-bg-on dt-icon-border-on dt-icon-hover-on dt-icon-hover-border-on dt-icon-hover-bg-on scale-img meta-info-off dt-css-grid-wrap resize-by-browser-width  vc_custom_1605400363314 loading-effect-none description-under-image \" data-padding=\"15px\" data-cur-page=\"1\" data-post-limit=\"-1\" data-pagination-mode=\"none\" data-desktop-columns-num=\"3\" data-v-tablet-columns-num=\"2\" data-h-tablet-columns-num=\"3\" data-phone-columns-num=\"1\" data-width=\"0px\" data-columns=\"0\"><div class=\"dt-css-grid\" ><div class=\"visible wf-cell\" data-post-id=\"10738\" data-date=\"2023-02-08T14:13:23+07:00\" data-name=\"VC-1020 Surface Mount - C\u1ea3m bi\u1ebfn \u0111\u1ebfm ng\u01b0\u1eddi\"><article class=\"post visible post-10738 dt_portfolio type-dt_portfolio status-publish has-post-thumbnail hentry dt_portfolio_category-people-counting-sensor dt_portfolio_category-people-counting vi dt_portfolio_category-104 dt_portfolio_category-90\" data-name=\"VC-1020 Surface Mount &#8211; C\u1ea3m bi\u1ebfn \u0111\u1ebfm ng\u01b0\u1eddi\" data-date=\"2023-02-08T14:13:23+07:00\">\n\n<div class=\"post-thumbnail-wrap forward-post \">\n\t<div class=\"post-thumbnail\">\n\n\t\t<a href=\"https:\/\/optex-asean.com\/vi\/product\/vc-1020\/\" class=\"post-thumbnail-rollover layzr-bg\" target=\"\"  aria-label=\"Post image\"><img fetchpriority=\"high\" decoding=\"async\" class=\"iso-lazy-load preload-me iso-lazy-load aspect\" src=\"data:image\/svg+xml,%3Csvg%20xmlns%3D&#39;http%3A%2F%2Fwww.w3.org%2F2000%2Fsvg&#39;%20viewBox%3D&#39;0%200%20529%20529&#39;%2F%3E\" data-src=\"https:\/\/optex-asean.com\/wp-content\/uploads\/2020\/11\/VC-1020.png\" data-srcset=\"https:\/\/optex-asean.com\/wp-content\/uploads\/2020\/11\/VC-1020.png 529w\" loading=\"eager\" style=\"--ratio: 529 \/ 529\" sizes=\"(max-width: 529px) 100vw, 529px\" alt=\"\" title=\"VC-1020\" width=\"529\" height=\"529\"  \/><\/a>\n\t<\/div>\n<\/div>\n\n\n<div class=\"post-entry-content\">\n\n\t<h3 class=\"entry-title\">\n\t\t<a href=\"https:\/\/optex-asean.com\/vi\/product\/vc-1020\/\" target=\"\" title=\"VC-1020 Surface Mount &#8211; C\u1ea3m bi\u1ebfn \u0111\u1ebfm ng\u01b0\u1eddi\" rel=\"bookmark\">VC-1020 Surface Mount &#8211; C\u1ea3m bi\u1ebfn \u0111\u1ebfm ng\u01b0\u1eddi<\/a>\n\t<\/h3>\n\n\t\n\t<div class=\"entry-excerpt\"><ul class=\"deldot\">\n<li style=\"text-align: left;\">C\u1ea3m bi\u1ebfn \u0111\u1ebfm ng\u01b0\u1eddi ch\u00ednh x\u00e1c v\u00e0 \u0111\u00e1ng tin c\u1eady, quan tr\u1ecdng \u0111\u1ed1i v\u1edbi c\u00e1c C\u01a1 s\u1edf B\u00e1n l\u1ebb.<\/li>\n<li style=>\u25cf Cung c\u1ea5p kh\u1ea3 n\u0103ng \u0111\u1ebfm t\u1ef1 \u0111\u1ed9ng s\u1ed1 ng\u01b0\u1eddi ra v\u00e0o c\u1eeda h\u00e0ng v\u00e0 c\u01a1 s\u1edf<\/li>\n<li style=>\u25cf Theo d\u00f5i ch\u00ednh x\u00e1c c\u00e1c chuy\u1ec3n \u0111\u1ed9ng ph\u1ee9c t\u1ea1p<\/li>\n<li style=>\u25cf C\u1ea3m bi\u1ebfn x\u1eed l\u00fd l\u01b0\u1ee3t \u0111\u1ebfm, l\u01b0u tr\u1eef v\u00e0 truy\u1ec1n d\u1eef li\u1ec7u<\/li>\n<li style=>\u25cf Giao di\u1ec7n thi\u1ebft l\u1eadp \u0111\u01a1n gi\u1ea3n d\u1ef1a tr\u00ean Web<\/li>\n<li style=>\u25cf Truy\u1ec1n ph\u00e1t video<\/li>\n<li style=>\u25cf Truy\u1ec1n d\u1eef li\u1ec7u qua FTP\/ FTPS<\/li>\n<li style=>\u25cf H\u1ed7 tr\u1ee3 POE<\/li>\n<\/ul>\n<\/div>\n\t<a class=\"post-details details-type-link\" href=\"https:\/\/optex-asean.com\/vi\/product\/vc-1020\/\" target=\"\">Read more<i class=\"dt-icon-the7-arrow-03\" aria-hidden=\"true\"><\/i><\/a>\n<\/div><\/article><\/div><div class=\"visible wf-cell\" data-post-id=\"10744\" data-date=\"2023-02-08T14:21:11+07:00\" data-name=\"VC-1050 Flush Mount - C\u1ea3m bi\u1ebfn \u0111\u1ebfm ng\u01b0\u1eddi\"><article class=\"post visible post-10744 dt_portfolio type-dt_portfolio status-publish has-post-thumbnail hentry dt_portfolio_category-people-counting-sensor dt_portfolio_category-people-counting vi dt_portfolio_category-104 dt_portfolio_category-90\" data-name=\"VC-1050 Flush Mount &#8211; C\u1ea3m bi\u1ebfn \u0111\u1ebfm ng\u01b0\u1eddi\" data-date=\"2023-02-08T14:21:11+07:00\">\n\n<div class=\"post-thumbnail-wrap forward-post \">\n\t<div class=\"post-thumbnail\">\n\n\t\t<a href=\"https:\/\/optex-asean.com\/vi\/product\/vc-1050\/\" class=\"post-thumbnail-rollover layzr-bg\" target=\"\"  aria-label=\"Post image\"><img decoding=\"async\" class=\"iso-lazy-load preload-me iso-lazy-load aspect\" src=\"data:image\/svg+xml,%3Csvg%20xmlns%3D&#39;http%3A%2F%2Fwww.w3.org%2F2000%2Fsvg&#39;%20viewBox%3D&#39;0%200%20529%20529&#39;%2F%3E\" data-src=\"https:\/\/optex-asean.com\/wp-content\/uploads\/2020\/11\/VC-1050.png\" data-srcset=\"https:\/\/optex-asean.com\/wp-content\/uploads\/2020\/11\/VC-1050.png 529w\" loading=\"eager\" style=\"--ratio: 529 \/ 529\" sizes=\"(max-width: 529px) 100vw, 529px\" alt=\"\" title=\"VC-1050\" width=\"529\" height=\"529\"  \/><\/a>\n\t<\/div>\n<\/div>\n\n\n<div class=\"post-entry-content\">\n\n\t<h3 class=\"entry-title\">\n\t\t<a href=\"https:\/\/optex-asean.com\/vi\/product\/vc-1050\/\" target=\"\" title=\"VC-1050 Flush Mount &#8211; C\u1ea3m bi\u1ebfn \u0111\u1ebfm ng\u01b0\u1eddi\" rel=\"bookmark\">VC-1050 Flush Mount &#8211; C\u1ea3m bi\u1ebfn \u0111\u1ebfm ng\u01b0\u1eddi<\/a>\n\t<\/h3>\n\n\t\n\t<div class=\"entry-excerpt\"><ul class=\"deldot\">\n<li style=\"text-align: left;\">C\u1ea3m bi\u1ebfn \u0111\u1ebfm ng\u01b0\u1eddi ch\u00ednh x\u00e1c v\u00e0 \u0111\u00e1ng tin c\u1eady, quan tr\u1ecdng \u0111\u1ed1i v\u1edbi c\u00e1c C\u01a1 s\u1edf B\u00e1n l\u1ebb.<\/li>\n<li style=>\u25cf Flush Mount<\/li>\n<li style=>\u25cf Cung c\u1ea5p kh\u1ea3 n\u0103ng \u0111\u1ebfm t\u1ef1 \u0111\u1ed9ng s\u1ed1 ng\u01b0\u1eddi ra v\u00e0o c\u1eeda h\u00e0ng v\u00e0 c\u01a1 s\u1edf (IN\/OUT Bi-Directional &#038; Multiple Counts)<\/li>\n<li style=>\u25cf Theo d\u00f5i ch\u00ednh x\u00e1c c\u00e1c chuy\u1ec3n \u0111\u1ed9ng ph\u1ee9c t\u1ea1p (ng\u01b0\u1eddi \u0111\u1ee9ng y\u00ean, quay l\u1ea1i, \u0111\u00e1m \u0111\u00f4ng)<\/li>\n<li style=>\u25cf C\u1ea3m bi\u1ebfn x\u1eed l\u00fd l\u01b0\u1ee3t \u0111\u1ebfm, l\u01b0u tr\u1eef v\u00e0 truy\u1ec1n d\u1eef li\u1ec7u<\/li>\n<li style=>\u25cf Giao di\u1ec7n thi\u1ebft l\u1eadp \u0111\u01a1n gi\u1ea3n d\u1ef1a tr\u00ean Web<\/li>\n<li style=>\u25cf Truy\u1ec1n ph\u00e1t video<\/li>\n<li style=>\u25cf H\u1ed7 tr\u1ee3 POE<\/li>\n<\/ul>\n<\/div>\n\t<a class=\"post-details details-type-link\" href=\"https:\/\/optex-asean.com\/vi\/product\/vc-1050\/\" target=\"\">Read more<i class=\"dt-icon-the7-arrow-03\" aria-hidden=\"true\"><\/i><\/a>\n<\/div><\/article><\/div><\/div><!-- iso-container|iso-grid --><\/div>[\/vc_column][\/vc_row]<\/p>\n<\/div>","protected":false},"excerpt":{"rendered":"<p>[vc_row][vc_column width=&#8221;1\/3&#8243;][vc_single_image image=&#8221;195&#8243; img_size=&#8221;full&#8221;][\/vc_column][vc_column width=&#8221;2\/3&#8243; css=&#8221;.vc_custom_1602064227377{margin-right: 20px !important;margin-left: 20px !important;}&#8221;][vc_column_text] D\u1eef li\u1ec7u l\u01b0u l\u01b0\u1ee3ng kh\u00e1ch h\u00e0ng c\u00f3 th\u1ec3 h\u1eefu \u00edch cho nhi\u1ec1u ng\u00e0nh kh\u00e1c nhau, bao g\u1ed3m c\u1ea3 ng\u00e0nh b\u00e1n l\u1ebb (v\u00ed d\u1ee5: c\u1eeda h\u00e0ng b\u00e1ch h\u00f3a, c\u1eeda h\u00e0ng b\u00e1n l\u1ebb \u0111\u1ea1i ch\u00fang v\u00e0 c\u1eeda h\u00e0ng chuy\u00ean d\u1ee5ng), c\u00e1c c\u01a1 s\u1edf c\u00f4ng c\u1ed9ng (v\u00ed d\u1ee5&hellip;<\/p>\n","protected":false},"author":2,"featured_media":0,"parent":0,"menu_order":65,"comment_status":"closed","ping_status":"closed","template":"","meta":{"_acf_changed":false,"_locale":"vi","_original_post":"https:\/\/optex.co.th\/?page_id=2056","footnotes":""},"class_list":["post-9411","page","type-page","status-publish","hentry","vi","description-off"],"acf":[],"aioseo_notices":[],"_links":{"self":[{"href":"https:\/\/optex-asean.com\/wp-json\/wp\/v2\/pages\/9411","targetHints":{"allow":["GET"]}}],"collection":[{"href":"https:\/\/optex-asean.com\/wp-json\/wp\/v2\/pages"}],"about":[{"href":"https:\/\/optex-asean.com\/wp-json\/wp\/v2\/types\/page"}],"author":[{"embeddable":true,"href":"https:\/\/optex-asean.com\/wp-json\/wp\/v2\/users\/2"}],"replies":[{"embeddable":true,"href":"https:\/\/optex-asean.com\/wp-json\/wp\/v2\/comments?post=9411"}],"version-history":[{"count":1,"href":"https:\/\/optex-asean.com\/wp-json\/wp\/v2\/pages\/9411\/revisions"}],"predecessor-version":[{"id":20163,"href":"https:\/\/optex-asean.com\/wp-json\/wp\/v2\/pages\/9411\/revisions\/20163"}],"wp:attachment":[{"href":"https:\/\/optex-asean.com\/wp-json\/wp\/v2\/media?parent=9411"}],"curies":[{"name":"wp","href":"https:\/\/api.w.org\/{rel}","templated":true}]}}