{"id":9407,"date":"2022-11-15T14:42:32","date_gmt":"2022-11-15T07:42:32","guid":{"rendered":"https:\/\/optex-asean.com\/?page_id=9407"},"modified":"2025-10-15T10:54:12","modified_gmt":"2025-10-15T03:54:12","slug":"swing-doors","status":"publish","type":"page","link":"https:\/\/optex-asean.com\/vi\/swing-doors\/","title":{"rendered":"C\u1ea3m bi\u1ebfn C\u1eeda xoay"},"content":{"rendered":"<div class=\"wpb-content-wrapper\"><p>[vc_row][vc_column][vc_column_text]<\/p>\n<p style=\"text-align: left;\">C\u1ea3m bi\u1ebfn c\u1eeda xoay OPTEX \u0111\u01b0\u1ee3c s\u1eed d\u1ee5ng trong b\u1ec7nh vi\u1ec7n, s\u00e2n bay, v.v. tr\u00ean to\u00e0n th\u1ebf gi\u1edbi.<\/p>\n<p>[\/vc_column_text][\/vc_column][\/vc_row][vc_row content_placement=&#8221;middle&#8221; css=&#8221;.vc_custom_1602150503047{margin-bottom: 40px !important;}&#8221;][vc_column el_class=&#8221;center&#8221;]<style type=\"text\/css\" data-type=\"the7_shortcodes-inline-css\">#default-btn-36c30c2e29806fe228f0d0bd25f75ccd.ico-right-side > i {\n  margin-right: 0px;\n  margin-left: 8px;\n}\n#default-btn-36c30c2e29806fe228f0d0bd25f75ccd > i {\n  margin-right: 8px;\n}<\/style><div class=\"btn-align-left\"><a href=\"https:\/\/optex-asean.com\/vi\/automatic_door\/\" class=\"default-btn-shortcode dt-btn dt-btn-m link-hover-off menu_product  vc_custom_1675604019833\" id=\"default-btn-36c30c2e29806fe228f0d0bd25f75ccd\"><span>Xem t\u1ea5t c\u1ea3<\/span><\/a><\/div><div class=\"ult-spacer spacer-69e74f4dbda06\" data-id=\"69e74f4dbda06\" data-height=\"10\" data-height-mobile=\"10\" data-height-tab=\"10\" data-height-tab-portrait=\"\" data-height-mobile-landscape=\"\" style=\"clear:both;display:block;\"><\/div><style type=\"text\/css\" data-type=\"the7_shortcodes-inline-css\">#default-btn-e2a96f2d9ad1be81f83f213c7a5a57f5.ico-right-side > i {\n  margin-right: 0px;\n  margin-left: 8px;\n}\n#default-btn-e2a96f2d9ad1be81f83f213c7a5a57f5 > i {\n  margin-right: 8px;\n}<\/style><a href=\"https:\/\/optex-asean.com\/vi\/sliding-doors\/\" class=\"default-btn-shortcode dt-btn dt-btn-m link-hover-off menu_product btn-inline-left  vc_custom_1675604053444\" id=\"default-btn-e2a96f2d9ad1be81f83f213c7a5a57f5\"><span>C\u1eeda tr\u01b0\u1ee3t<\/span><\/a><style type=\"text\/css\" data-type=\"the7_shortcodes-inline-css\">#default-btn-d98040a3963d4af069e6f05b50aa3320.ico-right-side > i {\n  margin-right: 0px;\n  margin-left: 1px;\n}\n#default-btn-d98040a3963d4af069e6f05b50aa3320 > i {\n  margin-right: 1px;\n}<\/style><a href=\"https:\/\/optex-asean.com\/vi\/swing-doors\/\" class=\"default-btn-shortcode dt-btn dt-btn-m link-hover-off menu_product btn-inline-left  vc_custom_1675604075747\" id=\"default-btn-d98040a3963d4af069e6f05b50aa3320\"><i class=\"dt-icon-the7-arrow-552\"><\/i><span>C\u1eeda xoay<\/span><\/a><style type=\"text\/css\" data-type=\"the7_shortcodes-inline-css\">#default-btn-ce832458512862325ce9b681e9400c22.ico-right-side > i {\n  margin-right: 0px;\n  margin-left: 8px;\n}\n#default-btn-ce832458512862325ce9b681e9400c22 > i {\n  margin-right: 8px;\n}<\/style><a href=\"https:\/\/optex-asean.com\/vi\/industrial-doors\/\" class=\"default-btn-shortcode dt-btn dt-btn-m link-hover-off menu_product btn-inline-left  vc_custom_1675604093541\" id=\"default-btn-ce832458512862325ce9b681e9400c22\"><span>C\u1eeda C\u00f4ng nghi\u1ec7p<\/span><\/a>[\/vc_column][\/vc_row][vc_row][vc_column]<style type=\"text\/css\" data-type=\"the7_shortcodes-inline-css\">.portfolio-shortcode.portfolio-masonry-shortcode-id-83f618165a7e61c0ae5188bc3bd7c94d.dividers-on.classic-layout-list article {\n  padding-top: 0;\n}\n.portfolio-shortcode.portfolio-masonry-shortcode-id-83f618165a7e61c0ae5188bc3bd7c94d.dividers-on.classic-layout-list article:first-of-type {\n  margin-top: 0;\n  padding-top: 0;\n}\n.portfolio-shortcode.portfolio-masonry-shortcode-id-83f618165a7e61c0ae5188bc3bd7c94d.classic-layout-list.mode-list .post-entry-content {\n  width: calc(100% - );\n}\n.portfolio-shortcode.portfolio-masonry-shortcode-id-83f618165a7e61c0ae5188bc3bd7c94d.classic-layout-list.mode-list .no-img .post-entry-content {\n  width: 100%;\n}\n.portfolio-shortcode.portfolio-masonry-shortcode-id-83f618165a7e61c0ae5188bc3bd7c94d .filter-bg-decoration .filter-categories a.act {\n  color: #fff;\n}\n.portfolio-shortcode.portfolio-masonry-shortcode-id-83f618165a7e61c0ae5188bc3bd7c94d:not(.mode-masonry) article:first-of-type,\n.portfolio-shortcode.portfolio-masonry-shortcode-id-83f618165a7e61c0ae5188bc3bd7c94d:not(.mode-masonry) article.visible.first {\n  margin-top: 0;\n}\n.portfolio-shortcode.portfolio-masonry-shortcode-id-83f618165a7e61c0ae5188bc3bd7c94d.dividers-on:not(.mode-masonry) article {\n  margin-top: 0;\n}\n.portfolio-shortcode.portfolio-masonry-shortcode-id-83f618165a7e61c0ae5188bc3bd7c94d.dividers-on:not(.mode-masonry) article:first-of-type,\n.portfolio-shortcode.portfolio-masonry-shortcode-id-83f618165a7e61c0ae5188bc3bd7c94d.dividers-on:not(.mode-masonry) article.visible.first {\n  margin-top: 0;\n  padding-top: 0;\n}\n.portfolio-shortcode.portfolio-masonry-shortcode-id-83f618165a7e61c0ae5188bc3bd7c94d.hover-scale article:after {\n  background: -webkit-linear-gradient();\n  background: linear-gradient();\n}\n.portfolio-shortcode.portfolio-masonry-shortcode-id-83f618165a7e61c0ae5188bc3bd7c94d.gradient-overlay-layout-list article {\n  border-radius: 0px;\n}\n.portfolio-shortcode.portfolio-masonry-shortcode-id-83f618165a7e61c0ae5188bc3bd7c94d .post-thumbnail-wrap {\n  padding: 50px 100px 0px 100px;\n  border-radius: 0px;\n}\n.portfolio-shortcode.portfolio-masonry-shortcode-id-83f618165a7e61c0ae5188bc3bd7c94d .post-thumbnail-wrap *,\n.portfolio-shortcode.portfolio-masonry-shortcode-id-83f618165a7e61c0ae5188bc3bd7c94d .post-thumbnail-rollover:after {\n  border-radius: 0px;\n}\n.portfolio-shortcode.portfolio-masonry-shortcode-id-83f618165a7e61c0ae5188bc3bd7c94d.enable-bg-rollover .post-thumbnail-rollover:after {\n  background: -webkit-linear-gradient();\n  background: linear-gradient();\n}\n.bottom-overlap-layout-list.portfolio-shortcode.portfolio-masonry-shortcode-id-83f618165a7e61c0ae5188bc3bd7c94d .project-links-container {\n  height: calc(100% - 100px);\n}\n.portfolio-shortcode.portfolio-masonry-shortcode-id-83f618165a7e61c0ae5188bc3bd7c94d .project-links-container a {\n  width: 44px;\n  height: 44px;\n  line-height: 44px;\n  border-radius: 100px;\n  margin: 10px 5px 10px;\n}\n.content-rollover-layout-list:not(.content-align-center).portfolio-shortcode.portfolio-masonry-shortcode-id-83f618165a7e61c0ae5188bc3bd7c94d .project-links-container a,\n.gradient-overlay-layout-list:not(.content-align-center).portfolio-shortcode.portfolio-masonry-shortcode-id-83f618165a7e61c0ae5188bc3bd7c94d .project-links-container a {\n  margin: 10px 10px 10px 0;\n}\n.dt-icon-border-on.portfolio-shortcode.portfolio-masonry-shortcode-id-83f618165a7e61c0ae5188bc3bd7c94d .project-links-container a:before {\n  border-width: 0px;\n  border-style: solid;\n}\n.dt-icon-hover-border-on.portfolio-shortcode.portfolio-masonry-shortcode-id-83f618165a7e61c0ae5188bc3bd7c94d .project-links-container a:after {\n  border-width: 0px;\n  border-style: solid;\n}\n.dt-icon-bg-on.portfolio-shortcode.portfolio-masonry-shortcode-id-83f618165a7e61c0ae5188bc3bd7c94d .project-links-container a:before {\n  background: rgba(255,255,255,0.3);\n  -webkit-box-shadow: none;\n  box-shadow: none;\n}\n.dt-icon-hover-bg-on.portfolio-shortcode.portfolio-masonry-shortcode-id-83f618165a7e61c0ae5188bc3bd7c94d .project-links-container a:after {\n  background: rgba(255,255,255,0.5);\n  -webkit-box-shadow: none;\n  box-shadow: none;\n}\n.portfolio-shortcode.portfolio-masonry-shortcode-id-83f618165a7e61c0ae5188bc3bd7c94d .project-links-container a > span,\n.portfolio-shortcode.portfolio-masonry-shortcode-id-83f618165a7e61c0ae5188bc3bd7c94d .project-links-container a > span:before {\n  font-size: 16px;\n  line-height: 44px;\n}\n.portfolio-shortcode.portfolio-masonry-shortcode-id-83f618165a7e61c0ae5188bc3bd7c94d .project-links-container a:not(:hover) > span {\n  color: #ffffff;\n}\n.dt-icon-hover-off.portfolio-shortcode.portfolio-masonry-shortcode-id-83f618165a7e61c0ae5188bc3bd7c94d .project-links-container a > span,\n.dt-icon-hover-off.portfolio-shortcode.portfolio-masonry-shortcode-id-83f618165a7e61c0ae5188bc3bd7c94d .project-links-container a:hover > span {\n  color: #ffffff;\n}\n.dt-icon-hover-on.portfolio-shortcode.portfolio-masonry-shortcode-id-83f618165a7e61c0ae5188bc3bd7c94d .project-links-container a:hover > span {\n  color: #ffffff;\n}\n.portfolio-shortcode.portfolio-masonry-shortcode-id-83f618165a7e61c0ae5188bc3bd7c94d .entry-title,\n.portfolio-shortcode.portfolio-masonry-shortcode-id-83f618165a7e61c0ae5188bc3bd7c94d.owl-carousel .entry-title {\n  margin-bottom: 5px;\n  font-weight: bold;\n}\n.portfolio-shortcode.portfolio-masonry-shortcode-id-83f618165a7e61c0ae5188bc3bd7c94d .entry-meta {\n  margin-bottom: 15px;\n}\n.portfolio-shortcode.portfolio-masonry-shortcode-id-83f618165a7e61c0ae5188bc3bd7c94d .portfolio-categories {\n  margin-bottom: 15px;\n}\n.portfolio-shortcode.portfolio-masonry-shortcode-id-83f618165a7e61c0ae5188bc3bd7c94d .entry-excerpt {\n  margin-bottom: 5px;\n}\n.portfolio-shortcode.portfolio-masonry-shortcode-id-83f618165a7e61c0ae5188bc3bd7c94d:not(.centered-layout-list) .post-entry-content {\n  padding: 25px 30px 30px 30px;\n}\n.portfolio-shortcode.portfolio-masonry-shortcode-id-83f618165a7e61c0ae5188bc3bd7c94d:not(.centered-layout-list):not(\n      .content-bg-on\n    ):not(.mode-list)\n    .no-img\n    .post-entry-content {\n  padding: 0;\n}\n.portfolio-shortcode.portfolio-masonry-shortcode-id-83f618165a7e61c0ae5188bc3bd7c94d.gradient-overlay-layout-list .post-entry-content {\n  border-radius: 0px;\n}\n@media screen and (max-width: ) {\n  .portfolio-shortcode.portfolio-masonry-shortcode-id-83f618165a7e61c0ae5188bc3bd7c94d article {\n    -webkit-flex-flow: column nowrap;\n    -moz-flex-flow: column nowrap;\n    -ms-flex-flow: column nowrap;\n    flex-flow: column nowrap;\n    margin-top: 20px;\n  }\n  .portfolio-shortcode.portfolio-masonry-shortcode-id-83f618165a7e61c0ae5188bc3bd7c94d.dividers-on article {\n    border: none;\n  }\n  .portfolio-shortcode.portfolio-masonry-shortcode-id-83f618165a7e61c0ae5188bc3bd7c94d.content-bg-on.centered-layout-list article {\n    padding: 0;\n  }\n  #page .portfolio-shortcode.portfolio-masonry-shortcode-id-83f618165a7e61c0ae5188bc3bd7c94d .post-thumbnail-wrap,\n  #page .portfolio-shortcode.portfolio-masonry-shortcode-id-83f618165a7e61c0ae5188bc3bd7c94d .post-entry-content {\n    width: 100%;\n    margin: 0;\n    top: 0;\n  }\n  #page .portfolio-shortcode.portfolio-masonry-shortcode-id-83f618165a7e61c0ae5188bc3bd7c94d .post-thumbnail-wrap {\n    padding: 0;\n  }\n  #page .portfolio-shortcode.portfolio-masonry-shortcode-id-83f618165a7e61c0ae5188bc3bd7c94d .post-entry-content:after {\n    display: none;\n  }\n  #page .portfolio-shortcode.portfolio-masonry-shortcode-id-83f618165a7e61c0ae5188bc3bd7c94d .project-even .post-thumbnail-wrap,\n  #page .portfolio-shortcode.portfolio-masonry-shortcode-id-83f618165a7e61c0ae5188bc3bd7c94d.centered-layout-list .post-thumbnail-wrap {\n    -webkit-order: 0;\n    -moz-order: 0;\n    -ms-flex-order: 0;\n    order: 0;\n  }\n  #page .portfolio-shortcode.portfolio-masonry-shortcode-id-83f618165a7e61c0ae5188bc3bd7c94d.centered-layout-list .post-entry-title-content {\n    -webkit-order: 1;\n    -moz-order: 1;\n    -ms-flex-order: 1;\n    order: 1;\n    width: 100%;\n    padding: 20px 20px 0;\n  }\n  #page .portfolio-shortcode.portfolio-masonry-shortcode-id-83f618165a7e61c0ae5188bc3bd7c94d.centered-layout-list .post-entry-content {\n    -webkit-order: 2;\n    -moz-order: 2;\n    -ms-flex-order: 2;\n    order: 2;\n    padding-top: 0;\n  }\n  #page .portfolio-shortcode.portfolio-masonry-shortcode-id-83f618165a7e61c0ae5188bc3bd7c94d .post-entry-content {\n    padding: 20px;\n  }\n  #page .portfolio-shortcode.portfolio-masonry-shortcode-id-83f618165a7e61c0ae5188bc3bd7c94d .entry-title {\n    margin: 3px 0 5px;\n    font-size: 20px;\n    line-height: 26px;\n  }\n  #page .portfolio-shortcode.portfolio-masonry-shortcode-id-83f618165a7e61c0ae5188bc3bd7c94d .entry-meta {\n    margin: 5px 0 5px;\n  }\n  #page .portfolio-shortcode.portfolio-masonry-shortcode-id-83f618165a7e61c0ae5188bc3bd7c94d .entry-excerpt {\n    margin: 15px 0 0;\n  }\n  #page .portfolio-shortcode.portfolio-masonry-shortcode-id-83f618165a7e61c0ae5188bc3bd7c94d .post-details {\n    margin: 5px 0 10px;\n  }\n  #page .portfolio-shortcode.portfolio-masonry-shortcode-id-83f618165a7e61c0ae5188bc3bd7c94d .post-details.details-type-link {\n    margin-bottom: 2px;\n  }\n}\n.portfolio-shortcode.portfolio-masonry-shortcode-id-83f618165a7e61c0ae5188bc3bd7c94d:not(.resize-by-browser-width) .dt-css-grid {\n  grid-row-gap: 30px;\n  grid-column-gap: 30px;\n  grid-template-columns: repeat(auto-fill,minmax(,1fr));\n}\n.portfolio-shortcode.portfolio-masonry-shortcode-id-83f618165a7e61c0ae5188bc3bd7c94d:not(.resize-by-browser-width) .dt-css-grid .double-width {\n  grid-column: span 2;\n}\n.cssgridlegacy.no-cssgrid .portfolio-shortcode.portfolio-masonry-shortcode-id-83f618165a7e61c0ae5188bc3bd7c94d:not(.resize-by-browser-width) .dt-css-grid,\n.no-cssgridlegacy.no-cssgrid .portfolio-shortcode.portfolio-masonry-shortcode-id-83f618165a7e61c0ae5188bc3bd7c94d:not(.resize-by-browser-width) .dt-css-grid {\n  display: flex;\n  flex-flow: row wrap;\n  margin: -15px;\n}\n.cssgridlegacy.no-cssgrid .portfolio-shortcode.portfolio-masonry-shortcode-id-83f618165a7e61c0ae5188bc3bd7c94d:not(.resize-by-browser-width) .dt-css-grid .wf-cell,\n.no-cssgridlegacy.no-cssgrid .portfolio-shortcode.portfolio-masonry-shortcode-id-83f618165a7e61c0ae5188bc3bd7c94d:not(.resize-by-browser-width) .dt-css-grid .wf-cell {\n  flex: 1 0 ;\n  max-width: 100%;\n  padding: 15px;\n  box-sizing: border-box;\n}\n.portfolio-shortcode.portfolio-masonry-shortcode-id-83f618165a7e61c0ae5188bc3bd7c94d.resize-by-browser-width .dt-css-grid {\n  grid-template-columns: repeat(3,1fr);\n  grid-template-rows: auto;\n  grid-column-gap: 30px;\n  grid-row-gap: 30px;\n}\n.portfolio-shortcode.portfolio-masonry-shortcode-id-83f618165a7e61c0ae5188bc3bd7c94d.resize-by-browser-width .dt-css-grid .double-width {\n  grid-column: span 2;\n}\n.cssgridlegacy.no-cssgrid .portfolio-shortcode.portfolio-masonry-shortcode-id-83f618165a7e61c0ae5188bc3bd7c94d.resize-by-browser-width .dt-css-grid {\n  margin: -15px;\n}\n.cssgridlegacy.no-cssgrid .portfolio-shortcode.portfolio-masonry-shortcode-id-83f618165a7e61c0ae5188bc3bd7c94d.resize-by-browser-width .dt-css-grid .wf-cell {\n  width: 33.333333333333%;\n  padding: 15px;\n}\n.cssgridlegacy.no-cssgrid .portfolio-shortcode.portfolio-masonry-shortcode-id-83f618165a7e61c0ae5188bc3bd7c94d.resize-by-browser-width .dt-css-grid .wf-cell.double-width {\n  width: calc(33.333333333333%) * 2;\n}\n.portfolio-shortcode.portfolio-masonry-shortcode-id-83f618165a7e61c0ae5188bc3bd7c94d.resize-by-browser-width:not(.centered-layout-list):not(.content-bg-on) .dt-css-grid {\n  grid-row-gap: 0px;\n}\n@media screen and (max-width: 1199px) {\n  .portfolio-shortcode.portfolio-masonry-shortcode-id-83f618165a7e61c0ae5188bc3bd7c94d.resize-by-browser-width .dt-css-grid {\n    grid-template-columns: repeat(3,1fr);\n  }\n  .cssgridlegacy.no-cssgrid .portfolio-shortcode.portfolio-masonry-shortcode-id-83f618165a7e61c0ae5188bc3bd7c94d.resize-by-browser-width .dt-css-grid .wf-cell,\n  .no-cssgridlegacy.no-cssgrid .portfolio-shortcode.portfolio-masonry-shortcode-id-83f618165a7e61c0ae5188bc3bd7c94d.resize-by-browser-width .dt-css-grid .wf-cell {\n    width: 33.333333333333%;\n  }\n  .cssgridlegacy.no-cssgrid .portfolio-shortcode.portfolio-masonry-shortcode-id-83f618165a7e61c0ae5188bc3bd7c94d.resize-by-browser-width .dt-css-grid .wf-cell.double-width,\n  .no-cssgridlegacy.no-cssgrid .portfolio-shortcode.portfolio-masonry-shortcode-id-83f618165a7e61c0ae5188bc3bd7c94d.resize-by-browser-width .dt-css-grid .wf-cell.double-width {\n    width: calc(33.333333333333%)*2;\n  }\n}\n@media screen and (max-width: 991px) {\n  .portfolio-shortcode.portfolio-masonry-shortcode-id-83f618165a7e61c0ae5188bc3bd7c94d.resize-by-browser-width .dt-css-grid {\n    grid-template-columns: repeat(2,1fr);\n  }\n  .cssgridlegacy.no-cssgrid .portfolio-shortcode.portfolio-masonry-shortcode-id-83f618165a7e61c0ae5188bc3bd7c94d.resize-by-browser-width .dt-css-grid .wf-cell,\n  .no-cssgridlegacy.no-cssgrid .portfolio-shortcode.portfolio-masonry-shortcode-id-83f618165a7e61c0ae5188bc3bd7c94d.resize-by-browser-width .dt-css-grid .wf-cell {\n    width: 50%;\n  }\n  .cssgridlegacy.no-cssgrid .portfolio-shortcode.portfolio-masonry-shortcode-id-83f618165a7e61c0ae5188bc3bd7c94d.resize-by-browser-width .dt-css-grid .wf-cell.double-width,\n  .no-cssgridlegacy.no-cssgrid .portfolio-shortcode.portfolio-masonry-shortcode-id-83f618165a7e61c0ae5188bc3bd7c94d.resize-by-browser-width .dt-css-grid .wf-cell.double-width {\n    width: calc(50%)*2;\n  }\n}\n@media screen and (max-width: 767px) {\n  .portfolio-shortcode.portfolio-masonry-shortcode-id-83f618165a7e61c0ae5188bc3bd7c94d.resize-by-browser-width .dt-css-grid {\n    grid-template-columns: repeat(1,1fr);\n  }\n  .portfolio-shortcode.portfolio-masonry-shortcode-id-83f618165a7e61c0ae5188bc3bd7c94d.resize-by-browser-width .dt-css-grid .double-width {\n    grid-column: span 1;\n  }\n  .cssgridlegacy.no-cssgrid .portfolio-shortcode.portfolio-masonry-shortcode-id-83f618165a7e61c0ae5188bc3bd7c94d.resize-by-browser-width .dt-css-grid .wf-cell,\n  .no-cssgridlegacy.no-cssgrid .portfolio-shortcode.portfolio-masonry-shortcode-id-83f618165a7e61c0ae5188bc3bd7c94d.resize-by-browser-width .dt-css-grid .wf-cell {\n    width: 100%;\n  }\n  .cssgridlegacy.no-cssgrid .portfolio-shortcode.portfolio-masonry-shortcode-id-83f618165a7e61c0ae5188bc3bd7c94d.resize-by-browser-width .dt-css-grid .wf-cell.double-width,\n  .no-cssgridlegacy.no-cssgrid .portfolio-shortcode.portfolio-masonry-shortcode-id-83f618165a7e61c0ae5188bc3bd7c94d.resize-by-browser-width .dt-css-grid .wf-cell.double-width {\n    width: calc(100%)*2;\n  }\n}<\/style><div class=\"portfolio-shortcode portfolio-masonry-shortcode-id-83f618165a7e61c0ae5188bc3bd7c94d mode-grid classic-layout-list jquery-filter dt-icon-bg-on dt-icon-border-on dt-icon-hover-on dt-icon-hover-border-on dt-icon-hover-bg-on scale-img meta-info-off dt-css-grid-wrap resize-by-browser-width  vc_custom_1605400337866 loading-effect-none description-under-image \" data-padding=\"15px\" data-cur-page=\"1\" data-post-limit=\"-1\" data-pagination-mode=\"none\" data-desktop-columns-num=\"3\" data-v-tablet-columns-num=\"2\" data-h-tablet-columns-num=\"3\" data-phone-columns-num=\"1\" data-width=\"0px\" data-columns=\"0\"><div class=\"dt-css-grid\" ><div class=\"visible wf-cell\" data-post-id=\"10725\" data-date=\"2023-02-08T14:02:24+07:00\" data-name=\"OA-EDGE1\/2\/T \u2013 C\u1ea2M BI\u1ebeN H\u1ed2NG NGO\u1ea0I CH\u1ee6 \u0110\u1ed8NG\"><article class=\"post visible post-10725 dt_portfolio type-dt_portfolio status-publish has-post-thumbnail hentry dt_portfolio_category-swing-doors dt_portfolio_category-automatic-door-sensor dt_portfolio_category-swing-door-sensor vi dt_portfolio_category-107 dt_portfolio_category-103 dt_portfolio_category-92\" data-name=\"OA-EDGE1\/2\/T \u2013 C\u1ea2M BI\u1ebeN H\u1ed2NG NGO\u1ea0I CH\u1ee6 \u0110\u1ed8NG\" data-date=\"2023-02-08T14:02:24+07:00\">\n\n<div class=\"post-thumbnail-wrap forward-post \">\n\t<div class=\"post-thumbnail\">\n\n\t\t<a href=\"https:\/\/optex-asean.com\/vi\/product\/oa-edge1-2\/\" class=\"post-thumbnail-rollover layzr-bg\" target=\"\"  aria-label=\"Post image\"><img fetchpriority=\"high\" decoding=\"async\" class=\"iso-lazy-load preload-me iso-lazy-load aspect\" src=\"data:image\/svg+xml,%3Csvg%20xmlns%3D&#39;http%3A%2F%2Fwww.w3.org%2F2000%2Fsvg&#39;%20viewBox%3D&#39;0%200%20529%20529&#39;%2F%3E\" data-src=\"https:\/\/optex-asean.com\/wp-content\/uploads\/2020\/11\/OA-EDGE1-2T.png\" data-srcset=\"https:\/\/optex-asean.com\/wp-content\/uploads\/2020\/11\/OA-EDGE1-2T.png 529w\" loading=\"eager\" style=\"--ratio: 529 \/ 529\" sizes=\"(max-width: 529px) 100vw, 529px\" alt=\"\" title=\"OA-EDGE1-2T\" width=\"529\" height=\"529\"  \/><\/a>\n\t<\/div>\n<\/div>\n\n\n<div class=\"post-entry-content\">\n\n\t<h3 class=\"entry-title\">\n\t\t<a href=\"https:\/\/optex-asean.com\/vi\/product\/oa-edge1-2\/\" target=\"\" title=\"OA-EDGE1\/2\/T \u2013 C\u1ea2M BI\u1ebeN H\u1ed2NG NGO\u1ea0I CH\u1ee6 \u0110\u1ed8NG\" rel=\"bookmark\">OA-EDGE1\/2\/T \u2013 C\u1ea2M BI\u1ebeN H\u1ed2NG NGO\u1ea0I CH\u1ee6 \u0110\u1ed8NG<\/a>\n\t<\/h3>\n\n\t\n\t<div class=\"entry-excerpt\"><ul class=\"deldot\">\n<li style=>\u25cf C\u1ea3m bi\u1ebfn an to\u00e0n cho c\u1eeda xoay<\/li>\n<li style=>\u25cf D\u1ec5 d\u00e0ng l\u1eafp \u0111\u1eb7t<\/li>\n<li style=>\u25cf T\u00f9y ch\u1ec9nh nhanh khu v\u1ef1c ph\u00e1t hi\u1ec7n<\/li>\n<\/ul>\n<\/div>\n\t<a class=\"post-details details-type-link\" href=\"https:\/\/optex-asean.com\/vi\/product\/oa-edge1-2\/\" target=\"\">Read more<i class=\"dt-icon-the7-arrow-03\" aria-hidden=\"true\"><\/i><\/a>\n<\/div><\/article><\/div><\/div><!-- iso-container|iso-grid --><\/div>[\/vc_column][\/vc_row]<\/p>\n<\/div>","protected":false},"excerpt":{"rendered":"<p>[vc_row][vc_column][vc_column_text] C\u1ea3m bi\u1ebfn c\u1eeda xoay OPTEX \u0111\u01b0\u1ee3c s\u1eed d\u1ee5ng trong b\u1ec7nh vi\u1ec7n, s\u00e2n bay, v.v. tr\u00ean to\u00e0n th\u1ebf gi\u1edbi. [\/vc_column_text][\/vc_column][\/vc_row][vc_row content_placement=&#8221;middle&#8221; css=&#8221;.vc_custom_1602150503047{margin-bottom: 40px !important;}&#8221;][vc_column el_class=&#8221;center&#8221;][\/vc_column][\/vc_row][vc_row][vc_column][\/vc_column][\/vc_row]<\/p>\n","protected":false},"author":2,"featured_media":0,"parent":0,"menu_order":57,"comment_status":"closed","ping_status":"closed","template":"","meta":{"_acf_changed":false,"_locale":"vi","_original_post":"https:\/\/optex.co.th\/?page_id=2059","footnotes":""},"class_list":["post-9407","page","type-page","status-publish","hentry","vi","description-off"],"acf":[],"aioseo_notices":[],"_links":{"self":[{"href":"https:\/\/optex-asean.com\/wp-json\/wp\/v2\/pages\/9407","targetHints":{"allow":["GET"]}}],"collection":[{"href":"https:\/\/optex-asean.com\/wp-json\/wp\/v2\/pages"}],"about":[{"href":"https:\/\/optex-asean.com\/wp-json\/wp\/v2\/types\/page"}],"author":[{"embeddable":true,"href":"https:\/\/optex-asean.com\/wp-json\/wp\/v2\/users\/2"}],"replies":[{"embeddable":true,"href":"https:\/\/optex-asean.com\/wp-json\/wp\/v2\/comments?post=9407"}],"version-history":[{"count":1,"href":"https:\/\/optex-asean.com\/wp-json\/wp\/v2\/pages\/9407\/revisions"}],"predecessor-version":[{"id":20165,"href":"https:\/\/optex-asean.com\/wp-json\/wp\/v2\/pages\/9407\/revisions\/20165"}],"wp:attachment":[{"href":"https:\/\/optex-asean.com\/wp-json\/wp\/v2\/media?parent=9407"}],"curies":[{"name":"wp","href":"https:\/\/api.w.org\/{rel}","templated":true}]}}