{"id":9385,"date":"2022-11-15T12:24:08","date_gmt":"2022-11-15T05:24:08","guid":{"rendered":"https:\/\/optex-asean.com\/?page_id=9385"},"modified":"2025-10-15T10:54:13","modified_gmt":"2025-10-15T03:54:13","slug":"products","status":"publish","type":"page","link":"https:\/\/optex-asean.com\/vi\/products\/","title":{"rendered":"S\u1ea3n ph\u1ea9m"},"content":{"rendered":"<div class=\"wpb-content-wrapper\"><p>[vc_row full_width=&#8221;stretch_row&#8221; bg_type=&#8221;image&#8221; parallax_style=&#8221;vcpb-default&#8221; bg_image_new=&#8221;id^2978|url^https:\/\/optex-asean.com\/wp-content\/uploads\/2020\/10\/banner_products_1920x570.jpg|caption^null|alt^null|title^banner_products_1920x570|description^null&#8221; bg_image_repeat=&#8221;no-repeat&#8221; bg_override=&#8221;full&#8221; css=&#8221;.vc_custom_1604396475083{margin-bottom: 40px !important;padding-top: 180px !important;padding-bottom: 180px !important;}&#8221;][vc_column]<div id=\"ultimate-heading-964269d28f969c566\" class=\"uvc-heading ult-adjust-bottom-margin ultimate-heading-964269d28f969c566 uvc-6745 accent-border-color\" data-hspacer=\"no_spacer\"  data-halign=\"center\" style=\"text-align:center\"><div class=\"uvc-heading-spacer no_spacer\" style=\"top\"><\/div><div class=\"uvc-main-heading ult-responsive\"  data-ultimate-target='.uvc-heading.ultimate-heading-964269d28f969c566 h1'  data-responsive-json-new='{\"font-size\":\"desktop:36px;\",\"line-height\":\"desktop:50px;\"}' ><h1 style=\"font-weight:bold;color:#ffffff;margin-bottom:20px;\">S\u1ea3n ph\u1ea9m<\/h1><\/div><\/div><style type=\"text\/css\" data-type=\"the7_shortcodes-inline-css\">.dt-breadcrumbs-id-67cfa167bc091c45baa2b418b4e0b78a .breadcrumbs {\n  display: inline-block;\n  margin: 0;\n  padding: 2px 10px 2px 10px;\n  background: rgba(242,242,242,0.7);\n  border: 0px solid rgba(0,0,0,0.7);\n  border-radius: 0px;\n}\n.dt-breadcrumbs-id-67cfa167bc091c45baa2b418b4e0b78a .breadcrumbs * {\n  font-size: 18px;\n  line-height: 30px;\n  color: #757272;\n}<\/style><div class=\"dt-breadcrumbs-shortcode dt-breadcrumbs-id-67cfa167bc091c45baa2b418b4e0b78a align-centre\"><div class=\"assistive-text\">You are here:<\/div><ol class=\"breadcrumbs text-small\" itemscope itemtype=\"https:\/\/schema.org\/BreadcrumbList\"><li itemprop=\"itemListElement\" itemscope itemtype=\"https:\/\/schema.org\/ListItem\"><a itemprop=\"item\" href=\"https:\/\/optex-asean.com\/\" title=\"Home\"><span itemprop=\"name\">Home<\/span><\/a><meta itemprop=\"position\" content=\"1\" \/><\/li><li class=\"current\" itemprop=\"itemListElement\" itemscope itemtype=\"https:\/\/schema.org\/ListItem\"><span itemprop=\"name\">Trang<\/span><meta itemprop=\"position\" content=\"2\" \/><\/li><\/ol><\/div>[\/vc_column][\/vc_row][vc_row][vc_column width=&#8221;1\/3&#8243;]<style type=\"text\/css\" data-type=\"the7_shortcodes-inline-css\">.shortcode-single-image-wrap.shortcode-single-image-5608d9629890a39db037d2a617c0a5ff.enable-bg-rollover .rollover i,\n.shortcode-single-image-wrap.shortcode-single-image-5608d9629890a39db037d2a617c0a5ff.enable-bg-rollover .rollover-video i {\n  background: -webkit-linear-gradient();\n  background: linear-gradient();\n}\n.shortcode-single-image-wrap.shortcode-single-image-5608d9629890a39db037d2a617c0a5ff .rollover-icon {\n  font-size: 32px;\n  color: #ffffff;\n  min-width: 44px;\n  min-height: 44px;\n  line-height: 44px;\n  border-radius: 100px;\n  border-style: solid;\n  border-width: 0px;\n}\n.dt-icon-bg-on.shortcode-single-image-wrap.shortcode-single-image-5608d9629890a39db037d2a617c0a5ff .rollover-icon {\n  background: rgba(255,255,255,0.3);\n  box-shadow: none;\n}<\/style><div class=\"shortcode-single-image-wrap shortcode-single-image-5608d9629890a39db037d2a617c0a5ff alignnone  vc_custom_1675068999592 enable-bg-rollover dt-icon-bg-off scale-img\" ><div class=\"shortcode-single-image\"><div class=\"fancy-media-wrap\" style=\"\"><a href=\"https:\/\/optex-asean.com\/vi\/security_sensor\/\" class=\" layzr-bg rollover\" style=\"\" aria-label=\"Image\"><img fetchpriority=\"high\" decoding=\"async\" class=\"preload-me lazy-load aspect\" src=\"data:image\/svg+xml,%3Csvg%20xmlns%3D&#39;http%3A%2F%2Fwww.w3.org%2F2000%2Fsvg&#39;%20viewBox%3D&#39;0%200%20300%20170&#39;%2F%3E\" data-src=\"https:\/\/optex-asean.com\/wp-content\/uploads\/2018\/12\/products_03-300x170.jpg\" data-srcset=\"https:\/\/optex-asean.com\/wp-content\/uploads\/2018\/12\/products_03-300x170.jpg 300w, https:\/\/optex-asean.com\/wp-content\/uploads\/2018\/12\/products_03-361x204.jpg 361w\" loading=\"eager\" style=\"--ratio: 300 \/ 170\" sizes=\"(max-width: 300px) 100vw, 300px\" width=\"300\" height=\"170\"  data-dt-location=\"https:\/\/optex-asean.com\/products_03\/\" alt=\"\" \/><\/a><\/div><\/div><\/div><span id=\"creative-link-wrap-8968\" class=\"ult_main_cl ult-adjust-bottom-margin  \" >\n\t \t\t\t<span class=\"  ult_crlink\" >\n\t\t\t\t\t<a  data-ultimate-target='#creative-link-wrap-8968 .ult_colorlink'  data-responsive-json-new='{\"font-size\":\"desktop:22px;\",\"line-height\":\"desktop:30px;\"}'  href=\"https:\/\/optex-asean.com\/vi\/security_sensor\/\" title=\"C\u1ea3m bi\u1ebfn An ninh v\u00e0 H\u1ec7 th\u1ed1ng B\u00e1o tr\u1ed9m\"  class=\"ult_colorlink ult-responsive  vc_custom_1675069010455\" style=\"font-family:Catamaran;font-weight:500; \"  data-textcolor=\"#000000\" data-texthover=\"#1e73be\"data-style=\"\">\n\t\t\t\t\t\t\n\t\t\t\t\t\t<span data-hover=\"C\u1ea3m bi\u1ebfn v\u00e0 h\u1ec7 th\u1ed1ng an ninh\" style=\"color:#000000;;;\" class=\"ult_btn10_span   \">C\u1ea3m bi\u1ebfn v\u00e0 h\u1ec7 th\u1ed1ng an ninh<\/span>\n\t\t\t\t\t\t\n\t\t\t\t\t<\/a>\n\t\t\t\t<\/span>\n\t\t\t<\/span>[\/vc_column][vc_column width=&#8221;1\/3&#8243;]<style type=\"text\/css\" data-type=\"the7_shortcodes-inline-css\">.shortcode-single-image-wrap.shortcode-single-image-255c0c11e97569ba96bcf0d6985e996e.enable-bg-rollover .rollover i,\n.shortcode-single-image-wrap.shortcode-single-image-255c0c11e97569ba96bcf0d6985e996e.enable-bg-rollover .rollover-video i {\n  background: -webkit-linear-gradient();\n  background: linear-gradient();\n}\n.shortcode-single-image-wrap.shortcode-single-image-255c0c11e97569ba96bcf0d6985e996e .rollover-icon {\n  font-size: 32px;\n  color: #ffffff;\n  min-width: 44px;\n  min-height: 44px;\n  line-height: 44px;\n  border-radius: 100px;\n  border-style: solid;\n  border-width: 0px;\n}\n.dt-icon-bg-on.shortcode-single-image-wrap.shortcode-single-image-255c0c11e97569ba96bcf0d6985e996e .rollover-icon {\n  background: rgba(255,255,255,0.3);\n  box-shadow: none;\n}<\/style><div class=\"shortcode-single-image-wrap shortcode-single-image-255c0c11e97569ba96bcf0d6985e996e alignnone  vc_custom_1675069025263 enable-bg-rollover dt-icon-bg-off scale-img\" ><div class=\"shortcode-single-image\"><div class=\"fancy-media-wrap\" style=\"\"><a href=\"https:\/\/optex-asean.com\/vi\/automatic_door\/\" class=\" layzr-bg rollover\" style=\"\" aria-label=\"Image\"><img decoding=\"async\" class=\"preload-me lazy-load aspect\" src=\"data:image\/svg+xml,%3Csvg%20xmlns%3D&#39;http%3A%2F%2Fwww.w3.org%2F2000%2Fsvg&#39;%20viewBox%3D&#39;0%200%20300%20170&#39;%2F%3E\" data-src=\"https:\/\/optex-asean.com\/wp-content\/uploads\/2018\/12\/products_01-300x170.jpg\" data-srcset=\"https:\/\/optex-asean.com\/wp-content\/uploads\/2018\/12\/products_01-300x170.jpg 300w, https:\/\/optex-asean.com\/wp-content\/uploads\/2018\/12\/products_01-361x204.jpg 361w\" loading=\"eager\" style=\"--ratio: 300 \/ 170\" sizes=\"(max-width: 300px) 100vw, 300px\" width=\"300\" height=\"170\"  data-dt-location=\"https:\/\/optex-asean.com\/products_01\/\" alt=\"\" \/><\/a><\/div><\/div><\/div><span id=\"creative-link-wrap-7688\" class=\"ult_main_cl ult-adjust-bottom-margin  \" >\n\t \t\t\t<span class=\"  ult_crlink\" >\n\t\t\t\t\t<a  data-ultimate-target='#creative-link-wrap-7688 .ult_colorlink'  data-responsive-json-new='{\"font-size\":\"desktop:22px;\",\"line-height\":\"desktop:30px;\"}'  href=\"https:\/\/optex-asean.com\/vi\/automatic_door\/\" title=\"C\u1ea3m bi\u1ebfn C\u1eeda T\u1ef1 \u0111\u1ed9ng\"  class=\"ult_colorlink ult-responsive  vc_custom_1675069035271\" style=\"font-family:Catamaran;font-weight:500; \"  data-textcolor=\"#000000\" data-texthover=\"#1e73be\"data-style=\"\">\n\t\t\t\t\t\t\n\t\t\t\t\t\t<span data-hover=\"C\u1ea3m bi\u1ebfn C\u1eeda T\u1ef1 \u0111\u1ed9ng\" style=\"color:#000000;;;\" class=\"ult_btn10_span   \">C\u1ea3m bi\u1ebfn C\u1eeda T\u1ef1 \u0111\u1ed9ng<\/span>\n\t\t\t\t\t\t\n\t\t\t\t\t<\/a>\n\t\t\t\t<\/span>\n\t\t\t<\/span>[\/vc_column][vc_column width=&#8221;1\/3&#8243;]<style type=\"text\/css\" data-type=\"the7_shortcodes-inline-css\">.shortcode-single-image-wrap.shortcode-single-image-c519f36b0ac0d93a8fb337f788c00d96.enable-bg-rollover .rollover i,\n.shortcode-single-image-wrap.shortcode-single-image-c519f36b0ac0d93a8fb337f788c00d96.enable-bg-rollover .rollover-video i {\n  background: -webkit-linear-gradient();\n  background: linear-gradient();\n}\n.shortcode-single-image-wrap.shortcode-single-image-c519f36b0ac0d93a8fb337f788c00d96 .rollover-icon {\n  font-size: 32px;\n  color: #ffffff;\n  min-width: 44px;\n  min-height: 44px;\n  line-height: 44px;\n  border-radius: 100px;\n  border-style: solid;\n  border-width: 0px;\n}\n.dt-icon-bg-on.shortcode-single-image-wrap.shortcode-single-image-c519f36b0ac0d93a8fb337f788c00d96 .rollover-icon {\n  background: rgba(255,255,255,0.3);\n  box-shadow: none;\n}<\/style><div class=\"shortcode-single-image-wrap shortcode-single-image-c519f36b0ac0d93a8fb337f788c00d96 alignnone  vc_custom_1675069051126 enable-bg-rollover dt-icon-bg-off scale-img\" ><div class=\"shortcode-single-image\"><div class=\"fancy-media-wrap\" style=\"\"><a href=\"https:\/\/optex-asean.com\/vi\/people_counting\/\" class=\" layzr-bg rollover\" style=\"\" aria-label=\"Image\"><img decoding=\"async\" class=\"preload-me lazy-load aspect\" src=\"data:image\/svg+xml,%3Csvg%20xmlns%3D&#39;http%3A%2F%2Fwww.w3.org%2F2000%2Fsvg&#39;%20viewBox%3D&#39;0%200%20300%20170&#39;%2F%3E\" data-src=\"https:\/\/optex-asean.com\/wp-content\/uploads\/2018\/12\/products_02-300x170.jpg\" data-srcset=\"https:\/\/optex-asean.com\/wp-content\/uploads\/2018\/12\/products_02-300x170.jpg 300w, https:\/\/optex-asean.com\/wp-content\/uploads\/2018\/12\/products_02-361x204.jpg 361w\" loading=\"eager\" style=\"--ratio: 300 \/ 170\" sizes=\"(max-width: 300px) 100vw, 300px\" width=\"300\" height=\"170\"  data-dt-location=\"https:\/\/optex-asean.com\/products_02\/\" alt=\"\" \/><\/a><\/div><\/div><\/div><span id=\"creative-link-wrap-7784\" class=\"ult_main_cl ult-adjust-bottom-margin  \" >\n\t \t\t\t<span class=\"  ult_crlink\" >\n\t\t\t\t\t<a  data-ultimate-target='#creative-link-wrap-7784 .ult_colorlink'  data-responsive-json-new='{\"font-size\":\"desktop:22px;\",\"line-height\":\"desktop:30px;\"}'  href=\"https:\/\/optex-asean.com\/vi\/people_counting\/\" title=\"C\u1ea3m bi\u1ebfn \u0110\u1ebfm Ng\u01b0\u1eddi\"  class=\"ult_colorlink ult-responsive  vc_custom_1675069060753\" style=\"font-family:Catamaran;font-weight:500; \"  data-textcolor=\"#000000\" data-texthover=\"#1e73be\"data-style=\"\">\n\t\t\t\t\t\t\n\t\t\t\t\t\t<span data-hover=\"C\u1ea3m bi\u1ebfn \u0110\u1ebfm Ng\u01b0\u1eddi\" style=\"color:#000000;;;\" class=\"ult_btn10_span   \">C\u1ea3m bi\u1ebfn \u0110\u1ebfm Ng\u01b0\u1eddi<\/span>\n\t\t\t\t\t\t\n\t\t\t\t\t<\/a>\n\t\t\t\t<\/span>\n\t\t\t<\/span>[\/vc_column][\/vc_row][vc_row][vc_column width=&#8221;1\/3&#8243; css=&#8221;.vc_custom_1602842641448{margin-top: 40px !important;}&#8221;]<style type=\"text\/css\" data-type=\"the7_shortcodes-inline-css\">.shortcode-single-image-wrap.shortcode-single-image-7b00146301bf2502ef4c4afc08a4c56e.enable-bg-rollover .rollover i,\n.shortcode-single-image-wrap.shortcode-single-image-7b00146301bf2502ef4c4afc08a4c56e.enable-bg-rollover .rollover-video i {\n  background: -webkit-linear-gradient();\n  background: linear-gradient();\n}\n.shortcode-single-image-wrap.shortcode-single-image-7b00146301bf2502ef4c4afc08a4c56e .rollover-icon {\n  font-size: 32px;\n  color: #ffffff;\n  min-width: 44px;\n  min-height: 44px;\n  line-height: 44px;\n  border-radius: 100px;\n  border-style: solid;\n  border-width: 0px;\n}\n.dt-icon-bg-on.shortcode-single-image-wrap.shortcode-single-image-7b00146301bf2502ef4c4afc08a4c56e .rollover-icon {\n  background: rgba(255,255,255,0.3);\n  box-shadow: none;\n}<\/style><div class=\"shortcode-single-image-wrap shortcode-single-image-7b00146301bf2502ef4c4afc08a4c56e alignnone  vc_custom_1675069075621 enable-bg-rollover dt-icon-bg-off scale-img\" ><div class=\"shortcode-single-image\"><div class=\"fancy-media-wrap\" style=\"\"><a href=\"https:\/\/optex-asean.com\/vi\/car_parking\/\" class=\" layzr-bg rollover\" style=\"\" aria-label=\"Image\"><img decoding=\"async\" class=\"preload-me lazy-load aspect\" src=\"data:image\/svg+xml,%3Csvg%20xmlns%3D&#39;http%3A%2F%2Fwww.w3.org%2F2000%2Fsvg&#39;%20viewBox%3D&#39;0%200%20300%20170&#39;%2F%3E\" data-src=\"https:\/\/optex-asean.com\/wp-content\/uploads\/2019\/04\/car2-300x170.jpg\" data-srcset=\"https:\/\/optex-asean.com\/wp-content\/uploads\/2019\/04\/car2-300x170.jpg 300w, https:\/\/optex-asean.com\/wp-content\/uploads\/2019\/04\/car2-361x204.jpg 361w\" loading=\"eager\" style=\"--ratio: 300 \/ 170\" sizes=\"(max-width: 300px) 100vw, 300px\" width=\"300\" height=\"170\"  data-dt-location=\"https:\/\/optex-asean.com\/car2-2\/\" alt=\"\" \/><\/a><\/div><\/div><\/div><span id=\"creative-link-wrap-9391\" class=\"ult_main_cl ult-adjust-bottom-margin  \" >\n\t \t\t\t<span class=\"  ult_crlink\" >\n\t\t\t\t\t<a  data-ultimate-target='#creative-link-wrap-9391 .ult_colorlink'  data-responsive-json-new='{\"font-size\":\"desktop:22px;\",\"line-height\":\"desktop:30px;\"}'  href=\"https:\/\/optex-asean.com\/vi\/car_parking\/\" title=\"C\u1ea3m bi\u1ebfn \u0110\u1ed7 \u00d4 t\u00f4\"  class=\"ult_colorlink ult-responsive  vc_custom_1677203322286\" style=\"font-family:Catamaran;font-weight:500; \"  data-textcolor=\"#000000\" data-texthover=\"#1e73be\"data-style=\"\">\n\t\t\t\t\t\t\n\t\t\t\t\t\t<span data-hover=\"C\u1ea3m bi\u1ebfn B\u00e3i \u0111\u1eadu xe \u00f4 t\u00f4\" style=\"color:#000000;;;\" class=\"ult_btn10_span   \">C\u1ea3m bi\u1ebfn B\u00e3i \u0111\u1eadu xe \u00f4 t\u00f4<\/span>\n\t\t\t\t\t\t\n\t\t\t\t\t<\/a>\n\t\t\t\t<\/span>\n\t\t\t<\/span>[\/vc_column][vc_column width=&#8221;1\/3&#8243; css=&#8221;.vc_custom_1602842707602{margin-top: 40px !important;}&#8221;]<style type=\"text\/css\" data-type=\"the7_shortcodes-inline-css\">.shortcode-single-image-wrap.shortcode-single-image-c7c869ce991a4c8553d4ffd3402f88a5.enable-bg-rollover .rollover i,\n.shortcode-single-image-wrap.shortcode-single-image-c7c869ce991a4c8553d4ffd3402f88a5.enable-bg-rollover .rollover-video i {\n  background: -webkit-linear-gradient();\n  background: linear-gradient();\n}\n.shortcode-single-image-wrap.shortcode-single-image-c7c869ce991a4c8553d4ffd3402f88a5 .rollover-icon {\n  font-size: 32px;\n  color: #ffffff;\n  min-width: 44px;\n  min-height: 44px;\n  line-height: 44px;\n  border-radius: 100px;\n  border-style: solid;\n  border-width: 0px;\n}\n.dt-icon-bg-on.shortcode-single-image-wrap.shortcode-single-image-c7c869ce991a4c8553d4ffd3402f88a5 .rollover-icon {\n  background: rgba(255,255,255,0.3);\n  box-shadow: none;\n}<\/style><div class=\"shortcode-single-image-wrap shortcode-single-image-c7c869ce991a4c8553d4ffd3402f88a5 alignnone  vc_custom_1675069105473 enable-bg-rollover dt-icon-bg-off scale-img\" ><div class=\"shortcode-single-image\"><div class=\"fancy-media-wrap\" style=\"\"><a href=\"https:\/\/optex-asean.com\/vi\/fa\/\" class=\" layzr-bg rollover\" style=\"\" aria-label=\"Image\"><img decoding=\"async\" class=\"preload-me lazy-load aspect\" src=\"data:image\/svg+xml,%3Csvg%20xmlns%3D&#39;http%3A%2F%2Fwww.w3.org%2F2000%2Fsvg&#39;%20viewBox%3D&#39;0%200%20300%20170&#39;%2F%3E\" data-src=\"https:\/\/optex-asean.com\/wp-content\/uploads\/2019\/03\/banner-fa-300x170.jpg\" data-srcset=\"https:\/\/optex-asean.com\/wp-content\/uploads\/2019\/03\/banner-fa-300x170.jpg 300w, https:\/\/optex-asean.com\/wp-content\/uploads\/2019\/03\/banner-fa-600x340.jpg 600w\" loading=\"eager\" style=\"--ratio: 300 \/ 170\" sizes=\"(max-width: 300px) 100vw, 300px\" width=\"300\" height=\"170\"  data-dt-location=\"https:\/\/optex-asean.com\/?attachment_id=303\" alt=\"image of Factory line\" \/><\/a><\/div><\/div><\/div><span id=\"creative-link-wrap-6165\" class=\"ult_main_cl ult-adjust-bottom-margin  \" >\n\t \t\t\t<span class=\"  ult_crlink\" >\n\t\t\t\t\t<a  data-ultimate-target='#creative-link-wrap-6165 .ult_colorlink'  data-responsive-json-new='{\"font-size\":\"desktop:22px;\",\"line-height\":\"desktop:30px;\"}'  href=\"https:\/\/optex-asean.com\/vi\/fa\/\" title=\"C\u1ea3m bi\u1ebfn t\u1ef1 \u0111\u1ed9ng h\u00f3a nh\u00e0 m\u00e1y\"  class=\"ult_colorlink ult-responsive  vc_custom_1675069114554\" style=\"font-family:Catamaran;font-weight:500; \"  data-textcolor=\"#000000\" data-texthover=\"#1e73be\"data-style=\"\">\n\t\t\t\t\t\t\n\t\t\t\t\t\t<span data-hover=\"C\u1ea3m bi\u1ebfn t\u1ef1 \u0111\u1ed9ng h\u00f3a nh\u00e0 m\u00e1y\" style=\"color:#000000;;;\" class=\"ult_btn10_span   \">C\u1ea3m bi\u1ebfn t\u1ef1 \u0111\u1ed9ng h\u00f3a nh\u00e0 m\u00e1y<\/span>\n\t\t\t\t\t\t\n\t\t\t\t\t<\/a>\n\t\t\t\t<\/span>\n\t\t\t<\/span>[\/vc_column][vc_column width=&#8221;1\/3&#8243; css=&#8221;.vc_custom_1602842713205{margin-top: 40px !important;}&#8221;][\/vc_column][\/vc_row]<\/p>\n<\/div>","protected":false},"excerpt":{"rendered":"<p>[vc_row full_width=&#8221;stretch_row&#8221; bg_type=&#8221;image&#8221; parallax_style=&#8221;vcpb-default&#8221; bg_image_new=&#8221;id^2978|url^https:\/\/optex-asean.com\/wp-content\/uploads\/2020\/10\/banner_products_1920x570.jpg|caption^null|alt^null|title^banner_products_1920x570|description^null&#8221; bg_image_repeat=&#8221;no-repeat&#8221; bg_override=&#8221;full&#8221; css=&#8221;.vc_custom_1604396475083{margin-bottom: 40px !important;padding-top: 180px !important;padding-bottom: 180px !important;}&#8221;][vc_column][\/vc_column][\/vc_row][vc_row][vc_column width=&#8221;1\/3&#8243;][\/vc_column][vc_column width=&#8221;1\/3&#8243;][\/vc_column][vc_column width=&#8221;1\/3&#8243;][\/vc_column][\/vc_row][vc_row][vc_column width=&#8221;1\/3&#8243; css=&#8221;.vc_custom_1602842641448{margin-top: 40px !important;}&#8221;][\/vc_column][vc_column width=&#8221;1\/3&#8243; css=&#8221;.vc_custom_1602842707602{margin-top: 40px !important;}&#8221;][\/vc_column][vc_column width=&#8221;1\/3&#8243; css=&#8221;.vc_custom_1602842713205{margin-top: 40px !important;}&#8221;][\/vc_column][\/vc_row]<\/p>\n","protected":false},"author":2,"featured_media":0,"parent":0,"menu_order":9,"comment_status":"closed","ping_status":"closed","template":"","meta":{"_acf_changed":false,"_locale":"vi","_original_post":"http:\/\/daichi.co.th\/optex\/?page_id=40","footnotes":""},"class_list":["post-9385","page","type-page","status-publish","hentry","vi","description-off"],"acf":[],"aioseo_notices":[],"_links":{"self":[{"href":"https:\/\/optex-asean.com\/wp-json\/wp\/v2\/pages\/9385","targetHints":{"allow":["GET"]}}],"collection":[{"href":"https:\/\/optex-asean.com\/wp-json\/wp\/v2\/pages"}],"about":[{"href":"https:\/\/optex-asean.com\/wp-json\/wp\/v2\/types\/page"}],"author":[{"embeddable":true,"href":"https:\/\/optex-asean.com\/wp-json\/wp\/v2\/users\/2"}],"replies":[{"embeddable":true,"href":"https:\/\/optex-asean.com\/wp-json\/wp\/v2\/comments?post=9385"}],"version-history":[{"count":1,"href":"https:\/\/optex-asean.com\/wp-json\/wp\/v2\/pages\/9385\/revisions"}],"predecessor-version":[{"id":20174,"href":"https:\/\/optex-asean.com\/wp-json\/wp\/v2\/pages\/9385\/revisions\/20174"}],"wp:attachment":[{"href":"https:\/\/optex-asean.com\/wp-json\/wp\/v2\/media?parent=9385"}],"curies":[{"name":"wp","href":"https:\/\/api.w.org\/{rel}","templated":true}]}}